{"id":10732,"date":"2020-02-07T14:38:53","date_gmt":"2020-02-07T14:38:53","guid":{"rendered":"https:\/\/www.metis-group.com\/?page_id=10732"},"modified":"2021-04-22T12:45:09","modified_gmt":"2021-04-22T12:45:09","slug":"natuerliche-ergebnisse-dc-synchrolight","status":"publish","type":"page","link":"https:\/\/www.metis-group.com\/de\/natuerliche-ergebnisse-dc-synchrolight","title":{"rendered":"Nat\u00fcrliche Ergebnisse \/ DC Synchrolight"},"content":{"rendered":"<p>[vc_row rt_row_background_width=&#8220;fullwidth&#8220; rt_row_content_width=&#8220;default&#8220; rt_row_style=&#8220;default-style&#8220; rt_row_borders=&#8220;&#8220; rt_row_paddings=&#8220;true&#8220; rt_bg_effect=&#8220;classic&#8220; rt_bg_image_repeat=&#8220;repeat&#8220; rt_bg_size=&#8220;cover&#8220; rt_bg_position=&#8220;right top&#8220; rt_bg_attachment=&#8220;scroll&#8220; rt_bg_video_format=&#8220;self-hosted&#8220; rt_padding_top=&#8220;70&#8243; rt_padding_bottom=&#8220;30&#8243;][vc_column width=&#8220;1\/2&#8243; rt_wrp_col_paddings=&#8220;false&#8220; rt_border_top=&#8220;&#8220; rt_border_bottom=&#8220;&#8220; rt_border_left=&#8220;&#8220; rt_border_right=&#8220;&#8220; rt_border_top_mobile=&#8220;&#8220; rt_border_bottom_mobile=&#8220;&#8220; rt_border_left_mobile=&#8220;&#8220; rt_border_right_mobile=&#8220;&#8220; rt_bg_image_repeat=&#8220;repeat&#8220; rt_bg_size=&#8220;auto auto&#8220; rt_bg_position=&#8220;right top&#8220; rt_bg_attachment=&#8220;scroll&#8220;]<div class=\"rt_heading_wrapper style-5\">\n\t\t\t\t\t\t<h3 class=\"rt_heading  style-5\" >Die Wichtigkeit der Beleuchtung!<\/h3>\n\t\t\t\t\t<\/div>[vc_column_text]<\/p>\n<p style=\"text-align: justify;\">Um die nat\u00fcrliche Essenz von Materialien \/ Kunst einzufangen, gibt es nichts Besseres als einen traditionellen fotografischen Ansatz (von optischen Konzepten bis zu Beleuchtungskonzepten).<\/p>\n<p style=\"text-align: justify;\">Eines unserer Ziele war es daher immer, \u201edie Kraft und Flexibilit\u00e4t eines Fotostudios auf unsere Scanner portieren zu k\u00f6nnen\u201c.<\/p>\n<p style=\"text-align: justify;\">Ein weiteres Ziel war: \u201eUnsere Scanner sollten ohne umfangreiche fotografische Kenntnisse bedient werden k\u00f6nnen\u201c.<\/p>\n<p style=\"text-align: justify;\">Vor allem die Beleuchtung stellte uns vor viele Herausforderungen, denn wir wollten auch:<\/p>\n<ul>\n<li style=\"text-align: justify;\">dass unsere Bilder das Ergebnis realer Lichtver\u00e4nderungen wie in einem realen Fotostudio sind;<\/li>\n<li style=\"text-align: justify;\">dass die Scanner-Beleuchtung in der Lage ist, sich automatisch und ohne physische Interaktion des Bedieners einzustellen.<\/li>\n<\/ul>\n<p>[\/vc_column_text][\/vc_column][vc_column width=&#8220;1\/2&#8243; rt_wrp_col_paddings=&#8220;false&#8220; rt_border_top=&#8220;&#8220; rt_border_bottom=&#8220;&#8220; rt_border_left=&#8220;&#8220; rt_border_right=&#8220;&#8220; rt_border_top_mobile=&#8220;&#8220; rt_border_bottom_mobile=&#8220;&#8220; rt_border_left_mobile=&#8220;&#8220; rt_border_right_mobile=&#8220;&#8220; rt_bg_image_repeat=&#8220;repeat&#8220; rt_bg_size=&#8220;auto auto&#8220; rt_bg_position=&#8220;right top&#8220; rt_bg_attachment=&#8220;scroll&#8220;][vc_single_image image=&#8220;3908&#8243; img_size=&#8220;full&#8220;][\/vc_column][\/vc_row][vc_row rt_row_background_width=&#8220;default&#8220; rt_row_style=&#8220;default-style&#8220; rt_row_borders=&#8220;&#8220; rt_row_paddings=&#8220;true&#8220; rt_bg_effect=&#8220;classic&#8220; rt_bg_image_repeat=&#8220;repeat&#8220; rt_bg_size=&#8220;cover&#8220; rt_bg_position=&#8220;right top&#8220; rt_bg_attachment=&#8220;scroll&#8220; rt_bg_video_format=&#8220;self-hosted&#8220; rt_padding_top=&#8220;10&#8243; rt_padding_bottom=&#8220;50&#8243;][vc_column width=&#8220;1\/2&#8243; rt_wrp_col_paddings=&#8220;false&#8220; rt_border_top=&#8220;&#8220; rt_border_bottom=&#8220;&#8220; rt_border_left=&#8220;&#8220; rt_border_right=&#8220;&#8220; rt_border_top_mobile=&#8220;&#8220; rt_border_bottom_mobile=&#8220;&#8220; rt_border_left_mobile=&#8220;&#8220; rt_border_right_mobile=&#8220;&#8220; rt_bg_image_repeat=&#8220;repeat&#8220; rt_bg_size=&#8220;auto auto&#8220; rt_bg_position=&#8220;right top&#8220; rt_bg_attachment=&#8220;scroll&#8220;][vc_empty_space height=&#8220;30px&#8220;]<div class=\"rt_heading_wrapper style-5\">\n\t\t\t\t\t\t<h3 class=\"rt_heading  style-5\" >DC Synchrolight<\/h3>\n\t\t\t\t\t<\/div>[vc_column_text]<\/p>\n<p style=\"text-align: justify;\">Trotz allem ist nicht gerade trivial, was wir wollten und auch seit 2010 erreicht haben:<\/p>\n<ul>\n<li style=\"text-align: justify;\">ein neues patentiertes Beleuchtungssystem (DC-SynchroLight), welches die technischen Probleme bei der Realisierung einer Studiobeleuchtung l\u00f6st. Auf diese Weise k\u00f6nnen alle m\u00f6glichen Lichtrichtungen und deren Auftreffen auf die zu scannende Original-Oberfl\u00e4che exakt gesteuert werden (einschlie\u00dflich einer nat\u00fcrlichen dreidimensionalen Anmutung);<\/li>\n<li style=\"text-align: justify;\">eine ausgereifte Software, die sich um den technischen Teil k\u00fcmmert und es dem Benutzer erm\u00f6glicht, sich voll und ganz auf die Ergebnisse konzentrieren zu k\u00f6nnen, die er erzielen m\u00f6chte, und nicht darauf, wie diese Ergebnisse erzielt werden k\u00f6nnen.<\/li>\n<\/ul>\n<p>[\/vc_column_text][\/vc_column][vc_column width=&#8220;1\/2&#8243; rt_wrp_col_paddings=&#8220;false&#8220; rt_border_top=&#8220;&#8220; rt_border_bottom=&#8220;&#8220; rt_border_left=&#8220;&#8220; rt_border_right=&#8220;&#8220; rt_border_top_mobile=&#8220;&#8220; rt_border_bottom_mobile=&#8220;&#8220; rt_border_left_mobile=&#8220;&#8220; rt_border_right_mobile=&#8220;&#8220; rt_bg_image_repeat=&#8220;repeat&#8220; rt_bg_size=&#8220;auto auto&#8220; rt_bg_position=&#8220;right top&#8220; rt_bg_attachment=&#8220;scroll&#8220;][vc_single_image image=&#8220;10726&#8243; img_size=&#8220;large&#8220; alignment=&#8220;center&#8220;][\/vc_column][\/vc_row]<\/p>\n","protected":false},"excerpt":{"rendered":"<p>[vc_row rt_row_background_width=&#8220;fullwidth&#8220; rt_row_content_width=&#8220;default&#8220; rt_row_style=&#8220;default-style&#8220; rt_row_borders=&#8220;&#8220; rt_row_paddings=&#8220;true&#8220; rt_bg_effect=&#8220;classic&#8220; rt_bg_image_repeat=&#8220;repeat&#8220; rt_bg_size=&#8220;cover&#8220; rt_bg_position=&#8220;right top&#8220; rt_bg_attachment=&#8220;scroll&#8220; rt_bg_video_format=&#8220;self-hosted&#8220; rt_padding_top=&#8220;70&#8243; rt_padding_bottom=&#8220;30&#8243;][vc_column width=&#8220;1\/2&#8243; rt_wrp_col_paddings=&#8220;false&#8220; rt_border_top=&#8220;&#8220; rt_border_bottom=&#8220;&#8220; rt_border_left=&#8220;&#8220; rt_border_right=&#8220;&#8220; rt_border_top_mobile=&#8220;&#8220; rt_border_bottom_mobile=&#8220;&#8220; rt_border_left_mobile=&#8220;&#8220; rt_border_right_mobile=&#8220;&#8220; rt_bg_image_repeat=&#8220;repeat&#8220; rt_bg_size=&#8220;auto auto&#8220; rt_bg_position=&#8220;right top&#8220; rt_bg_attachment=&#8220;scroll&#8220;][vc_column_text] Um die nat\u00fcrliche Essenz von Materialien \/ Kunst einzufangen, gibt es nichts Besseres als einen traditionellen fotografischen Ansatz (von optischen Konzepten bis zu Beleuchtungskonzepten). [&hellip;]<\/p>\n","protected":false},"author":3,"featured_media":0,"parent":0,"menu_order":0,"comment_status":"closed","ping_status":"closed","template":"","meta":{"footnotes":""},"class_list":["post-10732","page","type-page","status-publish","hentry"],"yoast_head":"<!-- This site is optimized with the Yoast SEO plugin v24.2 - https:\/\/yoast.com\/wordpress\/plugins\/seo\/ -->\n<title>Nat\u00fcrliche Ergebnisse \/ DC Synchrolight - METIS<\/title>\n<meta name=\"robots\" content=\"index, follow, max-snippet:-1, max-image-preview:large, max-video-preview:-1\" \/>\n<link rel=\"canonical\" href=\"https:\/\/www.metis-group.com\/de\/natuerliche-ergebnisse-dc-synchrolight\" \/>\n<meta property=\"og:locale\" content=\"de_DE\" \/>\n<meta property=\"og:type\" content=\"article\" \/>\n<meta property=\"og:title\" content=\"Nat\u00fcrliche Ergebnisse \/ DC Synchrolight - METIS\" \/>\n<meta property=\"og:description\" content=\"[vc_row rt_row_background_width=&#8220;fullwidth&#8220; rt_row_content_width=&#8220;default&#8220; rt_row_style=&#8220;default-style&#8220; rt_row_borders=&#8220;&#8220; rt_row_paddings=&#8220;true&#8220; rt_bg_effect=&#8220;classic&#8220; rt_bg_image_repeat=&#8220;repeat&#8220; rt_bg_size=&#8220;cover&#8220; rt_bg_position=&#8220;right top&#8220; rt_bg_attachment=&#8220;scroll&#8220; rt_bg_video_format=&#8220;self-hosted&#8220; rt_padding_top=&#8220;70&#8243; rt_padding_bottom=&#8220;30&#8243;][vc_column width=&#8220;1\/2&#8243; rt_wrp_col_paddings=&#8220;false&#8220; rt_border_top=&#8220;&#8220; rt_border_bottom=&#8220;&#8220; rt_border_left=&#8220;&#8220; rt_border_right=&#8220;&#8220; rt_border_top_mobile=&#8220;&#8220; rt_border_bottom_mobile=&#8220;&#8220; rt_border_left_mobile=&#8220;&#8220; rt_border_right_mobile=&#8220;&#8220; rt_bg_image_repeat=&#8220;repeat&#8220; rt_bg_size=&#8220;auto auto&#8220; rt_bg_position=&#8220;right top&#8220; rt_bg_attachment=&#8220;scroll&#8220;][vc_column_text] Um die nat\u00fcrliche Essenz von Materialien \/ Kunst einzufangen, gibt es nichts Besseres als einen traditionellen fotografischen Ansatz (von optischen Konzepten bis zu Beleuchtungskonzepten). [&hellip;]\" \/>\n<meta property=\"og:url\" content=\"https:\/\/www.metis-group.com\/de\/natuerliche-ergebnisse-dc-synchrolight\" \/>\n<meta property=\"og:site_name\" content=\"METIS\" \/>\n<meta property=\"article:modified_time\" content=\"2021-04-22T12:45:09+00:00\" \/>\n<meta name=\"twitter:card\" content=\"summary_large_image\" \/>\n<meta name=\"twitter:label1\" content=\"Gesch\u00e4tzte Lesezeit\" \/>\n\t<meta name=\"twitter:data1\" content=\"2\u00a0Minuten\" \/>\n<script type=\"application\/ld+json\" class=\"yoast-schema-graph\">{\"@context\":\"https:\/\/schema.org\",\"@graph\":[{\"@type\":\"WebPage\",\"@id\":\"https:\/\/www.metis-group.com\/de\/natuerliche-ergebnisse-dc-synchrolight\",\"url\":\"https:\/\/www.metis-group.com\/de\/natuerliche-ergebnisse-dc-synchrolight\",\"name\":\"Nat\u00fcrliche Ergebnisse \/ DC Synchrolight - METIS\",\"isPartOf\":{\"@id\":\"https:\/\/www.metis-group.com\/#website\"},\"datePublished\":\"2020-02-07T14:38:53+00:00\",\"dateModified\":\"2021-04-22T12:45:09+00:00\",\"breadcrumb\":{\"@id\":\"https:\/\/www.metis-group.com\/de\/natuerliche-ergebnisse-dc-synchrolight#breadcrumb\"},\"inLanguage\":\"de\",\"potentialAction\":[{\"@type\":\"ReadAction\",\"target\":[\"https:\/\/www.metis-group.com\/de\/natuerliche-ergebnisse-dc-synchrolight\"]}]},{\"@type\":\"BreadcrumbList\",\"@id\":\"https:\/\/www.metis-group.com\/de\/natuerliche-ergebnisse-dc-synchrolight#breadcrumb\",\"itemListElement\":[{\"@type\":\"ListItem\",\"position\":1,\"name\":\"Home\",\"item\":\"https:\/\/www.metis-group.com\/de\"},{\"@type\":\"ListItem\",\"position\":2,\"name\":\"Nat\u00fcrliche Ergebnisse \/ DC Synchrolight\"}]},{\"@type\":\"WebSite\",\"@id\":\"https:\/\/www.metis-group.com\/#website\",\"url\":\"https:\/\/www.metis-group.com\/\",\"name\":\"METIS\",\"description\":\"High Quality Scanners\",\"publisher\":{\"@id\":\"https:\/\/www.metis-group.com\/#organization\"},\"potentialAction\":[{\"@type\":\"SearchAction\",\"target\":{\"@type\":\"EntryPoint\",\"urlTemplate\":\"https:\/\/www.metis-group.com\/?s={search_term_string}\"},\"query-input\":{\"@type\":\"PropertyValueSpecification\",\"valueRequired\":true,\"valueName\":\"search_term_string\"}}],\"inLanguage\":\"de\"},{\"@type\":\"Organization\",\"@id\":\"https:\/\/www.metis-group.com\/#organization\",\"name\":\"Metis Systems srl\",\"url\":\"https:\/\/www.metis-group.com\/\",\"logo\":{\"@type\":\"ImageObject\",\"inLanguage\":\"de\",\"@id\":\"https:\/\/www.metis-group.com\/#\/schema\/logo\/image\/\",\"url\":\"\",\"contentUrl\":\"\",\"caption\":\"Metis Systems srl\"},\"image\":{\"@id\":\"https:\/\/www.metis-group.com\/#\/schema\/logo\/image\/\"},\"sameAs\":[\"https:\/\/www.youtube.com\/user\/MetisDigital\"]}]}<\/script>\n<!-- \/ Yoast SEO plugin. -->","yoast_head_json":{"title":"Nat\u00fcrliche Ergebnisse \/ DC Synchrolight - METIS","robots":{"index":"index","follow":"follow","max-snippet":"max-snippet:-1","max-image-preview":"max-image-preview:large","max-video-preview":"max-video-preview:-1"},"canonical":"https:\/\/www.metis-group.com\/de\/natuerliche-ergebnisse-dc-synchrolight","og_locale":"de_DE","og_type":"article","og_title":"Nat\u00fcrliche Ergebnisse \/ DC Synchrolight - METIS","og_description":"[vc_row rt_row_background_width=&#8220;fullwidth&#8220; rt_row_content_width=&#8220;default&#8220; rt_row_style=&#8220;default-style&#8220; rt_row_borders=&#8220;&#8220; rt_row_paddings=&#8220;true&#8220; rt_bg_effect=&#8220;classic&#8220; rt_bg_image_repeat=&#8220;repeat&#8220; rt_bg_size=&#8220;cover&#8220; rt_bg_position=&#8220;right top&#8220; rt_bg_attachment=&#8220;scroll&#8220; rt_bg_video_format=&#8220;self-hosted&#8220; rt_padding_top=&#8220;70&#8243; rt_padding_bottom=&#8220;30&#8243;][vc_column width=&#8220;1\/2&#8243; rt_wrp_col_paddings=&#8220;false&#8220; rt_border_top=&#8220;&#8220; rt_border_bottom=&#8220;&#8220; rt_border_left=&#8220;&#8220; rt_border_right=&#8220;&#8220; rt_border_top_mobile=&#8220;&#8220; rt_border_bottom_mobile=&#8220;&#8220; rt_border_left_mobile=&#8220;&#8220; rt_border_right_mobile=&#8220;&#8220; rt_bg_image_repeat=&#8220;repeat&#8220; rt_bg_size=&#8220;auto auto&#8220; rt_bg_position=&#8220;right top&#8220; rt_bg_attachment=&#8220;scroll&#8220;][vc_column_text] Um die nat\u00fcrliche Essenz von Materialien \/ Kunst einzufangen, gibt es nichts Besseres als einen traditionellen fotografischen Ansatz (von optischen Konzepten bis zu Beleuchtungskonzepten). [&hellip;]","og_url":"https:\/\/www.metis-group.com\/de\/natuerliche-ergebnisse-dc-synchrolight","og_site_name":"METIS","article_modified_time":"2021-04-22T12:45:09+00:00","twitter_card":"summary_large_image","twitter_misc":{"Gesch\u00e4tzte Lesezeit":"2\u00a0Minuten"},"schema":{"@context":"https:\/\/schema.org","@graph":[{"@type":"WebPage","@id":"https:\/\/www.metis-group.com\/de\/natuerliche-ergebnisse-dc-synchrolight","url":"https:\/\/www.metis-group.com\/de\/natuerliche-ergebnisse-dc-synchrolight","name":"Nat\u00fcrliche Ergebnisse \/ DC Synchrolight - METIS","isPartOf":{"@id":"https:\/\/www.metis-group.com\/#website"},"datePublished":"2020-02-07T14:38:53+00:00","dateModified":"2021-04-22T12:45:09+00:00","breadcrumb":{"@id":"https:\/\/www.metis-group.com\/de\/natuerliche-ergebnisse-dc-synchrolight#breadcrumb"},"inLanguage":"de","potentialAction":[{"@type":"ReadAction","target":["https:\/\/www.metis-group.com\/de\/natuerliche-ergebnisse-dc-synchrolight"]}]},{"@type":"BreadcrumbList","@id":"https:\/\/www.metis-group.com\/de\/natuerliche-ergebnisse-dc-synchrolight#breadcrumb","itemListElement":[{"@type":"ListItem","position":1,"name":"Home","item":"https:\/\/www.metis-group.com\/de"},{"@type":"ListItem","position":2,"name":"Nat\u00fcrliche Ergebnisse \/ DC Synchrolight"}]},{"@type":"WebSite","@id":"https:\/\/www.metis-group.com\/#website","url":"https:\/\/www.metis-group.com\/","name":"METIS","description":"High Quality Scanners","publisher":{"@id":"https:\/\/www.metis-group.com\/#organization"},"potentialAction":[{"@type":"SearchAction","target":{"@type":"EntryPoint","urlTemplate":"https:\/\/www.metis-group.com\/?s={search_term_string}"},"query-input":{"@type":"PropertyValueSpecification","valueRequired":true,"valueName":"search_term_string"}}],"inLanguage":"de"},{"@type":"Organization","@id":"https:\/\/www.metis-group.com\/#organization","name":"Metis Systems srl","url":"https:\/\/www.metis-group.com\/","logo":{"@type":"ImageObject","inLanguage":"de","@id":"https:\/\/www.metis-group.com\/#\/schema\/logo\/image\/","url":"","contentUrl":"","caption":"Metis Systems srl"},"image":{"@id":"https:\/\/www.metis-group.com\/#\/schema\/logo\/image\/"},"sameAs":["https:\/\/www.youtube.com\/user\/MetisDigital"]}]}},"_links":{"self":[{"href":"https:\/\/www.metis-group.com\/de\/wp-json\/wp\/v2\/pages\/10732","targetHints":{"allow":["GET"]}}],"collection":[{"href":"https:\/\/www.metis-group.com\/de\/wp-json\/wp\/v2\/pages"}],"about":[{"href":"https:\/\/www.metis-group.com\/de\/wp-json\/wp\/v2\/types\/page"}],"author":[{"embeddable":true,"href":"https:\/\/www.metis-group.com\/de\/wp-json\/wp\/v2\/users\/3"}],"replies":[{"embeddable":true,"href":"https:\/\/www.metis-group.com\/de\/wp-json\/wp\/v2\/comments?post=10732"}],"version-history":[{"count":9,"href":"https:\/\/www.metis-group.com\/de\/wp-json\/wp\/v2\/pages\/10732\/revisions"}],"predecessor-version":[{"id":18566,"href":"https:\/\/www.metis-group.com\/de\/wp-json\/wp\/v2\/pages\/10732\/revisions\/18566"}],"wp:attachment":[{"href":"https:\/\/www.metis-group.com\/de\/wp-json\/wp\/v2\/media?parent=10732"}],"curies":[{"name":"wp","href":"https:\/\/api.w.org\/{rel}","templated":true}]}}