{"id":10735,"date":"2020-02-07T14:47:08","date_gmt":"2020-02-07T14:47:08","guid":{"rendered":"https:\/\/www.metis-group.com\/?page_id=10735"},"modified":"2020-06-25T15:53:57","modified_gmt":"2020-06-25T15:53:57","slug":"visuelles-erscheinungsbild","status":"publish","type":"page","link":"https:\/\/www.metis-group.com\/de\/visuelles-erscheinungsbild","title":{"rendered":"Visuelles Erscheinungsbild"},"content":{"rendered":"<p>[vc_row rt_row_background_width=&#8220;fullwidth&#8220; rt_row_content_width=&#8220;default&#8220; rt_row_style=&#8220;default-style&#8220; rt_row_borders=&#8220;&#8220; rt_row_paddings=&#8220;true&#8220; rt_bg_effect=&#8220;classic&#8220; rt_bg_image_repeat=&#8220;repeat&#8220; rt_bg_size=&#8220;cover&#8220; rt_bg_position=&#8220;right top&#8220; rt_bg_attachment=&#8220;scroll&#8220; rt_bg_video_format=&#8220;self-hosted&#8220; rt_padding_top=&#8220;50&#8243; rt_padding_bottom=&#8220;50&#8243;][vc_column width=&#8220;1\/2&#8243; rt_wrp_col_paddings=&#8220;false&#8220; rt_border_top=&#8220;&#8220; rt_border_bottom=&#8220;&#8220; rt_border_left=&#8220;&#8220; rt_border_right=&#8220;&#8220; rt_border_top_mobile=&#8220;&#8220; rt_border_bottom_mobile=&#8220;&#8220; rt_border_left_mobile=&#8220;&#8220; rt_border_right_mobile=&#8220;&#8220; rt_bg_image_repeat=&#8220;repeat&#8220; rt_bg_size=&#8220;auto auto&#8220; rt_bg_position=&#8220;right top&#8220; rt_bg_attachment=&#8220;scroll&#8220;][vc_column_text]<\/p>\n<p style=\"text-align: justify;\">Wenn wir ein Objekt \/ Material \/ Kunst betrachten, kann sich unsere Wahrnehmung in Abh\u00e4ngigkeit von vielen Faktoren \u00e4ndern. Das Wichtigste sind der Betrachtungspunkt und die Beleuchtungsbedingungen.<\/p>\n<p style=\"text-align: justify;\">In einigen Anwendungen (z. B. im Dekor) ist die richtige visuelle Wahrnehmung ebenso wichtig wie die perfekte Farbtreue und optimale Aufl\u00f6sung. Wenn Sie das Wesentliche des Materials nicht erfassen k\u00f6nnen, k\u00f6nnen Sie es nicht richtig reproduzieren und auch nicht das Gef\u00fchl f\u00fcr das Originalmaterial in Ihre gescannten Bilder \u00fcbertragen.<\/p>\n<p style=\"text-align: justify;\">In einigen Anwendungen bedeutet das Erzielen eines korrekten visuellen Erscheinungsbildes, dass auch die Dreidimensionalit\u00e4t des Materials erfasst werden kann (visuelles &#8222;3D-Erscheinungsbild&#8220;). in anderen F\u00e4llen bedeutet dies, zwischen gl\u00e4nzendem und mattem Bereich unterscheiden zu k\u00f6nnen (z. B. um Golddetails in nat\u00fcrlicher Weise zum Gl\u00e4nzen zu bringen); In einigen anderen F\u00e4llen wird im Gegensatz dazu ein sehr flaches Ergebnis erwartet (z. B. bei der Reproduktion von Dokumenten, um die Lesbarkeit zu maximieren und die Auswirkung des Hintergrundmaterials zu minimieren). Eine einwandfreie Reproduktion \/ Digitalisierung kann daher nur erreicht werden, wenn das optische Erscheinungsbild je nach Material und gew\u00fcnschter Anwendung gesteuert und angepasst werden kann.<\/p>\n<p style=\"text-align: justify;\">Aus diesem Grund ist ein wichtiger Teil der Technologie, die wir bei METIS entwickeln, darauf ausgerichtet, eine erweiterte Anpassung des visuellen Erscheinungsbilds zu erm\u00f6glichen. Dies wird haupts\u00e4chlich durch das vom Scanner patentierte Beleuchtungssystem in Kombination mit der Software METIS Light Inspector erreicht, die eine Echtzeitbewertung verschiedener visueller Erscheinungsbilder durch eine umfassende Lichtsteuerung erm\u00f6glicht.<\/p>\n<p>[\/vc_column_text][\/vc_column][vc_column width=&#8220;1\/2&#8243; rt_wrp_col_paddings=&#8220;false&#8220; rt_border_top=&#8220;&#8220; rt_border_bottom=&#8220;&#8220; rt_border_left=&#8220;&#8220; rt_border_right=&#8220;&#8220; rt_border_top_mobile=&#8220;&#8220; rt_border_bottom_mobile=&#8220;&#8220; rt_border_left_mobile=&#8220;&#8220; rt_border_right_mobile=&#8220;&#8220; rt_bg_image_repeat=&#8220;repeat&#8220; rt_bg_size=&#8220;auto auto&#8220; rt_bg_position=&#8220;right top&#8220; rt_bg_attachment=&#8220;scroll&#8220;][vc_column_text]<iframe loading=\"lazy\" width=\"100%\" height=\"315\" src=\"https:\/\/www.youtube-nocookie.com\/embed\/494O48_mZEs?rel=0&showinfo=0\" frameborder=\"0\" allowfullscreen><\/iframe>[\/vc_column_text][\/vc_column][\/vc_row]<\/p>\n","protected":false},"excerpt":{"rendered":"<p>[vc_row rt_row_background_width=&#8220;fullwidth&#8220; rt_row_content_width=&#8220;default&#8220; rt_row_style=&#8220;default-style&#8220; rt_row_borders=&#8220;&#8220; rt_row_paddings=&#8220;true&#8220; rt_bg_effect=&#8220;classic&#8220; rt_bg_image_repeat=&#8220;repeat&#8220; rt_bg_size=&#8220;cover&#8220; rt_bg_position=&#8220;right top&#8220; rt_bg_attachment=&#8220;scroll&#8220; rt_bg_video_format=&#8220;self-hosted&#8220; rt_padding_top=&#8220;50&#8243; rt_padding_bottom=&#8220;50&#8243;][vc_column width=&#8220;1\/2&#8243; rt_wrp_col_paddings=&#8220;false&#8220; rt_border_top=&#8220;&#8220; rt_border_bottom=&#8220;&#8220; rt_border_left=&#8220;&#8220; rt_border_right=&#8220;&#8220; rt_border_top_mobile=&#8220;&#8220; rt_border_bottom_mobile=&#8220;&#8220; rt_border_left_mobile=&#8220;&#8220; rt_border_right_mobile=&#8220;&#8220; rt_bg_image_repeat=&#8220;repeat&#8220; rt_bg_size=&#8220;auto auto&#8220; rt_bg_position=&#8220;right top&#8220; rt_bg_attachment=&#8220;scroll&#8220;][vc_column_text] Wenn wir ein Objekt \/ Material \/ Kunst betrachten, kann sich unsere Wahrnehmung in Abh\u00e4ngigkeit von vielen Faktoren \u00e4ndern. Das Wichtigste sind der Betrachtungspunkt [&hellip;]<\/p>\n","protected":false},"author":3,"featured_media":10789,"parent":0,"menu_order":0,"comment_status":"closed","ping_status":"closed","template":"","meta":{"footnotes":""},"class_list":["post-10735","page","type-page","status-publish","has-post-thumbnail","hentry"],"yoast_head":"<!-- This site is optimized with the Yoast SEO plugin v24.2 - https:\/\/yoast.com\/wordpress\/plugins\/seo\/ -->\n<title>Visuelles Erscheinungsbild - METIS<\/title>\n<meta name=\"robots\" content=\"index, follow, max-snippet:-1, max-image-preview:large, max-video-preview:-1\" \/>\n<link rel=\"canonical\" href=\"https:\/\/www.metis-group.com\/de\/visuelles-erscheinungsbild\" \/>\n<meta property=\"og:locale\" content=\"de_DE\" \/>\n<meta property=\"og:type\" content=\"article\" \/>\n<meta property=\"og:title\" content=\"Visuelles Erscheinungsbild - METIS\" \/>\n<meta property=\"og:description\" content=\"[vc_row rt_row_background_width=&#8220;fullwidth&#8220; rt_row_content_width=&#8220;default&#8220; rt_row_style=&#8220;default-style&#8220; rt_row_borders=&#8220;&#8220; rt_row_paddings=&#8220;true&#8220; rt_bg_effect=&#8220;classic&#8220; rt_bg_image_repeat=&#8220;repeat&#8220; rt_bg_size=&#8220;cover&#8220; rt_bg_position=&#8220;right top&#8220; rt_bg_attachment=&#8220;scroll&#8220; rt_bg_video_format=&#8220;self-hosted&#8220; rt_padding_top=&#8220;50&#8243; rt_padding_bottom=&#8220;50&#8243;][vc_column width=&#8220;1\/2&#8243; rt_wrp_col_paddings=&#8220;false&#8220; rt_border_top=&#8220;&#8220; rt_border_bottom=&#8220;&#8220; rt_border_left=&#8220;&#8220; rt_border_right=&#8220;&#8220; rt_border_top_mobile=&#8220;&#8220; rt_border_bottom_mobile=&#8220;&#8220; rt_border_left_mobile=&#8220;&#8220; rt_border_right_mobile=&#8220;&#8220; rt_bg_image_repeat=&#8220;repeat&#8220; rt_bg_size=&#8220;auto auto&#8220; rt_bg_position=&#8220;right top&#8220; rt_bg_attachment=&#8220;scroll&#8220;][vc_column_text] Wenn wir ein Objekt \/ Material \/ Kunst betrachten, kann sich unsere Wahrnehmung in Abh\u00e4ngigkeit von vielen Faktoren \u00e4ndern. Das Wichtigste sind der Betrachtungspunkt [&hellip;]\" \/>\n<meta property=\"og:url\" content=\"https:\/\/www.metis-group.com\/de\/visuelles-erscheinungsbild\" \/>\n<meta property=\"og:site_name\" content=\"METIS\" \/>\n<meta property=\"article:modified_time\" content=\"2020-06-25T15:53:57+00:00\" \/>\n<meta property=\"og:image\" content=\"https:\/\/www.metis-group.com\/wp-content\/uploads\/2020\/02\/Visual-Appearance.jpg\" \/>\n\t<meta property=\"og:image:width\" content=\"1920\" \/>\n\t<meta property=\"og:image:height\" content=\"951\" \/>\n\t<meta property=\"og:image:type\" content=\"image\/jpeg\" \/>\n<meta name=\"twitter:card\" content=\"summary_large_image\" \/>\n<meta name=\"twitter:label1\" content=\"Gesch\u00e4tzte Lesezeit\" \/>\n\t<meta name=\"twitter:data1\" content=\"2\u00a0Minuten\" \/>\n<script type=\"application\/ld+json\" class=\"yoast-schema-graph\">{\"@context\":\"https:\/\/schema.org\",\"@graph\":[{\"@type\":\"WebPage\",\"@id\":\"https:\/\/www.metis-group.com\/de\/visuelles-erscheinungsbild\",\"url\":\"https:\/\/www.metis-group.com\/de\/visuelles-erscheinungsbild\",\"name\":\"Visuelles Erscheinungsbild - METIS\",\"isPartOf\":{\"@id\":\"https:\/\/www.metis-group.com\/#website\"},\"primaryImageOfPage\":{\"@id\":\"https:\/\/www.metis-group.com\/de\/visuelles-erscheinungsbild#primaryimage\"},\"image\":{\"@id\":\"https:\/\/www.metis-group.com\/de\/visuelles-erscheinungsbild#primaryimage\"},\"thumbnailUrl\":\"https:\/\/www.metis-group.com\/wp-content\/uploads\/2020\/02\/Visual-Appearance.jpg\",\"datePublished\":\"2020-02-07T14:47:08+00:00\",\"dateModified\":\"2020-06-25T15:53:57+00:00\",\"breadcrumb\":{\"@id\":\"https:\/\/www.metis-group.com\/de\/visuelles-erscheinungsbild#breadcrumb\"},\"inLanguage\":\"de\",\"potentialAction\":[{\"@type\":\"ReadAction\",\"target\":[\"https:\/\/www.metis-group.com\/de\/visuelles-erscheinungsbild\"]}]},{\"@type\":\"ImageObject\",\"inLanguage\":\"de\",\"@id\":\"https:\/\/www.metis-group.com\/de\/visuelles-erscheinungsbild#primaryimage\",\"url\":\"https:\/\/www.metis-group.com\/wp-content\/uploads\/2020\/02\/Visual-Appearance.jpg\",\"contentUrl\":\"https:\/\/www.metis-group.com\/wp-content\/uploads\/2020\/02\/Visual-Appearance.jpg\",\"width\":1920,\"height\":951,\"caption\":\"Exported from Metis Light Inspecto\"},{\"@type\":\"BreadcrumbList\",\"@id\":\"https:\/\/www.metis-group.com\/de\/visuelles-erscheinungsbild#breadcrumb\",\"itemListElement\":[{\"@type\":\"ListItem\",\"position\":1,\"name\":\"Home\",\"item\":\"https:\/\/www.metis-group.com\/de\"},{\"@type\":\"ListItem\",\"position\":2,\"name\":\"Visuelles Erscheinungsbild\"}]},{\"@type\":\"WebSite\",\"@id\":\"https:\/\/www.metis-group.com\/#website\",\"url\":\"https:\/\/www.metis-group.com\/\",\"name\":\"METIS\",\"description\":\"High Quality Scanners\",\"publisher\":{\"@id\":\"https:\/\/www.metis-group.com\/#organization\"},\"potentialAction\":[{\"@type\":\"SearchAction\",\"target\":{\"@type\":\"EntryPoint\",\"urlTemplate\":\"https:\/\/www.metis-group.com\/?s={search_term_string}\"},\"query-input\":{\"@type\":\"PropertyValueSpecification\",\"valueRequired\":true,\"valueName\":\"search_term_string\"}}],\"inLanguage\":\"de\"},{\"@type\":\"Organization\",\"@id\":\"https:\/\/www.metis-group.com\/#organization\",\"name\":\"Metis Systems srl\",\"url\":\"https:\/\/www.metis-group.com\/\",\"logo\":{\"@type\":\"ImageObject\",\"inLanguage\":\"de\",\"@id\":\"https:\/\/www.metis-group.com\/#\/schema\/logo\/image\/\",\"url\":\"\",\"contentUrl\":\"\",\"caption\":\"Metis Systems srl\"},\"image\":{\"@id\":\"https:\/\/www.metis-group.com\/#\/schema\/logo\/image\/\"},\"sameAs\":[\"https:\/\/www.youtube.com\/user\/MetisDigital\"]}]}<\/script>\n<!-- \/ Yoast SEO plugin. -->","yoast_head_json":{"title":"Visuelles Erscheinungsbild - METIS","robots":{"index":"index","follow":"follow","max-snippet":"max-snippet:-1","max-image-preview":"max-image-preview:large","max-video-preview":"max-video-preview:-1"},"canonical":"https:\/\/www.metis-group.com\/de\/visuelles-erscheinungsbild","og_locale":"de_DE","og_type":"article","og_title":"Visuelles Erscheinungsbild - METIS","og_description":"[vc_row rt_row_background_width=&#8220;fullwidth&#8220; rt_row_content_width=&#8220;default&#8220; rt_row_style=&#8220;default-style&#8220; rt_row_borders=&#8220;&#8220; rt_row_paddings=&#8220;true&#8220; rt_bg_effect=&#8220;classic&#8220; rt_bg_image_repeat=&#8220;repeat&#8220; rt_bg_size=&#8220;cover&#8220; rt_bg_position=&#8220;right top&#8220; rt_bg_attachment=&#8220;scroll&#8220; rt_bg_video_format=&#8220;self-hosted&#8220; rt_padding_top=&#8220;50&#8243; rt_padding_bottom=&#8220;50&#8243;][vc_column width=&#8220;1\/2&#8243; rt_wrp_col_paddings=&#8220;false&#8220; rt_border_top=&#8220;&#8220; rt_border_bottom=&#8220;&#8220; rt_border_left=&#8220;&#8220; rt_border_right=&#8220;&#8220; rt_border_top_mobile=&#8220;&#8220; rt_border_bottom_mobile=&#8220;&#8220; rt_border_left_mobile=&#8220;&#8220; rt_border_right_mobile=&#8220;&#8220; rt_bg_image_repeat=&#8220;repeat&#8220; rt_bg_size=&#8220;auto auto&#8220; rt_bg_position=&#8220;right top&#8220; rt_bg_attachment=&#8220;scroll&#8220;][vc_column_text] Wenn wir ein Objekt \/ Material \/ Kunst betrachten, kann sich unsere Wahrnehmung in Abh\u00e4ngigkeit von vielen Faktoren \u00e4ndern. Das Wichtigste sind der Betrachtungspunkt [&hellip;]","og_url":"https:\/\/www.metis-group.com\/de\/visuelles-erscheinungsbild","og_site_name":"METIS","article_modified_time":"2020-06-25T15:53:57+00:00","og_image":[{"width":1920,"height":951,"url":"https:\/\/www.metis-group.com\/wp-content\/uploads\/2020\/02\/Visual-Appearance.jpg","type":"image\/jpeg"}],"twitter_card":"summary_large_image","twitter_misc":{"Gesch\u00e4tzte Lesezeit":"2\u00a0Minuten"},"schema":{"@context":"https:\/\/schema.org","@graph":[{"@type":"WebPage","@id":"https:\/\/www.metis-group.com\/de\/visuelles-erscheinungsbild","url":"https:\/\/www.metis-group.com\/de\/visuelles-erscheinungsbild","name":"Visuelles Erscheinungsbild - METIS","isPartOf":{"@id":"https:\/\/www.metis-group.com\/#website"},"primaryImageOfPage":{"@id":"https:\/\/www.metis-group.com\/de\/visuelles-erscheinungsbild#primaryimage"},"image":{"@id":"https:\/\/www.metis-group.com\/de\/visuelles-erscheinungsbild#primaryimage"},"thumbnailUrl":"https:\/\/www.metis-group.com\/wp-content\/uploads\/2020\/02\/Visual-Appearance.jpg","datePublished":"2020-02-07T14:47:08+00:00","dateModified":"2020-06-25T15:53:57+00:00","breadcrumb":{"@id":"https:\/\/www.metis-group.com\/de\/visuelles-erscheinungsbild#breadcrumb"},"inLanguage":"de","potentialAction":[{"@type":"ReadAction","target":["https:\/\/www.metis-group.com\/de\/visuelles-erscheinungsbild"]}]},{"@type":"ImageObject","inLanguage":"de","@id":"https:\/\/www.metis-group.com\/de\/visuelles-erscheinungsbild#primaryimage","url":"https:\/\/www.metis-group.com\/wp-content\/uploads\/2020\/02\/Visual-Appearance.jpg","contentUrl":"https:\/\/www.metis-group.com\/wp-content\/uploads\/2020\/02\/Visual-Appearance.jpg","width":1920,"height":951,"caption":"Exported from Metis Light Inspecto"},{"@type":"BreadcrumbList","@id":"https:\/\/www.metis-group.com\/de\/visuelles-erscheinungsbild#breadcrumb","itemListElement":[{"@type":"ListItem","position":1,"name":"Home","item":"https:\/\/www.metis-group.com\/de"},{"@type":"ListItem","position":2,"name":"Visuelles Erscheinungsbild"}]},{"@type":"WebSite","@id":"https:\/\/www.metis-group.com\/#website","url":"https:\/\/www.metis-group.com\/","name":"METIS","description":"High Quality Scanners","publisher":{"@id":"https:\/\/www.metis-group.com\/#organization"},"potentialAction":[{"@type":"SearchAction","target":{"@type":"EntryPoint","urlTemplate":"https:\/\/www.metis-group.com\/?s={search_term_string}"},"query-input":{"@type":"PropertyValueSpecification","valueRequired":true,"valueName":"search_term_string"}}],"inLanguage":"de"},{"@type":"Organization","@id":"https:\/\/www.metis-group.com\/#organization","name":"Metis Systems srl","url":"https:\/\/www.metis-group.com\/","logo":{"@type":"ImageObject","inLanguage":"de","@id":"https:\/\/www.metis-group.com\/#\/schema\/logo\/image\/","url":"","contentUrl":"","caption":"Metis Systems srl"},"image":{"@id":"https:\/\/www.metis-group.com\/#\/schema\/logo\/image\/"},"sameAs":["https:\/\/www.youtube.com\/user\/MetisDigital"]}]}},"_links":{"self":[{"href":"https:\/\/www.metis-group.com\/de\/wp-json\/wp\/v2\/pages\/10735","targetHints":{"allow":["GET"]}}],"collection":[{"href":"https:\/\/www.metis-group.com\/de\/wp-json\/wp\/v2\/pages"}],"about":[{"href":"https:\/\/www.metis-group.com\/de\/wp-json\/wp\/v2\/types\/page"}],"author":[{"embeddable":true,"href":"https:\/\/www.metis-group.com\/de\/wp-json\/wp\/v2\/users\/3"}],"replies":[{"embeddable":true,"href":"https:\/\/www.metis-group.com\/de\/wp-json\/wp\/v2\/comments?post=10735"}],"version-history":[{"count":7,"href":"https:\/\/www.metis-group.com\/de\/wp-json\/wp\/v2\/pages\/10735\/revisions"}],"predecessor-version":[{"id":14321,"href":"https:\/\/www.metis-group.com\/de\/wp-json\/wp\/v2\/pages\/10735\/revisions\/14321"}],"wp:featuredmedia":[{"embeddable":true,"href":"https:\/\/www.metis-group.com\/de\/wp-json\/wp\/v2\/media\/10789"}],"wp:attachment":[{"href":"https:\/\/www.metis-group.com\/de\/wp-json\/wp\/v2\/media?parent=10735"}],"curies":[{"name":"wp","href":"https:\/\/api.w.org\/{rel}","templated":true}]}}