{"id":10827,"date":"2020-02-10T10:34:25","date_gmt":"2020-02-10T10:34:25","guid":{"rendered":"https:\/\/www.metis-group.com\/?page_id=10827"},"modified":"2021-04-28T07:38:27","modified_gmt":"2021-04-28T07:38:27","slug":"glanz-auszug","status":"publish","type":"page","link":"https:\/\/www.metis-group.com\/de\/glanz-auszug","title":{"rendered":"Glanz-Auszug"},"content":{"rendered":"<p>[vc_row rt_row_background_width=&#8220;fullwidth&#8220; rt_row_content_width=&#8220;default&#8220; rt_row_style=&#8220;default-style&#8220; rt_row_borders=&#8220;&#8220; rt_row_paddings=&#8220;true&#8220; rt_bg_effect=&#8220;classic&#8220; rt_bg_image_repeat=&#8220;repeat&#8220; rt_bg_size=&#8220;cover&#8220; rt_bg_position=&#8220;right top&#8220; rt_bg_attachment=&#8220;scroll&#8220; rt_bg_video_format=&#8220;self-hosted&#8220; rt_padding_bottom=&#8220;50&#8243; rt_padding_top=&#8220;50&#8243;][vc_column width=&#8220;1\/2&#8243; rt_wrp_col_paddings=&#8220;false&#8220; rt_border_top=&#8220;&#8220; rt_border_bottom=&#8220;&#8220; rt_border_left=&#8220;&#8220; rt_border_right=&#8220;&#8220; rt_border_top_mobile=&#8220;&#8220; rt_border_bottom_mobile=&#8220;&#8220; rt_border_left_mobile=&#8220;&#8220; rt_border_right_mobile=&#8220;&#8220; rt_bg_image_repeat=&#8220;repeat&#8220; rt_bg_size=&#8220;auto auto&#8220; rt_bg_position=&#8220;right top&#8220; rt_bg_attachment=&#8220;scroll&#8220;][vc_column_text]<\/p>\n<p style=\"text-align: justify;\">Es ist eine der neuesten METIS-Errungenschaften, auch Glanzinformationen scannen und in verwendbare Daten \u00fcbersetzen zu k\u00f6nnen. <strong>Dies ist eine einzigartige Funktion, die nur bei METIS-Scannern verf\u00fcgbar ist<\/strong>.<\/p>\n<p style=\"text-align: justify;\">In der Praxis k\u00f6nnen einige Originale je nach dem zugrunde liegenden Material unterschiedliche Glanzgrade (auf partiell verschiedenen Fl\u00e4chen) aufweisen. Beispielsweise k\u00f6nnen in einem Gem\u00e4lde einige Bereiche gl\u00e4nzend und andere Bereiche matt sein, je nachdem, welchen Farbtyp der K\u00fcnstler f\u00fcr die verschiedenen Farben verwendet hat. Manchmal sind Metallanteille oder gl\u00e4nzende Partikel in bestimmten Bereichen des Originals vorhanden (z. B. ein Pergament mit Golddetails, eine Tapete mit gl\u00e4nzenden Flecken, ein Marmorstein).<\/p>\n<p style=\"text-align: justify;\">Die M\u00f6glichkeit, die verschiedenen Glanzgrade auf der Originaloberfl\u00e4che zu erfassen und abzubilden, erm\u00f6glicht viele neue Anwendungen sowie eine bessere und vollst\u00e4ndigere Darstellung und Reproduktion des gescannten Originals.<\/p>\n<p style=\"text-align: justify;\">M\u00f6gliche Verwendungen des Glanz-Auszuges:<\/p>\n<ul>\n<li style=\"text-align: justify;\">w\u00e4hrend des Druckvorgangs kann dem Druck &#8211; abh\u00e4ngig vom extrahierten Glanz-Auszug \u2013 partiell ein gl\u00e4nzendes oder mattes Finish hinzugef\u00fcgt werden;<\/li>\n<li style=\"text-align: justify;\">im Druckprozess k\u00f6nnen spezielle Tinten (z. B. Gold, Silber usw.) verwendet werden, die sich dem Glanz-Auszug entsprechend nur \u00fcber bestimmte Bereiche des Drucks erstrecken;<\/li>\n<li style=\"text-align: justify;\">In CGI-Anwendungen (3D-Rendering, 3D-Visualisierung, Generierung von 3D-Materialbibliotheken usw.) kann die Glossy-MAP verwendet werden, um die nat\u00fcrliche Reaktion auf das Licht des gescannten Materials \/ Originals nachzuahmen;<\/li>\n<li>Bei der Laserdirekt-Gravur kann mittels des Glanzauszuges auf dem Pr\u00e4ge-Zylinder ein Multi-Gloss (Matt\/Glanz) realisiert werden.<\/li>\n<\/ul>\n<p>[\/vc_column_text][\/vc_column][vc_column width=&#8220;1\/2&#8243; rt_wrp_col_paddings=&#8220;false&#8220; rt_border_top=&#8220;&#8220; rt_border_bottom=&#8220;&#8220; rt_border_left=&#8220;&#8220; rt_border_right=&#8220;&#8220; rt_border_top_mobile=&#8220;&#8220; rt_border_bottom_mobile=&#8220;&#8220; rt_border_left_mobile=&#8220;&#8220; rt_border_right_mobile=&#8220;&#8220; rt_bg_image_repeat=&#8220;repeat&#8220; rt_bg_size=&#8220;auto auto&#8220; rt_bg_position=&#8220;right top&#8220; rt_bg_attachment=&#8220;scroll&#8220;][vc_column_text]<iframe loading=\"lazy\" width=\"100%\" height=\"315\" src=\"https:\/\/www.youtube-nocookie.com\/embed\/Xszs_bCoH-Q?rel=0&showinfo=0\" frameborder=\"0\" allowfullscreen><\/iframe>[\/vc_column_text][\/vc_column][\/vc_row]<\/p>\n","protected":false},"excerpt":{"rendered":"<p>[vc_row rt_row_background_width=&#8220;fullwidth&#8220; rt_row_content_width=&#8220;default&#8220; rt_row_style=&#8220;default-style&#8220; rt_row_borders=&#8220;&#8220; rt_row_paddings=&#8220;true&#8220; rt_bg_effect=&#8220;classic&#8220; rt_bg_image_repeat=&#8220;repeat&#8220; rt_bg_size=&#8220;cover&#8220; rt_bg_position=&#8220;right top&#8220; rt_bg_attachment=&#8220;scroll&#8220; rt_bg_video_format=&#8220;self-hosted&#8220; rt_padding_bottom=&#8220;50&#8243; rt_padding_top=&#8220;50&#8243;][vc_column width=&#8220;1\/2&#8243; rt_wrp_col_paddings=&#8220;false&#8220; rt_border_top=&#8220;&#8220; rt_border_bottom=&#8220;&#8220; rt_border_left=&#8220;&#8220; rt_border_right=&#8220;&#8220; rt_border_top_mobile=&#8220;&#8220; rt_border_bottom_mobile=&#8220;&#8220; rt_border_left_mobile=&#8220;&#8220; rt_border_right_mobile=&#8220;&#8220; rt_bg_image_repeat=&#8220;repeat&#8220; rt_bg_size=&#8220;auto auto&#8220; rt_bg_position=&#8220;right top&#8220; rt_bg_attachment=&#8220;scroll&#8220;][vc_column_text] Es ist eine der neuesten METIS-Errungenschaften, auch Glanzinformationen scannen und in verwendbare Daten \u00fcbersetzen zu k\u00f6nnen. Dies ist eine einzigartige Funktion, die nur bei [&hellip;]<\/p>\n","protected":false},"author":3,"featured_media":10831,"parent":0,"menu_order":0,"comment_status":"closed","ping_status":"closed","template":"","meta":{"footnotes":""},"class_list":["post-10827","page","type-page","status-publish","has-post-thumbnail","hentry"],"yoast_head":"<!-- This site is optimized with the Yoast SEO plugin v24.2 - https:\/\/yoast.com\/wordpress\/plugins\/seo\/ -->\n<title>Glanz-Auszug - METIS<\/title>\n<meta name=\"robots\" content=\"index, follow, max-snippet:-1, max-image-preview:large, max-video-preview:-1\" \/>\n<link rel=\"canonical\" href=\"https:\/\/www.metis-group.com\/de\/glanz-auszug\" \/>\n<meta property=\"og:locale\" content=\"de_DE\" \/>\n<meta property=\"og:type\" content=\"article\" \/>\n<meta property=\"og:title\" content=\"Glanz-Auszug - METIS\" \/>\n<meta property=\"og:description\" content=\"[vc_row rt_row_background_width=&#8220;fullwidth&#8220; rt_row_content_width=&#8220;default&#8220; rt_row_style=&#8220;default-style&#8220; rt_row_borders=&#8220;&#8220; rt_row_paddings=&#8220;true&#8220; rt_bg_effect=&#8220;classic&#8220; rt_bg_image_repeat=&#8220;repeat&#8220; rt_bg_size=&#8220;cover&#8220; rt_bg_position=&#8220;right top&#8220; rt_bg_attachment=&#8220;scroll&#8220; rt_bg_video_format=&#8220;self-hosted&#8220; rt_padding_bottom=&#8220;50&#8243; rt_padding_top=&#8220;50&#8243;][vc_column width=&#8220;1\/2&#8243; rt_wrp_col_paddings=&#8220;false&#8220; rt_border_top=&#8220;&#8220; rt_border_bottom=&#8220;&#8220; rt_border_left=&#8220;&#8220; rt_border_right=&#8220;&#8220; rt_border_top_mobile=&#8220;&#8220; rt_border_bottom_mobile=&#8220;&#8220; rt_border_left_mobile=&#8220;&#8220; rt_border_right_mobile=&#8220;&#8220; rt_bg_image_repeat=&#8220;repeat&#8220; rt_bg_size=&#8220;auto auto&#8220; rt_bg_position=&#8220;right top&#8220; rt_bg_attachment=&#8220;scroll&#8220;][vc_column_text] Es ist eine der neuesten METIS-Errungenschaften, auch Glanzinformationen scannen und in verwendbare Daten \u00fcbersetzen zu k\u00f6nnen. Dies ist eine einzigartige Funktion, die nur bei [&hellip;]\" \/>\n<meta property=\"og:url\" content=\"https:\/\/www.metis-group.com\/de\/glanz-auszug\" \/>\n<meta property=\"og:site_name\" content=\"METIS\" \/>\n<meta property=\"article:modified_time\" content=\"2021-04-28T07:38:27+00:00\" \/>\n<meta property=\"og:image\" content=\"https:\/\/www.metis-group.com\/wp-content\/uploads\/2020\/02\/06-Glossiness-INTRO-1.3.jpg\" \/>\n\t<meta property=\"og:image:width\" content=\"1920\" \/>\n\t<meta property=\"og:image:height\" content=\"640\" \/>\n\t<meta property=\"og:image:type\" content=\"image\/jpeg\" \/>\n<meta name=\"twitter:card\" content=\"summary_large_image\" \/>\n<meta name=\"twitter:label1\" content=\"Gesch\u00e4tzte Lesezeit\" \/>\n\t<meta name=\"twitter:data1\" content=\"2\u00a0Minuten\" \/>\n<script type=\"application\/ld+json\" class=\"yoast-schema-graph\">{\"@context\":\"https:\/\/schema.org\",\"@graph\":[{\"@type\":\"WebPage\",\"@id\":\"https:\/\/www.metis-group.com\/de\/glanz-auszug\",\"url\":\"https:\/\/www.metis-group.com\/de\/glanz-auszug\",\"name\":\"Glanz-Auszug - METIS\",\"isPartOf\":{\"@id\":\"https:\/\/www.metis-group.com\/#website\"},\"primaryImageOfPage\":{\"@id\":\"https:\/\/www.metis-group.com\/de\/glanz-auszug#primaryimage\"},\"image\":{\"@id\":\"https:\/\/www.metis-group.com\/de\/glanz-auszug#primaryimage\"},\"thumbnailUrl\":\"https:\/\/www.metis-group.com\/wp-content\/uploads\/2020\/02\/06-Glossiness-INTRO-1.3.jpg\",\"datePublished\":\"2020-02-10T10:34:25+00:00\",\"dateModified\":\"2021-04-28T07:38:27+00:00\",\"breadcrumb\":{\"@id\":\"https:\/\/www.metis-group.com\/de\/glanz-auszug#breadcrumb\"},\"inLanguage\":\"de\",\"potentialAction\":[{\"@type\":\"ReadAction\",\"target\":[\"https:\/\/www.metis-group.com\/de\/glanz-auszug\"]}]},{\"@type\":\"ImageObject\",\"inLanguage\":\"de\",\"@id\":\"https:\/\/www.metis-group.com\/de\/glanz-auszug#primaryimage\",\"url\":\"https:\/\/www.metis-group.com\/wp-content\/uploads\/2020\/02\/06-Glossiness-INTRO-1.3.jpg\",\"contentUrl\":\"https:\/\/www.metis-group.com\/wp-content\/uploads\/2020\/02\/06-Glossiness-INTRO-1.3.jpg\",\"width\":1920,\"height\":640,\"caption\":\"Exported from Metis Light Inspecto\"},{\"@type\":\"BreadcrumbList\",\"@id\":\"https:\/\/www.metis-group.com\/de\/glanz-auszug#breadcrumb\",\"itemListElement\":[{\"@type\":\"ListItem\",\"position\":1,\"name\":\"Home\",\"item\":\"https:\/\/www.metis-group.com\/de\"},{\"@type\":\"ListItem\",\"position\":2,\"name\":\"Glanz-Auszug\"}]},{\"@type\":\"WebSite\",\"@id\":\"https:\/\/www.metis-group.com\/#website\",\"url\":\"https:\/\/www.metis-group.com\/\",\"name\":\"METIS\",\"description\":\"High Quality Scanners\",\"publisher\":{\"@id\":\"https:\/\/www.metis-group.com\/#organization\"},\"potentialAction\":[{\"@type\":\"SearchAction\",\"target\":{\"@type\":\"EntryPoint\",\"urlTemplate\":\"https:\/\/www.metis-group.com\/?s={search_term_string}\"},\"query-input\":{\"@type\":\"PropertyValueSpecification\",\"valueRequired\":true,\"valueName\":\"search_term_string\"}}],\"inLanguage\":\"de\"},{\"@type\":\"Organization\",\"@id\":\"https:\/\/www.metis-group.com\/#organization\",\"name\":\"Metis Systems srl\",\"url\":\"https:\/\/www.metis-group.com\/\",\"logo\":{\"@type\":\"ImageObject\",\"inLanguage\":\"de\",\"@id\":\"https:\/\/www.metis-group.com\/#\/schema\/logo\/image\/\",\"url\":\"\",\"contentUrl\":\"\",\"caption\":\"Metis Systems srl\"},\"image\":{\"@id\":\"https:\/\/www.metis-group.com\/#\/schema\/logo\/image\/\"},\"sameAs\":[\"https:\/\/www.youtube.com\/user\/MetisDigital\"]}]}<\/script>\n<!-- \/ Yoast SEO plugin. -->","yoast_head_json":{"title":"Glanz-Auszug - METIS","robots":{"index":"index","follow":"follow","max-snippet":"max-snippet:-1","max-image-preview":"max-image-preview:large","max-video-preview":"max-video-preview:-1"},"canonical":"https:\/\/www.metis-group.com\/de\/glanz-auszug","og_locale":"de_DE","og_type":"article","og_title":"Glanz-Auszug - METIS","og_description":"[vc_row rt_row_background_width=&#8220;fullwidth&#8220; rt_row_content_width=&#8220;default&#8220; rt_row_style=&#8220;default-style&#8220; rt_row_borders=&#8220;&#8220; rt_row_paddings=&#8220;true&#8220; rt_bg_effect=&#8220;classic&#8220; rt_bg_image_repeat=&#8220;repeat&#8220; rt_bg_size=&#8220;cover&#8220; rt_bg_position=&#8220;right top&#8220; rt_bg_attachment=&#8220;scroll&#8220; rt_bg_video_format=&#8220;self-hosted&#8220; rt_padding_bottom=&#8220;50&#8243; rt_padding_top=&#8220;50&#8243;][vc_column width=&#8220;1\/2&#8243; rt_wrp_col_paddings=&#8220;false&#8220; rt_border_top=&#8220;&#8220; rt_border_bottom=&#8220;&#8220; rt_border_left=&#8220;&#8220; rt_border_right=&#8220;&#8220; rt_border_top_mobile=&#8220;&#8220; rt_border_bottom_mobile=&#8220;&#8220; rt_border_left_mobile=&#8220;&#8220; rt_border_right_mobile=&#8220;&#8220; rt_bg_image_repeat=&#8220;repeat&#8220; rt_bg_size=&#8220;auto auto&#8220; rt_bg_position=&#8220;right top&#8220; rt_bg_attachment=&#8220;scroll&#8220;][vc_column_text] Es ist eine der neuesten METIS-Errungenschaften, auch Glanzinformationen scannen und in verwendbare Daten \u00fcbersetzen zu k\u00f6nnen. Dies ist eine einzigartige Funktion, die nur bei [&hellip;]","og_url":"https:\/\/www.metis-group.com\/de\/glanz-auszug","og_site_name":"METIS","article_modified_time":"2021-04-28T07:38:27+00:00","og_image":[{"width":1920,"height":640,"url":"https:\/\/www.metis-group.com\/wp-content\/uploads\/2020\/02\/06-Glossiness-INTRO-1.3.jpg","type":"image\/jpeg"}],"twitter_card":"summary_large_image","twitter_misc":{"Gesch\u00e4tzte Lesezeit":"2\u00a0Minuten"},"schema":{"@context":"https:\/\/schema.org","@graph":[{"@type":"WebPage","@id":"https:\/\/www.metis-group.com\/de\/glanz-auszug","url":"https:\/\/www.metis-group.com\/de\/glanz-auszug","name":"Glanz-Auszug - METIS","isPartOf":{"@id":"https:\/\/www.metis-group.com\/#website"},"primaryImageOfPage":{"@id":"https:\/\/www.metis-group.com\/de\/glanz-auszug#primaryimage"},"image":{"@id":"https:\/\/www.metis-group.com\/de\/glanz-auszug#primaryimage"},"thumbnailUrl":"https:\/\/www.metis-group.com\/wp-content\/uploads\/2020\/02\/06-Glossiness-INTRO-1.3.jpg","datePublished":"2020-02-10T10:34:25+00:00","dateModified":"2021-04-28T07:38:27+00:00","breadcrumb":{"@id":"https:\/\/www.metis-group.com\/de\/glanz-auszug#breadcrumb"},"inLanguage":"de","potentialAction":[{"@type":"ReadAction","target":["https:\/\/www.metis-group.com\/de\/glanz-auszug"]}]},{"@type":"ImageObject","inLanguage":"de","@id":"https:\/\/www.metis-group.com\/de\/glanz-auszug#primaryimage","url":"https:\/\/www.metis-group.com\/wp-content\/uploads\/2020\/02\/06-Glossiness-INTRO-1.3.jpg","contentUrl":"https:\/\/www.metis-group.com\/wp-content\/uploads\/2020\/02\/06-Glossiness-INTRO-1.3.jpg","width":1920,"height":640,"caption":"Exported from Metis Light Inspecto"},{"@type":"BreadcrumbList","@id":"https:\/\/www.metis-group.com\/de\/glanz-auszug#breadcrumb","itemListElement":[{"@type":"ListItem","position":1,"name":"Home","item":"https:\/\/www.metis-group.com\/de"},{"@type":"ListItem","position":2,"name":"Glanz-Auszug"}]},{"@type":"WebSite","@id":"https:\/\/www.metis-group.com\/#website","url":"https:\/\/www.metis-group.com\/","name":"METIS","description":"High Quality Scanners","publisher":{"@id":"https:\/\/www.metis-group.com\/#organization"},"potentialAction":[{"@type":"SearchAction","target":{"@type":"EntryPoint","urlTemplate":"https:\/\/www.metis-group.com\/?s={search_term_string}"},"query-input":{"@type":"PropertyValueSpecification","valueRequired":true,"valueName":"search_term_string"}}],"inLanguage":"de"},{"@type":"Organization","@id":"https:\/\/www.metis-group.com\/#organization","name":"Metis Systems srl","url":"https:\/\/www.metis-group.com\/","logo":{"@type":"ImageObject","inLanguage":"de","@id":"https:\/\/www.metis-group.com\/#\/schema\/logo\/image\/","url":"","contentUrl":"","caption":"Metis Systems srl"},"image":{"@id":"https:\/\/www.metis-group.com\/#\/schema\/logo\/image\/"},"sameAs":["https:\/\/www.youtube.com\/user\/MetisDigital"]}]}},"_links":{"self":[{"href":"https:\/\/www.metis-group.com\/de\/wp-json\/wp\/v2\/pages\/10827","targetHints":{"allow":["GET"]}}],"collection":[{"href":"https:\/\/www.metis-group.com\/de\/wp-json\/wp\/v2\/pages"}],"about":[{"href":"https:\/\/www.metis-group.com\/de\/wp-json\/wp\/v2\/types\/page"}],"author":[{"embeddable":true,"href":"https:\/\/www.metis-group.com\/de\/wp-json\/wp\/v2\/users\/3"}],"replies":[{"embeddable":true,"href":"https:\/\/www.metis-group.com\/de\/wp-json\/wp\/v2\/comments?post=10827"}],"version-history":[{"count":7,"href":"https:\/\/www.metis-group.com\/de\/wp-json\/wp\/v2\/pages\/10827\/revisions"}],"predecessor-version":[{"id":18695,"href":"https:\/\/www.metis-group.com\/de\/wp-json\/wp\/v2\/pages\/10827\/revisions\/18695"}],"wp:featuredmedia":[{"embeddable":true,"href":"https:\/\/www.metis-group.com\/de\/wp-json\/wp\/v2\/media\/10831"}],"wp:attachment":[{"href":"https:\/\/www.metis-group.com\/de\/wp-json\/wp\/v2\/media?parent=10827"}],"curies":[{"name":"wp","href":"https:\/\/api.w.org\/{rel}","templated":true}]}}