{"id":19539,"date":"2021-09-03T08:11:16","date_gmt":"2021-09-03T08:11:16","guid":{"rendered":"https:\/\/www.metis-group.com\/?page_id=19539"},"modified":"2024-12-17T11:55:53","modified_gmt":"2024-12-17T11:55:53","slug":"impressum-rechtliche-hinweise","status":"publish","type":"page","link":"https:\/\/www.metis-group.com\/de\/impressum-rechtliche-hinweise","title":{"rendered":"Impressum &#8211; Rechtliche Hinweise"},"content":{"rendered":"<p>[vc_row rt_row_background_width=&#8220;fullwidth&#8220; rt_row_content_width=&#8220;default&#8220; rt_row_style=&#8220;default-style&#8220; rt_row_borders=&#8220;&#8220; rt_row_paddings=&#8220;true&#8220; rt_bg_effect=&#8220;classic&#8220; rt_bg_image_repeat=&#8220;repeat&#8220; rt_bg_size=&#8220;cover&#8220; rt_bg_position=&#8220;right top&#8220; rt_bg_attachment=&#8220;scroll&#8220; rt_bg_video_format=&#8220;self-hosted&#8220; rt_padding_top=&#8220;50&#8243; rt_padding_bottom=&#8220;50&#8243;][vc_column rt_wrp_col_paddings=&#8220;false&#8220; rt_border_top=&#8220;&#8220; rt_border_bottom=&#8220;&#8220; rt_border_left=&#8220;&#8220; rt_border_right=&#8220;&#8220; rt_border_top_mobile=&#8220;&#8220; rt_border_bottom_mobile=&#8220;&#8220; rt_border_left_mobile=&#8220;&#8220; rt_border_right_mobile=&#8220;&#8220; rt_bg_image_repeat=&#8220;repeat&#8220; rt_bg_size=&#8220;auto auto&#8220; rt_bg_position=&#8220;right top&#8220; rt_bg_attachment=&#8220;scroll&#8220;][vc_single_image image=&#8220;17238&#8243; img_size=&#8220;medium&#8220; css_animation=&#8220;none&#8220;][vc_empty_space height=&#8220;10px&#8220;][vc_row_inner rt_row_style=&#8220;global-style&#8220; rt_row_borders=&#8220;&#8220; rt_row_paddings=&#8220;true&#8220; rt_bg_effect=&#8220;classic&#8220; rt_bg_image_repeat=&#8220;repeat&#8220; rt_bg_size=&#8220;cover&#8220; rt_bg_position=&#8220;right top&#8220; rt_bg_attachment=&#8220;scroll&#8220; rt_bg_video_format=&#8220;self-hosted&#8220;][vc_column_inner width=&#8220;1\/4&#8243; rt_wrp_col_paddings=&#8220;false&#8220; rt_border_top=&#8220;&#8220; rt_border_bottom=&#8220;&#8220; rt_border_left=&#8220;&#8220; rt_border_right=&#8220;&#8220; rt_border_top_mobile=&#8220;&#8220; rt_border_bottom_mobile=&#8220;&#8220; rt_border_left_mobile=&#8220;&#8220; rt_border_right_mobile=&#8220;&#8220; rt_bg_image_repeat=&#8220;repeat&#8220; rt_bg_size=&#8220;auto auto&#8220; rt_bg_position=&#8220;right top&#8220; rt_bg_attachment=&#8220;scroll&#8220;][vc_column_text css_animation=&#8220;none&#8220;]<\/p>\n<h5><strong>Name und Anschrift<\/strong><\/h5>\n<p>METIS Systems S.r.l.<\/p>\n<p>Via del Fontanile Arenato 295,<br \/>\n00163 Rom \u2013 Italien<\/p>\n<h5><strong>Vertretungsberechtigte<\/strong><\/h5>\n<p>Amministratore delegato: Frau Silvia Colagrande[\/vc_column_text][\/vc_column_inner][vc_column_inner width=&#8220;1\/4&#8243; rt_wrp_col_paddings=&#8220;false&#8220; rt_border_top=&#8220;&#8220; rt_border_bottom=&#8220;&#8220; rt_border_left=&#8220;&#8220; rt_border_right=&#8220;&#8220; rt_border_top_mobile=&#8220;&#8220; rt_border_bottom_mobile=&#8220;&#8220; rt_border_left_mobile=&#8220;&#8220; rt_border_right_mobile=&#8220;&#8220; rt_bg_image_repeat=&#8220;repeat&#8220; rt_bg_size=&#8220;auto auto&#8220; rt_bg_position=&#8220;right top&#8220; rt_bg_attachment=&#8220;scroll&#8220;][vc_column_text css_animation=&#8220;none&#8220;]<\/p>\n<h5><strong>Registereintragungen<\/strong><\/h5>\n<p>Eintragung: Handelskammer in Rom.<\/p>\n<p>Registernummer: RM \u2013 935756<\/p>\n<h5><strong>Umsatzsteuer-Identifikationsnummer<\/strong><\/h5>\n<p style=\"text-align: justify;\">IT-05889681002<\/p>\n<p>[\/vc_column_text][\/vc_column_inner][vc_column_inner width=&#8220;1\/4&#8243; rt_wrp_col_paddings=&#8220;false&#8220; rt_border_top=&#8220;&#8220; rt_border_bottom=&#8220;&#8220; rt_border_left=&#8220;&#8220; rt_border_right=&#8220;&#8220; rt_border_top_mobile=&#8220;&#8220; rt_border_bottom_mobile=&#8220;&#8220; rt_border_left_mobile=&#8220;&#8220; rt_border_right_mobile=&#8220;&#8220; rt_bg_image_repeat=&#8220;repeat&#8220; rt_bg_size=&#8220;auto auto&#8220; rt_bg_position=&#8220;right top&#8220; rt_bg_attachment=&#8220;scroll&#8220;][vc_column_text css_animation=&#8220;none&#8220;]<\/p>\n<h5><strong>Ihr Kontakt zu METIS<\/strong><\/h5>\n<p>Telefon.: +390666150066<\/p>\n<p>E-Mail: info@metis-group.com<\/p>\n<p>Webseite:\u00a0\u00a0 www.metis-group.com[\/vc_column_text][\/vc_column_inner][vc_column_inner width=&#8220;1\/4&#8243; rt_wrp_col_paddings=&#8220;false&#8220; rt_border_top=&#8220;&#8220; rt_border_bottom=&#8220;&#8220; rt_border_left=&#8220;&#8220; rt_border_right=&#8220;&#8220; rt_border_top_mobile=&#8220;&#8220; rt_border_bottom_mobile=&#8220;&#8220; rt_border_left_mobile=&#8220;&#8220; rt_border_right_mobile=&#8220;&#8220; rt_bg_image_repeat=&#8220;repeat&#8220; rt_bg_size=&#8220;auto auto&#8220; rt_bg_position=&#8220;right top&#8220; rt_bg_attachment=&#8220;scroll&#8220;][vc_column_text]<\/p>\n<h5><strong>Haftpflichtversicherung<\/strong><\/h5>\n<p>Allianz S.p.A.<\/p>\n<p>Piazza Tre Torri, 3,<br \/>\n20145 Mailand \u2013 Italien<br \/>\nTelefon +39 0272161<br \/>\nTelefax +39 0222165000<br \/>\nallianz.spa@pec.allianz.it<br \/>\nwww.allianz.it<\/p>\n<p>Geltungsraum der Versicherung: Weltweit, ausgenommen USA und Kanada.[\/vc_column_text][\/vc_column_inner][\/vc_row_inner][vc_empty_space][vc_row_inner rt_row_style=&#8220;global-style&#8220; rt_row_borders=&#8220;&#8220; rt_row_paddings=&#8220;true&#8220; rt_bg_effect=&#8220;classic&#8220; rt_bg_image_repeat=&#8220;repeat&#8220; rt_bg_size=&#8220;cover&#8220; rt_bg_position=&#8220;right top&#8220; rt_bg_attachment=&#8220;scroll&#8220; rt_bg_video_format=&#8220;self-hosted&#8220;][vc_column_inner rt_wrp_col_paddings=&#8220;false&#8220; rt_border_top=&#8220;&#8220; rt_border_bottom=&#8220;&#8220; rt_border_left=&#8220;&#8220; rt_border_right=&#8220;&#8220; rt_border_top_mobile=&#8220;&#8220; rt_border_bottom_mobile=&#8220;&#8220; rt_border_left_mobile=&#8220;&#8220; rt_border_right_mobile=&#8220;&#8220; rt_bg_image_repeat=&#8220;repeat&#8220; rt_bg_size=&#8220;auto auto&#8220; rt_bg_position=&#8220;right top&#8220; rt_bg_attachment=&#8220;scroll&#8220;][vc_column_text]<\/p>\n<h5><strong>Verantwortlich im Sinne des \u00a7 18 Abs. 2\u00a0<\/strong><strong>Medienstaatsvertrag (MStV)<\/strong><\/h5>\n<p>Frau Silvia Colagrande<\/p>\n<p>METIS Systems S.r.l.<\/p>\n<p>Via del Fontanile Arenato 295<br \/>\n00163 Rom \u2013 Italien[\/vc_column_text][\/vc_column_inner][\/vc_row_inner][\/vc_column][\/vc_row][vc_row rt_row_background_width=&#8220;fullwidth&#8220; rt_row_content_width=&#8220;default&#8220; rt_row_style=&#8220;alt-style-1&#8243; rt_row_borders=&#8220;&#8220; rt_row_paddings=&#8220;true&#8220; rt_bg_effect=&#8220;classic&#8220; rt_bg_image_repeat=&#8220;repeat&#8220; rt_bg_size=&#8220;cover&#8220; rt_bg_position=&#8220;right top&#8220; rt_bg_attachment=&#8220;scroll&#8220; rt_bg_video_format=&#8220;self-hosted&#8220; rt_padding_top=&#8220;50&#8243; rt_padding_bottom=&#8220;50&#8243;][vc_column rt_wrp_col_paddings=&#8220;false&#8220; rt_border_top=&#8220;&#8220; rt_border_bottom=&#8220;&#8220; rt_border_left=&#8220;&#8220; rt_border_right=&#8220;&#8220; rt_border_top_mobile=&#8220;&#8220; rt_border_bottom_mobile=&#8220;&#8220; rt_border_left_mobile=&#8220;&#8220; rt_border_right_mobile=&#8220;&#8220; rt_bg_image_repeat=&#8220;repeat&#8220; rt_bg_size=&#8220;auto auto&#8220; rt_bg_position=&#8220;right top&#8220; rt_bg_attachment=&#8220;scroll&#8220;]<div class=\"rt_heading_wrapper style-4\">\n\t\t\t\t\t\t<h3 class=\"rt_heading  style-4\" >Rechtliche Hinweise<\/h3>\n\t\t\t\t\t<\/div>[vc_row_inner rt_row_style=&#8220;global-style&#8220; rt_row_borders=&#8220;&#8220; rt_row_paddings=&#8220;true&#8220; rt_bg_effect=&#8220;classic&#8220; rt_bg_image_repeat=&#8220;repeat&#8220; rt_bg_size=&#8220;cover&#8220; rt_bg_position=&#8220;right top&#8220; rt_bg_attachment=&#8220;scroll&#8220; rt_bg_video_format=&#8220;self-hosted&#8220;][vc_column_inner rt_wrp_col_paddings=&#8220;false&#8220; rt_border_top=&#8220;&#8220; rt_border_bottom=&#8220;&#8220; rt_border_left=&#8220;&#8220; rt_border_right=&#8220;&#8220; rt_border_top_mobile=&#8220;&#8220; rt_border_bottom_mobile=&#8220;&#8220; rt_border_left_mobile=&#8220;&#8220; rt_border_right_mobile=&#8220;&#8220; rt_bg_image_repeat=&#8220;repeat&#8220; rt_bg_size=&#8220;auto auto&#8220; rt_bg_position=&#8220;right top&#8220; rt_bg_attachment=&#8220;scroll&#8220; rt_padding_top=&#8220;5&#8243;][vc_column_text]<\/p>\n<h5 style=\"text-align: justify;\"><strong>1. HAFTUNGSAUSSCHLUSS<\/strong><\/h5>\n<h6 style=\"text-align: justify;\"><strong>1.1<\/strong> <strong>Haftungsbeschr\u00e4nkung f\u00fcr eigene Inhalte<\/strong><\/h6>\n<p style=\"text-align: justify;\">Alle Inhalte unseres Internetauftritts wurden mit Sorgfalt und nach bestem Gewissen erstellt. Eine Gew\u00e4hr f\u00fcr die Aktualit\u00e4t, Vollst\u00e4ndigkeit und Richtigkeit s\u00e4mtlicher Seiten kann jedoch nicht \u00fcbernommen werden. Gem\u00e4\u00df \u00a7 7 Abs. 1 TMG sind wir als Dienstanbieter f\u00fcr eigene Inhalte auf diesen Seiten nach den allgemeinen Gesetzen verantwortlich, nach den \u00a7\u00a7 8 bis 10 TMG jedoch nicht verpflichtet, die \u00fcbermittelten oder gespeicherten fremden Informationen zu \u00fcberwachen. Eine umgehende Entfernung dieser Inhalte erfolgt ab dem Zeitpunkt der Kenntnis einer konkreten Rechtsverletzung und wir haften nicht vor dem Zeitpunkt der Kenntniserlangung.<\/p>\n<h6 style=\"text-align: justify;\"><strong>1.2 Haftungsbeschr\u00e4nkung f\u00fcr externe Links<\/strong><\/h6>\n<p style=\"text-align: justify;\">Unsere Website kann Links zu Internetseiten Dritter enthalten. Nach Anklicken des Links haben wir keinen Einfluss mehr auf die Erhebung, Verarbeitung und Nutzung etwaiger mit dem Anklicken des Links an den Dritten \u00fcbertragener, personenbezogener Daten (wie zum Beispiel die IP-Adresse oder die URL der Seite, auf der sich der Link befindet), da das Verhalten Dritter naturgem\u00e4\u00df unserer Kontrolle entzogen ist. F\u00fcr die Verarbeitung derartiger personenbezogener Daten durch Dritte \u00fcbernehmen wir keine Verantwortung.<\/p>\n<h6 style=\"text-align: justify;\"><strong>1.3 Urheberrecht<\/strong><\/h6>\n<p style=\"text-align: justify;\">Alle Inhalte dieser Website (insb. Text, Dokumente, Bilder, Grafiken, Sound, Animationen und Videos) sowie deren Anordnung unterliegen dem Schutz des Urheberrechts und anderer Schutzgesetze. Der Inhalt dieser Website darf ohne vorherige schriftliche Zustimmung des Rechteinhabers nicht kopiert, verbreitet, ge\u00e4ndert oder Dritten f\u00fcr kommerzielle Zwecke zur Verf\u00fcgung gestellt werden.<\/p>\n<p style=\"text-align: justify;\">Sollten Sie trotzdem auf eine Urheberrechtsverletzung aufmerksam werden, bitten wir um einen entsprechenden Hinweis. Bei Bekanntwerden von Rechtsverletzungen werden wir derartige Inhalte umgehend entfernen.<\/p>\n<h6 style=\"text-align: justify;\"><strong>1.4 Datenschutz<\/strong><\/h6>\n<p style=\"text-align: justify;\">Der Schutz Ihrer personenbezogenen Daten hat f\u00fcr uns Priorit\u00e4t. Wir laden Sie ein, unsere <a href=\"https:\/\/www.metis-group.com\/de\/datenschutz-und-cookie-richtlinien\">Datenschutz- und Cookie-Richtlinien<\/a> zu lesen.<\/p>\n<p style=\"text-align: justify;\">Wir weisen ausdr\u00fccklich darauf hin, dass die \u00dcbertragung von Daten im Internet (z.B. per E-Mail) Sicherheitsl\u00fccken aufweisen kann. Ein l\u00fcckenloser Schutz der Daten vor dem Zugriff Dritter kann nicht gew\u00e4hrleistet werden. Wir k\u00f6nnen keine Haftung f\u00fcr die durch solche Sicherheitsl\u00fccken entstehenden Sch\u00e4den \u00fcbernehmen.<\/p>\n<p style=\"text-align: justify;\">Der Verwendung ver\u00f6ffentlichter Kontaktdaten durch Dritte zum Zwecke von Werbung wird ausdr\u00fccklich widersprochen. Wir behalten uns rechtliche Schritte f\u00fcr den Fall der unverlangten Zusendung von Werbeinformationen, z.B. durch Spam-Mails, vor.<\/p>\n<h5 style=\"text-align: justify;\"><strong>2. MARKEN<\/strong><\/h5>\n<p style=\"text-align: justify;\">Die auf unseren Seiten verwendeten Marken sind, soweit nicht anders angegeben, geistiges Eigentum der METIS Systems S.r.l.<\/p>\n<h5 style=\"text-align: justify;\"><strong>3. KEINE LIZENZ<\/strong><\/h5>\n<p style=\"text-align: justify;\">\u00dcber diese Website wird keine Lizenz zur Nutzung des geistigen Eigentums (insbesondere der Patente, Marken und Urheberrechte) von METIS Systems S.r.l., seinen Eigent\u00fcmern oder Dritten erteilt.<\/p>\n<h5 style=\"text-align: justify;\"><strong>4. ONLINE-STREITBEILEGUNG<\/strong><\/h5>\n<p style=\"text-align: justify;\">Information zur Online-Streitbeilegung: Die Europ\u00e4ische Kommission stellt eine Plattform zur Online-Streitbeilegung (OS) bereit. Diese Plattform soll als Anlaufstelle zur au\u00dfergerichtlichen Beilegung von Streitigkeiten dienen, die vertragliche Verpflichtungen von Online-Kaufvertr\u00e4gen und Online-Dienstvertr\u00e4gen betreffen.<\/p>\n<p style=\"text-align: justify;\">Die Plattform ist unter\u00a0<a href=\"http:\/\/ec.europa.eu\/consumers\/odr\/\">http:\/\/ec.europa.eu\/consumers\/odr\/<\/a>\u00a0erreichbar.<\/p>\n<p style=\"text-align: justify;\">METIS Systems S.r.l. ist zur Teilnahme an einem Streitbeilegungsverfahren vor einer Verbraucherschlichtungsstelle weder bereit noch dazu verpflichtet.<\/p>\n<p>[\/vc_column_text][\/vc_column_inner][\/vc_row_inner][\/vc_column][\/vc_row]<\/p>\n","protected":false},"excerpt":{"rendered":"<p>[vc_row rt_row_background_width=&#8220;fullwidth&#8220; rt_row_content_width=&#8220;default&#8220; rt_row_style=&#8220;default-style&#8220; rt_row_borders=&#8220;&#8220; rt_row_paddings=&#8220;true&#8220; rt_bg_effect=&#8220;classic&#8220; rt_bg_image_repeat=&#8220;repeat&#8220; rt_bg_size=&#8220;cover&#8220; rt_bg_position=&#8220;right top&#8220; rt_bg_attachment=&#8220;scroll&#8220; rt_bg_video_format=&#8220;self-hosted&#8220; rt_padding_top=&#8220;50&#8243; rt_padding_bottom=&#8220;50&#8243;][vc_column rt_wrp_col_paddings=&#8220;false&#8220; rt_border_top=&#8220;&#8220; rt_border_bottom=&#8220;&#8220; rt_border_left=&#8220;&#8220; rt_border_right=&#8220;&#8220; rt_border_top_mobile=&#8220;&#8220; rt_border_bottom_mobile=&#8220;&#8220; rt_border_left_mobile=&#8220;&#8220; rt_border_right_mobile=&#8220;&#8220; rt_bg_image_repeat=&#8220;repeat&#8220; rt_bg_size=&#8220;auto auto&#8220; rt_bg_position=&#8220;right top&#8220; rt_bg_attachment=&#8220;scroll&#8220;][vc_single_image image=&#8220;17238&#8243; img_size=&#8220;medium&#8220; css_animation=&#8220;none&#8220;][vc_empty_space height=&#8220;10px&#8220;][vc_row_inner rt_row_style=&#8220;global-style&#8220; rt_row_borders=&#8220;&#8220; rt_row_paddings=&#8220;true&#8220; rt_bg_effect=&#8220;classic&#8220; rt_bg_image_repeat=&#8220;repeat&#8220; rt_bg_size=&#8220;cover&#8220; rt_bg_position=&#8220;right top&#8220; rt_bg_attachment=&#8220;scroll&#8220; rt_bg_video_format=&#8220;self-hosted&#8220;][vc_column_inner width=&#8220;1\/4&#8243; rt_wrp_col_paddings=&#8220;false&#8220; rt_border_top=&#8220;&#8220; rt_border_bottom=&#8220;&#8220; rt_border_left=&#8220;&#8220; rt_border_right=&#8220;&#8220; rt_border_top_mobile=&#8220;&#8220; rt_border_bottom_mobile=&#8220;&#8220; rt_border_left_mobile=&#8220;&#8220; rt_border_right_mobile=&#8220;&#8220; rt_bg_image_repeat=&#8220;repeat&#8220; [&hellip;]<\/p>\n","protected":false},"author":3,"featured_media":0,"parent":0,"menu_order":0,"comment_status":"closed","ping_status":"closed","template":"","meta":{"footnotes":""},"class_list":["post-19539","page","type-page","status-publish","hentry"],"yoast_head":"<!-- This site is optimized with the Yoast SEO plugin v24.2 - https:\/\/yoast.com\/wordpress\/plugins\/seo\/ -->\n<title>Impressum - Rechtliche Hinweise - METIS<\/title>\n<meta name=\"description\" content=\"Impressum, Rechtliche Hinweise\" \/>\n<meta name=\"robots\" content=\"index, follow, max-snippet:-1, max-image-preview:large, max-video-preview:-1\" \/>\n<link rel=\"canonical\" href=\"https:\/\/www.metis-group.com\/de\/impressum-rechtliche-hinweise\" \/>\n<meta property=\"og:locale\" content=\"de_DE\" \/>\n<meta property=\"og:type\" content=\"article\" \/>\n<meta property=\"og:title\" content=\"Impressum - Rechtliche Hinweise - METIS\" \/>\n<meta property=\"og:description\" content=\"Impressum, Rechtliche Hinweise\" \/>\n<meta property=\"og:url\" content=\"https:\/\/www.metis-group.com\/de\/impressum-rechtliche-hinweise\" \/>\n<meta property=\"og:site_name\" content=\"METIS\" \/>\n<meta property=\"article:modified_time\" content=\"2024-12-17T11:55:53+00:00\" \/>\n<meta name=\"twitter:card\" content=\"summary_large_image\" \/>\n<meta name=\"twitter:label1\" content=\"Gesch\u00e4tzte Lesezeit\" \/>\n\t<meta name=\"twitter:data1\" content=\"4\u00a0Minuten\" \/>\n<script type=\"application\/ld+json\" class=\"yoast-schema-graph\">{\"@context\":\"https:\/\/schema.org\",\"@graph\":[{\"@type\":\"WebPage\",\"@id\":\"https:\/\/www.metis-group.com\/de\/impressum-rechtliche-hinweise\",\"url\":\"https:\/\/www.metis-group.com\/de\/impressum-rechtliche-hinweise\",\"name\":\"Impressum - Rechtliche Hinweise - METIS\",\"isPartOf\":{\"@id\":\"https:\/\/www.metis-group.com\/#website\"},\"datePublished\":\"2021-09-03T08:11:16+00:00\",\"dateModified\":\"2024-12-17T11:55:53+00:00\",\"description\":\"Impressum, Rechtliche Hinweise\",\"breadcrumb\":{\"@id\":\"https:\/\/www.metis-group.com\/de\/impressum-rechtliche-hinweise#breadcrumb\"},\"inLanguage\":\"de\",\"potentialAction\":[{\"@type\":\"ReadAction\",\"target\":[\"https:\/\/www.metis-group.com\/de\/impressum-rechtliche-hinweise\"]}]},{\"@type\":\"BreadcrumbList\",\"@id\":\"https:\/\/www.metis-group.com\/de\/impressum-rechtliche-hinweise#breadcrumb\",\"itemListElement\":[{\"@type\":\"ListItem\",\"position\":1,\"name\":\"Home\",\"item\":\"https:\/\/www.metis-group.com\/de\"},{\"@type\":\"ListItem\",\"position\":2,\"name\":\"Impressum &#8211; Rechtliche Hinweise\"}]},{\"@type\":\"WebSite\",\"@id\":\"https:\/\/www.metis-group.com\/#website\",\"url\":\"https:\/\/www.metis-group.com\/\",\"name\":\"METIS\",\"description\":\"High Quality Scanners\",\"publisher\":{\"@id\":\"https:\/\/www.metis-group.com\/#organization\"},\"potentialAction\":[{\"@type\":\"SearchAction\",\"target\":{\"@type\":\"EntryPoint\",\"urlTemplate\":\"https:\/\/www.metis-group.com\/?s={search_term_string}\"},\"query-input\":{\"@type\":\"PropertyValueSpecification\",\"valueRequired\":true,\"valueName\":\"search_term_string\"}}],\"inLanguage\":\"de\"},{\"@type\":\"Organization\",\"@id\":\"https:\/\/www.metis-group.com\/#organization\",\"name\":\"Metis Systems srl\",\"url\":\"https:\/\/www.metis-group.com\/\",\"logo\":{\"@type\":\"ImageObject\",\"inLanguage\":\"de\",\"@id\":\"https:\/\/www.metis-group.com\/#\/schema\/logo\/image\/\",\"url\":\"\",\"contentUrl\":\"\",\"caption\":\"Metis Systems srl\"},\"image\":{\"@id\":\"https:\/\/www.metis-group.com\/#\/schema\/logo\/image\/\"},\"sameAs\":[\"https:\/\/www.youtube.com\/user\/MetisDigital\"]}]}<\/script>\n<!-- \/ Yoast SEO plugin. -->","yoast_head_json":{"title":"Impressum - Rechtliche Hinweise - METIS","description":"Impressum, Rechtliche Hinweise","robots":{"index":"index","follow":"follow","max-snippet":"max-snippet:-1","max-image-preview":"max-image-preview:large","max-video-preview":"max-video-preview:-1"},"canonical":"https:\/\/www.metis-group.com\/de\/impressum-rechtliche-hinweise","og_locale":"de_DE","og_type":"article","og_title":"Impressum - Rechtliche Hinweise - METIS","og_description":"Impressum, Rechtliche Hinweise","og_url":"https:\/\/www.metis-group.com\/de\/impressum-rechtliche-hinweise","og_site_name":"METIS","article_modified_time":"2024-12-17T11:55:53+00:00","twitter_card":"summary_large_image","twitter_misc":{"Gesch\u00e4tzte Lesezeit":"4\u00a0Minuten"},"schema":{"@context":"https:\/\/schema.org","@graph":[{"@type":"WebPage","@id":"https:\/\/www.metis-group.com\/de\/impressum-rechtliche-hinweise","url":"https:\/\/www.metis-group.com\/de\/impressum-rechtliche-hinweise","name":"Impressum - Rechtliche Hinweise - METIS","isPartOf":{"@id":"https:\/\/www.metis-group.com\/#website"},"datePublished":"2021-09-03T08:11:16+00:00","dateModified":"2024-12-17T11:55:53+00:00","description":"Impressum, Rechtliche Hinweise","breadcrumb":{"@id":"https:\/\/www.metis-group.com\/de\/impressum-rechtliche-hinweise#breadcrumb"},"inLanguage":"de","potentialAction":[{"@type":"ReadAction","target":["https:\/\/www.metis-group.com\/de\/impressum-rechtliche-hinweise"]}]},{"@type":"BreadcrumbList","@id":"https:\/\/www.metis-group.com\/de\/impressum-rechtliche-hinweise#breadcrumb","itemListElement":[{"@type":"ListItem","position":1,"name":"Home","item":"https:\/\/www.metis-group.com\/de"},{"@type":"ListItem","position":2,"name":"Impressum &#8211; Rechtliche Hinweise"}]},{"@type":"WebSite","@id":"https:\/\/www.metis-group.com\/#website","url":"https:\/\/www.metis-group.com\/","name":"METIS","description":"High Quality Scanners","publisher":{"@id":"https:\/\/www.metis-group.com\/#organization"},"potentialAction":[{"@type":"SearchAction","target":{"@type":"EntryPoint","urlTemplate":"https:\/\/www.metis-group.com\/?s={search_term_string}"},"query-input":{"@type":"PropertyValueSpecification","valueRequired":true,"valueName":"search_term_string"}}],"inLanguage":"de"},{"@type":"Organization","@id":"https:\/\/www.metis-group.com\/#organization","name":"Metis Systems srl","url":"https:\/\/www.metis-group.com\/","logo":{"@type":"ImageObject","inLanguage":"de","@id":"https:\/\/www.metis-group.com\/#\/schema\/logo\/image\/","url":"","contentUrl":"","caption":"Metis Systems srl"},"image":{"@id":"https:\/\/www.metis-group.com\/#\/schema\/logo\/image\/"},"sameAs":["https:\/\/www.youtube.com\/user\/MetisDigital"]}]}},"_links":{"self":[{"href":"https:\/\/www.metis-group.com\/de\/wp-json\/wp\/v2\/pages\/19539","targetHints":{"allow":["GET"]}}],"collection":[{"href":"https:\/\/www.metis-group.com\/de\/wp-json\/wp\/v2\/pages"}],"about":[{"href":"https:\/\/www.metis-group.com\/de\/wp-json\/wp\/v2\/types\/page"}],"author":[{"embeddable":true,"href":"https:\/\/www.metis-group.com\/de\/wp-json\/wp\/v2\/users\/3"}],"replies":[{"embeddable":true,"href":"https:\/\/www.metis-group.com\/de\/wp-json\/wp\/v2\/comments?post=19539"}],"version-history":[{"count":6,"href":"https:\/\/www.metis-group.com\/de\/wp-json\/wp\/v2\/pages\/19539\/revisions"}],"predecessor-version":[{"id":31742,"href":"https:\/\/www.metis-group.com\/de\/wp-json\/wp\/v2\/pages\/19539\/revisions\/31742"}],"wp:attachment":[{"href":"https:\/\/www.metis-group.com\/de\/wp-json\/wp\/v2\/media?parent=19539"}],"curies":[{"name":"wp","href":"https:\/\/api.w.org\/{rel}","templated":true}]}}