{"id":19505,"date":"2021-09-02T15:34:48","date_gmt":"2021-09-02T15:34:48","guid":{"rendered":"https:\/\/www.metis-group.com\/?page_id=19505"},"modified":"2024-12-17T11:55:37","modified_gmt":"2024-12-17T11:55:37","slug":"enterprise-et-mention-legale","status":"publish","type":"page","link":"https:\/\/www.metis-group.com\/fr\/enterprise-et-mention-legale","title":{"rendered":"Enterprise et Mention l\u00e9gale"},"content":{"rendered":"<p>[vc_row rt_row_background_width=\u00a0\u00bbfullwidth\u00a0\u00bb rt_row_content_width=\u00a0\u00bbdefault\u00a0\u00bb rt_row_style=\u00a0\u00bbdefault-style\u00a0\u00bb rt_row_borders=\u00a0\u00bb\u00a0\u00bb rt_row_paddings=\u00a0\u00bbtrue\u00a0\u00bb rt_bg_effect=\u00a0\u00bbclassic\u00a0\u00bb rt_bg_image_repeat=\u00a0\u00bbrepeat\u00a0\u00bb rt_bg_size=\u00a0\u00bbcover\u00a0\u00bb rt_bg_position=\u00a0\u00bbright top\u00a0\u00bb rt_bg_attachment=\u00a0\u00bbscroll\u00a0\u00bb rt_bg_video_format=\u00a0\u00bbself-hosted\u00a0\u00bb rt_padding_top=\u00a0\u00bb50&Prime; rt_padding_bottom=\u00a0\u00bb50&Prime;][vc_column rt_wrp_col_paddings=\u00a0\u00bbfalse\u00a0\u00bb rt_border_top=\u00a0\u00bb\u00a0\u00bb rt_border_bottom=\u00a0\u00bb\u00a0\u00bb rt_border_left=\u00a0\u00bb\u00a0\u00bb rt_border_right=\u00a0\u00bb\u00a0\u00bb rt_border_top_mobile=\u00a0\u00bb\u00a0\u00bb rt_border_bottom_mobile=\u00a0\u00bb\u00a0\u00bb rt_border_left_mobile=\u00a0\u00bb\u00a0\u00bb rt_border_right_mobile=\u00a0\u00bb\u00a0\u00bb rt_bg_image_repeat=\u00a0\u00bbrepeat\u00a0\u00bb rt_bg_size=\u00a0\u00bbauto auto\u00a0\u00bb rt_bg_position=\u00a0\u00bbright top\u00a0\u00bb rt_bg_attachment=\u00a0\u00bbscroll\u00a0\u00bb][vc_single_image image=\u00a0\u00bb17238&Prime; img_size=\u00a0\u00bbmedium\u00a0\u00bb css_animation=\u00a0\u00bbnone\u00a0\u00bb][vc_empty_space height=\u00a0\u00bb10px\u00a0\u00bb][vc_row_inner rt_row_style=\u00a0\u00bbglobal-style\u00a0\u00bb rt_row_borders=\u00a0\u00bb\u00a0\u00bb rt_row_paddings=\u00a0\u00bbtrue\u00a0\u00bb rt_bg_effect=\u00a0\u00bbclassic\u00a0\u00bb rt_bg_image_repeat=\u00a0\u00bbrepeat\u00a0\u00bb rt_bg_size=\u00a0\u00bbcover\u00a0\u00bb rt_bg_position=\u00a0\u00bbright top\u00a0\u00bb rt_bg_attachment=\u00a0\u00bbscroll\u00a0\u00bb rt_bg_video_format=\u00a0\u00bbself-hosted\u00a0\u00bb][vc_column_inner width=\u00a0\u00bb1\/3&Prime; rt_wrp_col_paddings=\u00a0\u00bbfalse\u00a0\u00bb rt_border_top=\u00a0\u00bb\u00a0\u00bb rt_border_bottom=\u00a0\u00bb\u00a0\u00bb rt_border_left=\u00a0\u00bb\u00a0\u00bb rt_border_right=\u00a0\u00bb\u00a0\u00bb rt_border_top_mobile=\u00a0\u00bb\u00a0\u00bb rt_border_bottom_mobile=\u00a0\u00bb\u00a0\u00bb rt_border_left_mobile=\u00a0\u00bb\u00a0\u00bb rt_border_right_mobile=\u00a0\u00bb\u00a0\u00bb rt_bg_image_repeat=\u00a0\u00bbrepeat\u00a0\u00bb rt_bg_size=\u00a0\u00bbauto auto\u00a0\u00bb rt_bg_position=\u00a0\u00bbright top\u00a0\u00bb rt_bg_attachment=\u00a0\u00bbscroll\u00a0\u00bb][vc_column_text css_animation=\u00a0\u00bbnone\u00a0\u00bb]<\/p>\n<h5><strong>Nom et adresse<\/strong><\/h5>\n<p>METIS Systems S.r.l.<\/p>\n<p>Via del Fontanile Arenato 295, 00163 Rome \u2013 Italie<\/p>\n<h5><strong>Repr\u00e9sentant l\u00e9gal \/ PDG<\/strong><\/h5>\n<p>Mme Silvia Colagrande[\/vc_column_text][\/vc_column_inner][vc_column_inner width=\u00a0\u00bb1\/3&Prime; rt_wrp_col_paddings=\u00a0\u00bbfalse\u00a0\u00bb rt_border_top=\u00a0\u00bb\u00a0\u00bb rt_border_bottom=\u00a0\u00bb\u00a0\u00bb rt_border_left=\u00a0\u00bb\u00a0\u00bb rt_border_right=\u00a0\u00bb\u00a0\u00bb rt_border_top_mobile=\u00a0\u00bb\u00a0\u00bb rt_border_bottom_mobile=\u00a0\u00bb\u00a0\u00bb rt_border_left_mobile=\u00a0\u00bb\u00a0\u00bb rt_border_right_mobile=\u00a0\u00bb\u00a0\u00bb rt_bg_image_repeat=\u00a0\u00bbrepeat\u00a0\u00bb rt_bg_size=\u00a0\u00bbauto auto\u00a0\u00bb rt_bg_position=\u00a0\u00bbright top\u00a0\u00bb rt_bg_attachment=\u00a0\u00bbscroll\u00a0\u00bb][vc_column_text css_animation=\u00a0\u00bbnone\u00a0\u00bb]<\/p>\n<h5><strong>Inscription<\/strong><\/h5>\n<p>Chambre de Commerce de Rome.<\/p>\n<p>Num\u00e9ro d\u2019identification : RM \u2013 935756<\/p>\n<h5><strong>N \u00b0 de TVA<\/strong><\/h5>\n<p style=\"text-align: justify;\">IT-05889681002<\/p>\n<p>[\/vc_column_text][\/vc_column_inner][vc_column_inner width=\u00a0\u00bb1\/3&Prime; rt_wrp_col_paddings=\u00a0\u00bbfalse\u00a0\u00bb rt_border_top=\u00a0\u00bb\u00a0\u00bb rt_border_bottom=\u00a0\u00bb\u00a0\u00bb rt_border_left=\u00a0\u00bb\u00a0\u00bb rt_border_right=\u00a0\u00bb\u00a0\u00bb rt_border_top_mobile=\u00a0\u00bb\u00a0\u00bb rt_border_bottom_mobile=\u00a0\u00bb\u00a0\u00bb rt_border_left_mobile=\u00a0\u00bb\u00a0\u00bb rt_border_right_mobile=\u00a0\u00bb\u00a0\u00bb rt_bg_image_repeat=\u00a0\u00bbrepeat\u00a0\u00bb rt_bg_size=\u00a0\u00bbauto auto\u00a0\u00bb rt_bg_position=\u00a0\u00bbright top\u00a0\u00bb rt_bg_attachment=\u00a0\u00bbscroll\u00a0\u00bb][vc_column_text css_animation=\u00a0\u00bbnone\u00a0\u00bb]<\/p>\n<h5><strong>Votre contact chez METIS<\/strong><\/h5>\n<p>T\u00e9l. : +390666150066<\/p>\n<p>Courriel : info@metis-group.com<\/p>\n<p>Web :\u00a0\u00a0 www.metis-group.com[\/vc_column_text][\/vc_column_inner][\/vc_row_inner][\/vc_column][\/vc_row][vc_row rt_row_background_width=\u00a0\u00bbfullwidth\u00a0\u00bb rt_row_content_width=\u00a0\u00bbdefault\u00a0\u00bb rt_row_style=\u00a0\u00bbalt-style-1&Prime; rt_row_borders=\u00a0\u00bb\u00a0\u00bb rt_row_paddings=\u00a0\u00bbtrue\u00a0\u00bb rt_bg_effect=\u00a0\u00bbclassic\u00a0\u00bb rt_bg_image_repeat=\u00a0\u00bbrepeat\u00a0\u00bb rt_bg_size=\u00a0\u00bbcover\u00a0\u00bb rt_bg_position=\u00a0\u00bbright top\u00a0\u00bb rt_bg_attachment=\u00a0\u00bbscroll\u00a0\u00bb rt_bg_video_format=\u00a0\u00bbself-hosted\u00a0\u00bb rt_padding_top=\u00a0\u00bb50&Prime; rt_padding_bottom=\u00a0\u00bb50&Prime;][vc_column rt_wrp_col_paddings=\u00a0\u00bbfalse\u00a0\u00bb rt_border_top=\u00a0\u00bb\u00a0\u00bb rt_border_bottom=\u00a0\u00bb\u00a0\u00bb rt_border_left=\u00a0\u00bb\u00a0\u00bb rt_border_right=\u00a0\u00bb\u00a0\u00bb rt_border_top_mobile=\u00a0\u00bb\u00a0\u00bb rt_border_bottom_mobile=\u00a0\u00bb\u00a0\u00bb rt_border_left_mobile=\u00a0\u00bb\u00a0\u00bb rt_border_right_mobile=\u00a0\u00bb\u00a0\u00bb rt_bg_image_repeat=\u00a0\u00bbrepeat\u00a0\u00bb rt_bg_size=\u00a0\u00bbauto auto\u00a0\u00bb rt_bg_position=\u00a0\u00bbright top\u00a0\u00bb rt_bg_attachment=\u00a0\u00bbscroll\u00a0\u00bb]<div class=\"rt_heading_wrapper style-4\">\n\t\t\t\t\t\t<h3 class=\"rt_heading  style-4\" >Mention L\u00e9gale<\/h3>\n\t\t\t\t\t<\/div>[vc_row_inner rt_row_style=\u00a0\u00bbglobal-style\u00a0\u00bb rt_row_borders=\u00a0\u00bb\u00a0\u00bb rt_row_paddings=\u00a0\u00bbtrue\u00a0\u00bb rt_bg_effect=\u00a0\u00bbclassic\u00a0\u00bb rt_bg_image_repeat=\u00a0\u00bbrepeat\u00a0\u00bb rt_bg_size=\u00a0\u00bbcover\u00a0\u00bb rt_bg_position=\u00a0\u00bbright top\u00a0\u00bb rt_bg_attachment=\u00a0\u00bbscroll\u00a0\u00bb rt_bg_video_format=\u00a0\u00bbself-hosted\u00a0\u00bb][vc_column_inner rt_wrp_col_paddings=\u00a0\u00bbfalse\u00a0\u00bb rt_border_top=\u00a0\u00bb\u00a0\u00bb rt_border_bottom=\u00a0\u00bb\u00a0\u00bb rt_border_left=\u00a0\u00bb\u00a0\u00bb rt_border_right=\u00a0\u00bb\u00a0\u00bb rt_border_top_mobile=\u00a0\u00bb\u00a0\u00bb rt_border_bottom_mobile=\u00a0\u00bb\u00a0\u00bb rt_border_left_mobile=\u00a0\u00bb\u00a0\u00bb rt_border_right_mobile=\u00a0\u00bb\u00a0\u00bb rt_bg_image_repeat=\u00a0\u00bbrepeat\u00a0\u00bb rt_bg_size=\u00a0\u00bbauto auto\u00a0\u00bb rt_bg_position=\u00a0\u00bbright top\u00a0\u00bb rt_bg_attachment=\u00a0\u00bbscroll\u00a0\u00bb rt_padding_top=\u00a0\u00bb5&Prime;][vc_column_text]<\/p>\n<h5 style=\"text-align: justify;\"><strong>1. EXCLUSION DE RESPONSABILIT\u00c9<\/strong><\/h5>\n<h6 style=\"text-align: justify;\"><strong>1.1<\/strong> <strong>Limites de responsabilit\u00e9 pour son propre contenu<\/strong><\/h6>\n<p style=\"text-align: justify;\">Tout le contenu de notre site Web a \u00e9t\u00e9 cr\u00e9\u00e9 avec soin et au meilleur de nos connaissances. Cependant, aucune garantie ne peut \u00eatre donn\u00e9e quant \u00e0 l&rsquo;actualit\u00e9, l&rsquo;exhaustivit\u00e9 et l&rsquo;exactitude de toutes les pages. En tant que propri\u00e9taire du site Web, nous sommes responsables de notre propre contenu sur ces pages, mais nous ne sommes pas oblig\u00e9s de surveiller les informations des tiers transmises ou stock\u00e9es, ou d&rsquo;enqu\u00eater sur les circonstances qui indiquent une activit\u00e9 ill\u00e9gale.<\/p>\n<h6 style=\"text-align: justify;\"><strong>1.2 Limites de responsabilit\u00e9 pour les liens externes<\/strong><\/h6>\n<p style=\"text-align: justify;\">Notre site Web peut contenir des liens vers des pages Internet de tiers. En cliquant sur le lien, nous n&rsquo;avons aucune influence sur la collecte, le traitement et l&rsquo;utilisation des donn\u00e9es personnelles \u00e9ventuellement transmises en cliquant sur le lien vers le tiers (comme l&rsquo;adresse IP ou l&rsquo;URL du site sur lequel se trouve le lien ) car le comportement de tiers est naturellement hors de notre contr\u00f4le. Nous n&rsquo;assumons aucune responsabilit\u00e9 pour le traitement des donn\u00e9es personnelles par des tiers.<\/p>\n<h6 style=\"text-align: justify;\"><strong>1.3 Droits d&rsquo;auteur<\/strong><\/h6>\n<p style=\"text-align: justify;\">Tout le contenu de ce site Web (en particulier les textes, images, graphiques, sons, animations et vid\u00e9os) et son positionnement sont soumis \u00e0 la protection du droit d&rsquo;auteur et \u00e0 d&rsquo;autres lois de protection. Sans le consentement \u00e9crit pr\u00e9alable du titulaire des droits, le contenu de ces sites Web ne peut \u00eatre copi\u00e9, diffus\u00e9, modifi\u00e9 ou rendu accessible \u00e0 des tiers \u00e0 des fins commerciales. Si vous avez n\u00e9anmoins connaissance d&rsquo;une violation du droit d&rsquo;auteur, nous vous demandons de nous en informer. Si nous prenons connaissance de violations de la loi, nous supprimerons ce contenu imm\u00e9diatement.<\/p>\n<h6 style=\"text-align: justify;\"><strong>1.4 Confidentialit\u00e9<\/strong><\/h6>\n<p style=\"text-align: justify;\">La protection de vos donn\u00e9es personnelles est notre priorit\u00e9. Nous vous invitons a prendre connaissance de notre <a href=\"https:\/\/www.metis-group.com\/fr\/politique-de-confidentialite-et-de-cookies\" target=\"_blank\" rel=\"noopener\">Politique de Confidentialit\u00e9 et des Cookies<\/a><u>.<\/u><\/p>\n<p style=\"text-align: justify;\">Nous signalons express\u00e9ment que la transmission de donn\u00e9es sur Internet (par exemple, e-mail) peut pr\u00e9senter des failles de s\u00e9curit\u00e9. Une protection compl\u00e8te des donn\u00e9es contre l&rsquo;acc\u00e8s par des tiers ne peut \u00eatre garantie. Nous d\u00e9clinons toute responsabilit\u00e9 pour les dommages caus\u00e9s par de telles lacunes de s\u00e9curit\u00e9.<\/p>\n<p style=\"text-align: justify;\">L&rsquo;utilisation des donn\u00e9es de contact publi\u00e9es par des tiers \u00e0 des fins publicitaires est express\u00e9ment interdite. Nous nous r\u00e9servons le droit de prendre des mesures juridiques dans le cas o\u00f9 des informations publicitaires non sollicit\u00e9es sont envoy\u00e9es, par exemple via des courriers ind\u00e9sirables.<\/p>\n<h5 style=\"text-align: justify;\"><strong>2. MARQUE DEPOSEE<\/strong><\/h5>\n<p style=\"text-align: justify;\">Sauf indication contraire, les marques d\u00e9pos\u00e9es utilis\u00e9es sur notre site Web sont la propri\u00e9t\u00e9 intellectuelle de METIS Systems S.r.l.<\/p>\n<h5 style=\"text-align: justify;\"><strong>3. PAS DE LICENCE <\/strong><\/h5>\n<p style=\"text-align: justify;\">Aucune licence d&rsquo;utilisation de la propri\u00e9t\u00e9 intellectuelle (en particulier les brevets, marques et droits d&rsquo;auteur) de METIS Systems S.r.l., de ses propri\u00e9taires ou de tiers n&rsquo;est accord\u00e9e par le biais de ce site Web.<\/p>\n<h5 style=\"text-align: justify;\"><strong>4. INFORMATIONS SUR LA R\u00c9SOLUTION DE LITIGES EN LIGNE <\/strong><\/h5>\n<p style=\"text-align: justify;\">La Commission europ\u00e9enne a mis en place une plate-forme pour le r\u00e8glement en ligne des litiges (RLL). Cette plateforme est destin\u00e9e \u00e0 servir de point de contact pour la r\u00e9solution extrajudiciaire des litiges relatifs aux obligations contractuelles au titre des contrats de vente en ligne et des contrats de service en ligne.<\/p>\n<p style=\"text-align: justify;\">\u00a0La plateforme est disponible \u00e0 l&rsquo;adresse\u00a0: <a href=\"http:\/\/ec.europa.eu\/consumers\/odr\/\" target=\"_blank\" rel=\"noopener\">http:\/\/ec.europa.eu\/consumers\/odr\/<\/a>.<\/p>\n<p style=\"text-align: justify;\">METIS Systems S.r.l. ne s&rsquo;engage pas et n&rsquo;est pas oblig\u00e9e de participer au r\u00e8glement extrajudiciaire des litiges de consommation devant une entit\u00e9 de r\u00e8glement des litiges de consommation.<\/p>\n<p>[\/vc_column_text][\/vc_column_inner][\/vc_row_inner][\/vc_column][\/vc_row]<\/p>\n","protected":false},"excerpt":{"rendered":"<p>[vc_row rt_row_background_width=\u00a0\u00bbfullwidth\u00a0\u00bb rt_row_content_width=\u00a0\u00bbdefault\u00a0\u00bb rt_row_style=\u00a0\u00bbdefault-style\u00a0\u00bb rt_row_borders=\u00a0\u00bb\u00a0\u00bb rt_row_paddings=\u00a0\u00bbtrue\u00a0\u00bb rt_bg_effect=\u00a0\u00bbclassic\u00a0\u00bb rt_bg_image_repeat=\u00a0\u00bbrepeat\u00a0\u00bb rt_bg_size=\u00a0\u00bbcover\u00a0\u00bb rt_bg_position=\u00a0\u00bbright top\u00a0\u00bb rt_bg_attachment=\u00a0\u00bbscroll\u00a0\u00bb rt_bg_video_format=\u00a0\u00bbself-hosted\u00a0\u00bb rt_padding_top=\u00a0\u00bb50&Prime; rt_padding_bottom=\u00a0\u00bb50&Prime;][vc_column rt_wrp_col_paddings=\u00a0\u00bbfalse\u00a0\u00bb rt_border_top=\u00a0\u00bb\u00a0\u00bb rt_border_bottom=\u00a0\u00bb\u00a0\u00bb rt_border_left=\u00a0\u00bb\u00a0\u00bb rt_border_right=\u00a0\u00bb\u00a0\u00bb rt_border_top_mobile=\u00a0\u00bb\u00a0\u00bb rt_border_bottom_mobile=\u00a0\u00bb\u00a0\u00bb rt_border_left_mobile=\u00a0\u00bb\u00a0\u00bb rt_border_right_mobile=\u00a0\u00bb\u00a0\u00bb rt_bg_image_repeat=\u00a0\u00bbrepeat\u00a0\u00bb rt_bg_size=\u00a0\u00bbauto auto\u00a0\u00bb rt_bg_position=\u00a0\u00bbright top\u00a0\u00bb rt_bg_attachment=\u00a0\u00bbscroll\u00a0\u00bb][vc_single_image image=\u00a0\u00bb17238&Prime; img_size=\u00a0\u00bbmedium\u00a0\u00bb css_animation=\u00a0\u00bbnone\u00a0\u00bb][vc_empty_space height=\u00a0\u00bb10px\u00a0\u00bb][vc_row_inner rt_row_style=\u00a0\u00bbglobal-style\u00a0\u00bb rt_row_borders=\u00a0\u00bb\u00a0\u00bb rt_row_paddings=\u00a0\u00bbtrue\u00a0\u00bb rt_bg_effect=\u00a0\u00bbclassic\u00a0\u00bb rt_bg_image_repeat=\u00a0\u00bbrepeat\u00a0\u00bb rt_bg_size=\u00a0\u00bbcover\u00a0\u00bb rt_bg_position=\u00a0\u00bbright top\u00a0\u00bb rt_bg_attachment=\u00a0\u00bbscroll\u00a0\u00bb rt_bg_video_format=\u00a0\u00bbself-hosted\u00a0\u00bb][vc_column_inner width=\u00a0\u00bb1\/3&Prime; rt_wrp_col_paddings=\u00a0\u00bbfalse\u00a0\u00bb rt_border_top=\u00a0\u00bb\u00a0\u00bb rt_border_bottom=\u00a0\u00bb\u00a0\u00bb rt_border_left=\u00a0\u00bb\u00a0\u00bb rt_border_right=\u00a0\u00bb\u00a0\u00bb rt_border_top_mobile=\u00a0\u00bb\u00a0\u00bb rt_border_bottom_mobile=\u00a0\u00bb\u00a0\u00bb rt_border_left_mobile=\u00a0\u00bb\u00a0\u00bb rt_border_right_mobile=\u00a0\u00bb\u00a0\u00bb rt_bg_image_repeat=\u00a0\u00bbrepeat\u00a0\u00bb [&hellip;]<\/p>\n","protected":false},"author":3,"featured_media":0,"parent":0,"menu_order":0,"comment_status":"closed","ping_status":"closed","template":"","meta":{"footnotes":""},"class_list":["post-19505","page","type-page","status-publish","hentry"],"yoast_head":"<!-- This site is optimized with the Yoast SEO plugin v24.2 - https:\/\/yoast.com\/wordpress\/plugins\/seo\/ -->\n<title>METIS Systems S.r.l - Enterprise et Mention l\u00e9gale<\/title>\n<meta name=\"description\" content=\"METIS Systems S.r.l. - Enterprise et Mention l\u00e9gale\" \/>\n<meta name=\"robots\" content=\"index, follow, max-snippet:-1, max-image-preview:large, max-video-preview:-1\" \/>\n<link rel=\"canonical\" href=\"https:\/\/www.metis-group.com\/fr\/enterprise-et-mention-legale\" \/>\n<meta property=\"og:locale\" content=\"fr_FR\" \/>\n<meta property=\"og:type\" content=\"article\" \/>\n<meta property=\"og:title\" content=\"METIS Systems S.r.l - Enterprise et Mention l\u00e9gale\" \/>\n<meta property=\"og:description\" content=\"METIS Systems S.r.l. - Enterprise et Mention l\u00e9gale\" \/>\n<meta property=\"og:url\" content=\"https:\/\/www.metis-group.com\/fr\/enterprise-et-mention-legale\" \/>\n<meta property=\"og:site_name\" content=\"METIS\" \/>\n<meta property=\"article:modified_time\" content=\"2024-12-17T11:55:37+00:00\" \/>\n<meta name=\"twitter:card\" content=\"summary_large_image\" \/>\n<meta name=\"twitter:label1\" content=\"Dur\u00e9e de lecture estim\u00e9e\" \/>\n\t<meta name=\"twitter:data1\" content=\"4 minutes\" \/>\n<script type=\"application\/ld+json\" class=\"yoast-schema-graph\">{\"@context\":\"https:\/\/schema.org\",\"@graph\":[{\"@type\":\"WebPage\",\"@id\":\"https:\/\/www.metis-group.com\/fr\/enterprise-et-mention-legale\",\"url\":\"https:\/\/www.metis-group.com\/fr\/enterprise-et-mention-legale\",\"name\":\"METIS Systems S.r.l - Enterprise et Mention l\u00e9gale\",\"isPartOf\":{\"@id\":\"https:\/\/www.metis-group.com\/#website\"},\"datePublished\":\"2021-09-02T15:34:48+00:00\",\"dateModified\":\"2024-12-17T11:55:37+00:00\",\"description\":\"METIS Systems S.r.l. - Enterprise et Mention l\u00e9gale\",\"breadcrumb\":{\"@id\":\"https:\/\/www.metis-group.com\/fr\/enterprise-et-mention-legale#breadcrumb\"},\"inLanguage\":\"fr-FR\",\"potentialAction\":[{\"@type\":\"ReadAction\",\"target\":[\"https:\/\/www.metis-group.com\/fr\/enterprise-et-mention-legale\"]}]},{\"@type\":\"BreadcrumbList\",\"@id\":\"https:\/\/www.metis-group.com\/fr\/enterprise-et-mention-legale#breadcrumb\",\"itemListElement\":[{\"@type\":\"ListItem\",\"position\":1,\"name\":\"Home\",\"item\":\"https:\/\/www.metis-group.com\/fr\"},{\"@type\":\"ListItem\",\"position\":2,\"name\":\"Enterprise et Mention l\u00e9gale\"}]},{\"@type\":\"WebSite\",\"@id\":\"https:\/\/www.metis-group.com\/#website\",\"url\":\"https:\/\/www.metis-group.com\/\",\"name\":\"METIS\",\"description\":\"High Quality Scanners\",\"publisher\":{\"@id\":\"https:\/\/www.metis-group.com\/#organization\"},\"potentialAction\":[{\"@type\":\"SearchAction\",\"target\":{\"@type\":\"EntryPoint\",\"urlTemplate\":\"https:\/\/www.metis-group.com\/?s={search_term_string}\"},\"query-input\":{\"@type\":\"PropertyValueSpecification\",\"valueRequired\":true,\"valueName\":\"search_term_string\"}}],\"inLanguage\":\"fr-FR\"},{\"@type\":\"Organization\",\"@id\":\"https:\/\/www.metis-group.com\/#organization\",\"name\":\"Metis Systems srl\",\"url\":\"https:\/\/www.metis-group.com\/\",\"logo\":{\"@type\":\"ImageObject\",\"inLanguage\":\"fr-FR\",\"@id\":\"https:\/\/www.metis-group.com\/#\/schema\/logo\/image\/\",\"url\":\"\",\"contentUrl\":\"\",\"caption\":\"Metis Systems srl\"},\"image\":{\"@id\":\"https:\/\/www.metis-group.com\/#\/schema\/logo\/image\/\"},\"sameAs\":[\"https:\/\/www.youtube.com\/user\/MetisDigital\"]}]}<\/script>\n<!-- \/ Yoast SEO plugin. -->","yoast_head_json":{"title":"METIS Systems S.r.l - Enterprise et Mention l\u00e9gale","description":"METIS Systems S.r.l. - Enterprise et Mention l\u00e9gale","robots":{"index":"index","follow":"follow","max-snippet":"max-snippet:-1","max-image-preview":"max-image-preview:large","max-video-preview":"max-video-preview:-1"},"canonical":"https:\/\/www.metis-group.com\/fr\/enterprise-et-mention-legale","og_locale":"fr_FR","og_type":"article","og_title":"METIS Systems S.r.l - Enterprise et Mention l\u00e9gale","og_description":"METIS Systems S.r.l. - Enterprise et Mention l\u00e9gale","og_url":"https:\/\/www.metis-group.com\/fr\/enterprise-et-mention-legale","og_site_name":"METIS","article_modified_time":"2024-12-17T11:55:37+00:00","twitter_card":"summary_large_image","twitter_misc":{"Dur\u00e9e de lecture estim\u00e9e":"4 minutes"},"schema":{"@context":"https:\/\/schema.org","@graph":[{"@type":"WebPage","@id":"https:\/\/www.metis-group.com\/fr\/enterprise-et-mention-legale","url":"https:\/\/www.metis-group.com\/fr\/enterprise-et-mention-legale","name":"METIS Systems S.r.l - Enterprise et Mention l\u00e9gale","isPartOf":{"@id":"https:\/\/www.metis-group.com\/#website"},"datePublished":"2021-09-02T15:34:48+00:00","dateModified":"2024-12-17T11:55:37+00:00","description":"METIS Systems S.r.l. - Enterprise et Mention l\u00e9gale","breadcrumb":{"@id":"https:\/\/www.metis-group.com\/fr\/enterprise-et-mention-legale#breadcrumb"},"inLanguage":"fr-FR","potentialAction":[{"@type":"ReadAction","target":["https:\/\/www.metis-group.com\/fr\/enterprise-et-mention-legale"]}]},{"@type":"BreadcrumbList","@id":"https:\/\/www.metis-group.com\/fr\/enterprise-et-mention-legale#breadcrumb","itemListElement":[{"@type":"ListItem","position":1,"name":"Home","item":"https:\/\/www.metis-group.com\/fr"},{"@type":"ListItem","position":2,"name":"Enterprise et Mention l\u00e9gale"}]},{"@type":"WebSite","@id":"https:\/\/www.metis-group.com\/#website","url":"https:\/\/www.metis-group.com\/","name":"METIS","description":"High Quality Scanners","publisher":{"@id":"https:\/\/www.metis-group.com\/#organization"},"potentialAction":[{"@type":"SearchAction","target":{"@type":"EntryPoint","urlTemplate":"https:\/\/www.metis-group.com\/?s={search_term_string}"},"query-input":{"@type":"PropertyValueSpecification","valueRequired":true,"valueName":"search_term_string"}}],"inLanguage":"fr-FR"},{"@type":"Organization","@id":"https:\/\/www.metis-group.com\/#organization","name":"Metis Systems srl","url":"https:\/\/www.metis-group.com\/","logo":{"@type":"ImageObject","inLanguage":"fr-FR","@id":"https:\/\/www.metis-group.com\/#\/schema\/logo\/image\/","url":"","contentUrl":"","caption":"Metis Systems srl"},"image":{"@id":"https:\/\/www.metis-group.com\/#\/schema\/logo\/image\/"},"sameAs":["https:\/\/www.youtube.com\/user\/MetisDigital"]}]}},"_links":{"self":[{"href":"https:\/\/www.metis-group.com\/fr\/wp-json\/wp\/v2\/pages\/19505","targetHints":{"allow":["GET"]}}],"collection":[{"href":"https:\/\/www.metis-group.com\/fr\/wp-json\/wp\/v2\/pages"}],"about":[{"href":"https:\/\/www.metis-group.com\/fr\/wp-json\/wp\/v2\/types\/page"}],"author":[{"embeddable":true,"href":"https:\/\/www.metis-group.com\/fr\/wp-json\/wp\/v2\/users\/3"}],"replies":[{"embeddable":true,"href":"https:\/\/www.metis-group.com\/fr\/wp-json\/wp\/v2\/comments?post=19505"}],"version-history":[{"count":6,"href":"https:\/\/www.metis-group.com\/fr\/wp-json\/wp\/v2\/pages\/19505\/revisions"}],"predecessor-version":[{"id":31741,"href":"https:\/\/www.metis-group.com\/fr\/wp-json\/wp\/v2\/pages\/19505\/revisions\/31741"}],"wp:attachment":[{"href":"https:\/\/www.metis-group.com\/fr\/wp-json\/wp\/v2\/media?parent=19505"}],"curies":[{"name":"wp","href":"https:\/\/api.w.org\/{rel}","templated":true}]}}