{"id":21356,"date":"2022-03-04T09:10:51","date_gmt":"2022-03-04T09:10:51","guid":{"rendered":"https:\/\/www.metis-group.com\/?page_id=21356"},"modified":"2022-06-15T17:53:01","modified_gmt":"2022-06-15T17:53:01","slug":"metis-pbr-2","status":"publish","type":"page","link":"https:\/\/www.metis-group.com\/fr\/metis-pbr-2","title":{"rendered":"METIS PBR"},"content":{"rendered":"<p>[vc_row rt_row_background_width=\u00a0\u00bbfullwidth\u00a0\u00bb rt_row_content_width=\u00a0\u00bbdefault\u00a0\u00bb rt_row_style=\u00a0\u00bbdefault-style\u00a0\u00bb rt_row_borders=\u00a0\u00bb\u00a0\u00bb rt_row_paddings=\u00a0\u00bbfalse\u00a0\u00bb rt_bg_effect=\u00a0\u00bbclassic\u00a0\u00bb rt_bg_image_repeat=\u00a0\u00bbrepeat\u00a0\u00bb rt_bg_size=\u00a0\u00bbcover\u00a0\u00bb rt_bg_position=\u00a0\u00bbright top\u00a0\u00bb rt_bg_attachment=\u00a0\u00bbscroll\u00a0\u00bb rt_bg_video_format=\u00a0\u00bbself-hosted\u00a0\u00bb][vc_column rt_wrp_col_paddings=\u00a0\u00bbfalse\u00a0\u00bb rt_border_top=\u00a0\u00bb\u00a0\u00bb rt_border_bottom=\u00a0\u00bb\u00a0\u00bb rt_border_left=\u00a0\u00bb\u00a0\u00bb rt_border_right=\u00a0\u00bb\u00a0\u00bb rt_border_top_mobile=\u00a0\u00bb\u00a0\u00bb rt_border_bottom_mobile=\u00a0\u00bb\u00a0\u00bb rt_border_left_mobile=\u00a0\u00bb\u00a0\u00bb rt_border_right_mobile=\u00a0\u00bb\u00a0\u00bb rt_bg_image_repeat=\u00a0\u00bbrepeat\u00a0\u00bb rt_bg_size=\u00a0\u00bbauto auto\u00a0\u00bb rt_bg_position=\u00a0\u00bbright top\u00a0\u00bb rt_bg_attachment=\u00a0\u00bbscroll\u00a0\u00bb]\n\t\t\t<!-- START METIS PBR REVOLUTION SLIDER 6.7.23 --><p class=\"rs-p-wp-fix\"><\/p>\n\t\t\t<rs-module-wrap id=\"rev_slider_116_1_wrapper\" data-source=\"gallery\" style=\"visibility:hidden;background:#252525;padding:0;\">\n\t\t\t\t<rs-module id=\"rev_slider_116_1\" style=\"\" data-version=\"6.7.23\">\n\t\t\t\t\t<rs-slides style=\"overflow: hidden; position: absolute;\">\n\t\t\t\t\t\t<rs-slide style=\"position: absolute;\" data-key=\"rs-560\" data-title=\"Slide\" data-anim=\"adpr:false;\" data-in=\"o:0;\" data-out=\"a:false;\" data-beforeafter='{\"bgColor\":\"#e7e7e7\",\"bgType\":\"image\",\"bgImage\":\"https:\\\/\\\/www.metis-group.com\\\/wp-content\\\/uploads\\\/2022\\\/03\\\/very-glosssy-real-colors-1600x1000-2.jpg\",\"bgFit\":\"cover\",\"bgPos\":\"center center\",\"moveto\":\"50%|50%|50%|50%\",\"bgRepeat\":\"no-repeat\",\"direction\":\"horizontal\",\"easing\":\"power2.inOut\",\"delay\":\"500\",\"time\":\"750\",\"out\":\"fade\",\"carousel\":false}'>\n\t\t\t\t\t\t\t<img decoding=\"async\" src=\"\/\/www.metis-group.com\/wp-content\/plugins\/revslider\/sr6\/assets\/assets\/dummy.png\" alt=\"\" title=\"very-glosssy-blue-print-2-1600&#215;1000\" width=\"1600\" height=\"1000\" class=\"rev-slidebg tp-rs-img rs-lazyload\" data-lazyload=\"\/\/www.metis-group.com\/wp-content\/uploads\/2022\/03\/very-glosssy-blue-print-2-1600x1000-1.jpg\" data-parallax=\"off\" data-panzoom=\"d:5000;e:power4.out;ss:150;se:100;bs:30;\" data-no-retina>\n<!--\n\t\t\t\t\t\t\t--><rs-layer\n\t\t\t\t\t\t\t\tid=\"slider-116-slide-560-layer-1\" \n\t\t\t\t\t\t\t\tclass=\"rs-pxl-3\"\n\t\t\t\t\t\t\t\tdata-type=\"text\"\n\t\t\t\t\t\t\t\tdata-color=\"#990000\"\n\t\t\t\t\t\t\t\tdata-rsp_ch=\"on\"\n\t\t\t\t\t\t\t\tdata-xy=\"x:c;xo:-250px,-250px,-200px,-114px;y:m;yo:1px,1px,1px,13px;\"\n\t\t\t\t\t\t\t\tdata-text=\"s:150,150,120,80;l:150,150,150,80;a:inherit;\"\n\t\t\t\t\t\t\t\tdata-padding=\"r:20;b:30;\"\n\t\t\t\t\t\t\t\tdata-border=\"bor:0px,0,0,0;\"\n\t\t\t\t\t\t\t\tdata-frame_0=\"x:-200px;blu:40px;\"\n\t\t\t\t\t\t\t\tdata-frame_1=\"e:power4.out;st:450;sp:2000;sR:450;\"\n\t\t\t\t\t\t\t\tdata-frame_999=\"o:0;st:w;sR:6550;\"\n\t\t\t\t\t\t\t\tdata-beforeafter=\"before\" \n\t\t\t\t\t\t\t\tstyle=\"z-index:8;font-family:'Neuton';\"\n\t\t\t\t\t\t\t>METIS \n\t\t\t\t\t\t\t<\/rs-layer><!--\n\n\t\t\t\t\t\t\t--><rs-layer\n\t\t\t\t\t\t\t\tid=\"slider-116-slide-560-layer-7\" \n\t\t\t\t\t\t\t\tclass=\"rs-pxl-3\"\n\t\t\t\t\t\t\t\tdata-type=\"text\"\n\t\t\t\t\t\t\t\tdata-color=\"rgba(255, 255, 255, 0.6)||rgba(255, 255, 255, 0.6)||rgba(255, 255, 255, 0.6)||#ffffff\"\n\t\t\t\t\t\t\t\tdata-rsp_ch=\"on\"\n\t\t\t\t\t\t\t\tdata-xy=\"x:c;xo:216px,216px,205px,108px;y:m;yo:-10px,-10px,-10px,0;\"\n\t\t\t\t\t\t\t\tdata-text=\"s:150,150,150,80;l:120,120,120,80;a:inherit;\"\n\t\t\t\t\t\t\t\tdata-padding=\"r:5;l:5;\"\n\t\t\t\t\t\t\t\tdata-frame_0=\"x:200px;blu:40px;\"\n\t\t\t\t\t\t\t\tdata-frame_1=\"e:power4.out;st:2500;sp:2000;sR:2500;\"\n\t\t\t\t\t\t\t\tdata-frame_999=\"o:0;st:w;sR:4500;\"\n\t\t\t\t\t\t\t\tdata-beforeafter=\"after\" \n\t\t\t\t\t\t\t\tstyle=\"z-index:9;font-family:'Neuton';\"\n\t\t\t\t\t\t\t>PBR \n\t\t\t\t\t\t\t<\/rs-layer><!--\n-->\t\t\t\t\t<\/rs-slide>\n\t\t\t\t\t<\/rs-slides>\n\t\t\t\t<\/rs-module>\n\t\t\t\t<script>\n\t\t\t\t\tsetREVStartSize({c: 'rev_slider_116_1',rl:[1240,1024,778,480],el:[800,700,700,700],gw:[1200,1024,778,480],gh:[800,700,700,700],type:'standard',justify:'',layout:'fullscreen',offsetContainer:'',offset:'',mh:\"0\"});if (window.RS_MODULES!==undefined && window.RS_MODULES.modules!==undefined && window.RS_MODULES.modules[\"revslider1161\"]!==undefined) {window.RS_MODULES.modules[\"revslider1161\"].once = false;window.revapi116 = undefined;if (window.RS_MODULES.checkMinimal!==undefined) window.RS_MODULES.checkMinimal()}\n\t\t\t\t<\/script>\n\t\t\t<\/rs-module-wrap>\n\t\t\t<!-- END REVOLUTION SLIDER -->\n[\/vc_column][\/vc_row][vc_row rt_row_background_width=\u00a0\u00bbdefault\u00a0\u00bb rt_row_style=\u00a0\u00bbdefault-style\u00a0\u00bb rt_row_borders=\u00a0\u00bb\u00a0\u00bb rt_row_paddings=\u00a0\u00bbtrue\u00a0\u00bb rt_bg_effect=\u00a0\u00bbclassic\u00a0\u00bb rt_bg_image_repeat=\u00a0\u00bbrepeat\u00a0\u00bb rt_bg_size=\u00a0\u00bbcover\u00a0\u00bb rt_bg_position=\u00a0\u00bbright top\u00a0\u00bb rt_bg_attachment=\u00a0\u00bbscroll\u00a0\u00bb rt_bg_video_format=\u00a0\u00bbself-hosted\u00a0\u00bb rt_padding_top=\u00a0\u00bb50&Prime;][vc_column rt_wrp_col_paddings=\u00a0\u00bbfalse\u00a0\u00bb rt_border_top=\u00a0\u00bb\u00a0\u00bb rt_border_bottom=\u00a0\u00bb\u00a0\u00bb rt_border_left=\u00a0\u00bb\u00a0\u00bb rt_border_right=\u00a0\u00bb\u00a0\u00bb rt_border_top_mobile=\u00a0\u00bb\u00a0\u00bb rt_border_bottom_mobile=\u00a0\u00bb\u00a0\u00bb rt_border_left_mobile=\u00a0\u00bb\u00a0\u00bb rt_border_right_mobile=\u00a0\u00bb\u00a0\u00bb rt_bg_image_repeat=\u00a0\u00bbrepeat\u00a0\u00bb rt_bg_size=\u00a0\u00bbauto auto\u00a0\u00bb rt_bg_position=\u00a0\u00bbright top\u00a0\u00bb rt_bg_attachment=\u00a0\u00bbscroll\u00a0\u00bb]<div class=\"rt_heading_wrapper style-2\">\n\t\t\t\t\t\t<h2 class=\"rt_heading  primary-color style-2\" >METIS PBR Scanners<\/h2>\n\t\t\t\t\t<\/div>[vc_row_inner rt_row_style=\u00a0\u00bbglobal-style\u00a0\u00bb rt_row_borders=\u00a0\u00bb\u00a0\u00bb rt_row_paddings=\u00a0\u00bbtrue\u00a0\u00bb rt_bg_effect=\u00a0\u00bbclassic\u00a0\u00bb rt_bg_image_repeat=\u00a0\u00bbrepeat\u00a0\u00bb rt_bg_size=\u00a0\u00bbcover\u00a0\u00bb rt_bg_position=\u00a0\u00bbright top\u00a0\u00bb rt_bg_attachment=\u00a0\u00bbscroll\u00a0\u00bb rt_bg_video_format=\u00a0\u00bbself-hosted\u00a0\u00bb][vc_column_inner width=\u00a0\u00bb1\/2&Prime; rt_wrp_col_paddings=\u00a0\u00bbfalse\u00a0\u00bb rt_border_top=\u00a0\u00bb\u00a0\u00bb rt_border_bottom=\u00a0\u00bb\u00a0\u00bb rt_border_left=\u00a0\u00bb\u00a0\u00bb rt_border_right=\u00a0\u00bb\u00a0\u00bb rt_border_top_mobile=\u00a0\u00bb\u00a0\u00bb rt_border_bottom_mobile=\u00a0\u00bb\u00a0\u00bb rt_border_left_mobile=\u00a0\u00bb\u00a0\u00bb rt_border_right_mobile=\u00a0\u00bb\u00a0\u00bb rt_bg_image_repeat=\u00a0\u00bbrepeat\u00a0\u00bb rt_bg_size=\u00a0\u00bbauto auto\u00a0\u00bb rt_bg_position=\u00a0\u00bbright top\u00a0\u00bb rt_bg_attachment=\u00a0\u00bbscroll\u00a0\u00bb][vc_column_text]<\/p>\n<p style=\"text-align: justify;\">Depuis 2013, les scanners METIS mettent en \u0153uvre diverses techniques photogramm\u00e9triques permettant de capturer bien plus que la seule information de couleur.<\/p>\n<p style=\"text-align: justify;\">Les scanners METIS sont aujourd&rsquo;hui capables de g\u00e9n\u00e9rer des cartes PBR standardis\u00e9es qui peuvent \u00eatre utilis\u00e9es dans la plupart des logiciels de rendu 3D comme par exemple Blender, Lumion, KeyShot, 3DS MAX, Cinema 4D, Substance, Unreal, Browzwear, etc.<\/p>\n<p style=\"text-align: justify;\">Le logiciel METIS g\u00e9n\u00e8re automatiquement des cartes de couleur de base, de rugosit\u00e9, normale, de d\u00e9placement, alpha, d&rsquo;opacit\u00e9 et de m\u00e9tallisation pour un flux de travail de rugosit\u00e9 m\u00e9tallique enti\u00e8rement optimis\u00e9.<\/p>\n<p style=\"text-align: justify;\">L&rsquo;exportation de toutes les cartes PBR au format de fichier U3M (Unified 3D Material) est \u00e9galement possible, ce qui permet une manipulation plus facile du mat\u00e9riau dans tous les logiciels de rendu prenant en charge U3M.<\/p>\n<p>[\/vc_column_text][\/vc_column_inner][vc_column_inner width=\u00a0\u00bb1\/2&Prime; rt_wrp_col_paddings=\u00a0\u00bbfalse\u00a0\u00bb rt_border_top=\u00a0\u00bb\u00a0\u00bb rt_border_bottom=\u00a0\u00bb\u00a0\u00bb rt_border_left=\u00a0\u00bb\u00a0\u00bb rt_border_right=\u00a0\u00bb\u00a0\u00bb rt_border_top_mobile=\u00a0\u00bb\u00a0\u00bb rt_border_bottom_mobile=\u00a0\u00bb\u00a0\u00bb rt_border_left_mobile=\u00a0\u00bb\u00a0\u00bb rt_border_right_mobile=\u00a0\u00bb\u00a0\u00bb rt_bg_image_repeat=\u00a0\u00bbrepeat\u00a0\u00bb rt_bg_size=\u00a0\u00bbauto auto\u00a0\u00bb rt_bg_position=\u00a0\u00bbright top\u00a0\u00bb rt_bg_attachment=\u00a0\u00bbscroll\u00a0\u00bb][vc_column_text]\r\n        <div class='html5_video_players' style=\"width:px;\" data-nonce=\"9cbab7b5fc\" data-attributes=\"{&quot;additionalID&quot;:&quot;&quot;,&quot;options&quot;:{&quot;controls&quot;:[&quot;play-large&quot;,&quot;play&quot;,&quot;progress&quot;,&quot;current-time&quot;,&quot;mute&quot;,&quot;volume&quot;,&quot;fullscreen&quot;],&quot;tooltips&quot;:{&quot;controls&quot;:true,&quot;seek&quot;:true},&quot;seekTime&quot;:10,&quot;loop&quot;:{&quot;active&quot;:false},&quot;autoplay&quot;:false,&quot;muted&quot;:false,&quot;hideControls&quot;:true,&quot;resetOnEnd&quot;:true,&quot;captions&quot;:{&quot;active&quot;:false,&quot;update&quot;:false,&quot;language&quot;:&quot;auto&quot;},&quot;ratio&quot;:null,&quot;speed&quot;:{&quot;selected&quot;:1,&quot;options&quot;:[0.5,0.75,1,1.25,1.75]},&quot;storage&quot;:{&quot;enabled&quot;:true},&quot;urls&quot;:{&quot;enabled&quot;:false,&quot;download&quot;:null},&quot;markers&quot;:{&quot;enabled&quot;:true,&quot;points&quot;:[]},&quot;ads&quot;:{&quot;enabled&quot;:false,&quot;tagUrl&quot;:false},&quot;preload&quot;:&quot;metadata&quot;},&quot;features&quot;:{&quot;overlay&quot;:{&quot;enabled&quot;:false,&quot;items&quot;:[{&quot;color&quot;:&quot;&quot;,&quot;hoverColor&quot;:&quot;&quot;,&quot;fontSize&quot;:&quot;17px&quot;,&quot;link&quot;:&quot;&quot;,&quot;logo&quot;:&quot;&quot;,&quot;position&quot;:false,&quot;text&quot;:&quot;&quot;,&quot;type&quot;:&quot;logo&quot;,&quot;backgroundColor&quot;:false,&quot;opacity&quot;:false}]},&quot;sticky&quot;:{&quot;enabled&quot;:false,&quot;position&quot;:&quot;top_right&quot;},&quot;chapters&quot;:[],&quot;watermark&quot;:{&quot;enabled&quot;:false},&quot;thumbInPause&quot;:{&quot;enabled&quot;:false,&quot;type&quot;:&quot;default&quot;},&quot;endScreen&quot;:{&quot;enabled&quot;:false,&quot;text&quot;:false,&quot;btnText&quot;:false,&quot;btnLink&quot;:false},&quot;popup&quot;:{&quot;enabled&quot;:false,&quot;selector&quot;:&quot;&quot;,&quot;hasBtn&quot;:false,&quot;type&quot;:&quot;poster&quot;,&quot;btnText&quot;:&quot;Watch Video&quot;,&quot;btnStyle&quot;:[]},&quot;hideYoutubeUI&quot;:false,&quot;hideLoadingPlaceholder&quot;:false,&quot;passwordProtected&quot;:{&quot;enabled&quot;:false,&quot;key&quot;:&quot;propagans_22115&quot;,&quot;heading&quot;:&quot;&quot;},&quot;playWhenVisible&quot;:false},&quot;propagans&quot;:&quot;&quot;,&quot;customDownloadURL&quot;:false,&quot;captionEnabled&quot;:false,&quot;disableDownload&quot;:false,&quot;disablePause&quot;:false,&quot;startTime&quot;:0,&quot;autoplayWhenVisible&quot;:false,&quot;saveState&quot;:false,&quot;protected&quot;:false,&quot;captions&quot;:[],&quot;qualities&quot;:[],&quot;source&quot;:&quot;https:\\\/\\\/www.metis-group.com\\\/wp-content\\\/uploads\\\/PBR\\\/METIS%20PBR_Workflow_def.mp4&quot;,&quot;poster&quot;:false,&quot;hideYoutubeUI&quot;:false,&quot;branding&quot;:{&quot;enabled&quot;:false,&quot;color&quot;:&quot;#fff&quot;},&quot;styles&quot;:{&quot;plyr--video&quot;:{&quot;--plyr-color-main&quot;:&quot;#1ABAFF&quot;},&quot;plyr_wrapper&quot;:{&quot;width&quot;:&quot;px&quot;}},&quot;uniqueId&quot;:&quot;h5vp69f7562f8c26f&quot;,&quot;data&quot;:[]}\">\r\n            <div class=\"preload_poster\" style=\"background: url();background-position: 50% 50%;overflow:hidden;aspect-ratio:\">\r\n                <svg width=\"36px\" height=\"36px\" viewBox=\"0 0 15 15\" fill=\"none\" xmlns=\"http:\/\/www.w3.org\/2000\/svg\">\r\n                    <path d=\"M4.79062 2.09314C4.63821 1.98427 4.43774 1.96972 4.27121 2.05542C4.10467 2.14112 4 2.31271 4 2.5V12.5C4 12.6873 4.10467 12.8589 4.27121 12.9446C4.43774 13.0303 4.63821 13.0157 4.79062 12.9069L11.7906 7.90687C11.922 7.81301 12 7.66148 12 7.5C12 7.33853 11.922 7.18699 11.7906 7.09314L4.79062 2.09314Z\" fill=\"#fff\"\/>\r\n                <\/svg>\r\n            <\/div>\r\n        <\/div>\r\n        [\/vc_column_text][vc_column_text]<\/p>\n<p style=\"text-align: center;\">Vid\u00e9o sur le flux de travail METIS PBR<\/p>\n<p>[\/vc_column_text][\/vc_column_inner][\/vc_row_inner][vc_separator style=\u00a0\u00bbstyle-4&Prime;][vc_row_inner rt_row_style=\u00a0\u00bbglobal-style\u00a0\u00bb rt_row_borders=\u00a0\u00bb\u00a0\u00bb rt_row_paddings=\u00a0\u00bbfalse\u00a0\u00bb rt_bg_effect=\u00a0\u00bbclassic\u00a0\u00bb rt_bg_image_repeat=\u00a0\u00bbrepeat\u00a0\u00bb rt_bg_size=\u00a0\u00bbcover\u00a0\u00bb rt_bg_position=\u00a0\u00bbright top\u00a0\u00bb rt_bg_attachment=\u00a0\u00bbscroll\u00a0\u00bb rt_bg_video_format=\u00a0\u00bbself-hosted\u00a0\u00bb][vc_column_inner rt_wrp_col_paddings=\u00a0\u00bbfalse\u00a0\u00bb rt_border_top=\u00a0\u00bb\u00a0\u00bb rt_border_bottom=\u00a0\u00bb\u00a0\u00bb rt_border_left=\u00a0\u00bb\u00a0\u00bb rt_border_right=\u00a0\u00bb\u00a0\u00bb rt_border_top_mobile=\u00a0\u00bb\u00a0\u00bb rt_border_bottom_mobile=\u00a0\u00bb\u00a0\u00bb rt_border_left_mobile=\u00a0\u00bb\u00a0\u00bb rt_border_right_mobile=\u00a0\u00bb\u00a0\u00bb rt_bg_image_repeat=\u00a0\u00bbrepeat\u00a0\u00bb rt_bg_size=\u00a0\u00bbauto auto\u00a0\u00bb rt_bg_position=\u00a0\u00bbright top\u00a0\u00bb rt_bg_attachment=\u00a0\u00bbscroll\u00a0\u00bb]<div class=\"rt_heading_wrapper style-2\">\n\t\t\t\t\t\t<h2 class=\"rt_heading  primary-color style-2\" >Galeries de rendu PBR<\/h2>\n\t\t\t\t\t<\/div>[\/vc_column_inner][\/vc_row_inner][vc_row_inner rt_row_style=\u00a0\u00bbglobal-style\u00a0\u00bb rt_row_borders=\u00a0\u00bb\u00a0\u00bb rt_row_paddings=\u00a0\u00bbtrue\u00a0\u00bb rt_bg_effect=\u00a0\u00bbclassic\u00a0\u00bb rt_bg_image_repeat=\u00a0\u00bbrepeat\u00a0\u00bb rt_bg_size=\u00a0\u00bbcover\u00a0\u00bb rt_bg_position=\u00a0\u00bbright top\u00a0\u00bb rt_bg_attachment=\u00a0\u00bbscroll\u00a0\u00bb rt_bg_video_format=\u00a0\u00bbself-hosted\u00a0\u00bb][vc_column_inner width=\u00a0\u00bb1\/2&Prime; rt_wrp_col_paddings=\u00a0\u00bbfalse\u00a0\u00bb rt_border_top=\u00a0\u00bb\u00a0\u00bb rt_border_bottom=\u00a0\u00bb\u00a0\u00bb rt_border_left=\u00a0\u00bb\u00a0\u00bb rt_border_right=\u00a0\u00bb\u00a0\u00bb rt_border_top_mobile=\u00a0\u00bb\u00a0\u00bb rt_border_bottom_mobile=\u00a0\u00bb\u00a0\u00bb rt_border_left_mobile=\u00a0\u00bb\u00a0\u00bb rt_border_right_mobile=\u00a0\u00bb\u00a0\u00bb rt_bg_image_repeat=\u00a0\u00bbrepeat\u00a0\u00bb rt_bg_size=\u00a0\u00bbauto auto\u00a0\u00bb rt_bg_position=\u00a0\u00bbright top\u00a0\u00bb rt_bg_attachment=\u00a0\u00bbscroll\u00a0\u00bb][vc_column_text]<\/p>\n<h5><span style=\"color: #990000;\">Rendus de bois<\/span><\/h5>\n<p>[\/vc_column_text][vc_single_image image=\u00a0\u00bb21243&Prime; img_size=\u00a0\u00bbfull\u00a0\u00bb alignment=\u00a0\u00bbcenter\u00a0\u00bb onclick=\u00a0\u00bbcustom_link\u00a0\u00bb link=\u00a0\u00bbhttps:\/\/www.metis-group.com\/fr\/bois-pbr\u00a0\u00bb][\/vc_column_inner][vc_column_inner width=\u00a0\u00bb1\/2&Prime; rt_wrp_col_paddings=\u00a0\u00bbfalse\u00a0\u00bb rt_border_top=\u00a0\u00bb\u00a0\u00bb rt_border_bottom=\u00a0\u00bb\u00a0\u00bb rt_border_left=\u00a0\u00bb\u00a0\u00bb rt_border_right=\u00a0\u00bb\u00a0\u00bb rt_border_top_mobile=\u00a0\u00bb\u00a0\u00bb rt_border_bottom_mobile=\u00a0\u00bb\u00a0\u00bb rt_border_left_mobile=\u00a0\u00bb\u00a0\u00bb rt_border_right_mobile=\u00a0\u00bb\u00a0\u00bb rt_bg_image_repeat=\u00a0\u00bbrepeat\u00a0\u00bb rt_bg_size=\u00a0\u00bbauto auto\u00a0\u00bb rt_bg_position=\u00a0\u00bbright top\u00a0\u00bb rt_bg_attachment=\u00a0\u00bbscroll\u00a0\u00bb][vc_column_text]<\/p>\n<h5><span style=\"color: #990000;\">Rendus de pierres<\/span><\/h5>\n<p>[\/vc_column_text][vc_single_image image=\u00a0\u00bb22135&Prime; img_size=\u00a0\u00bbfull\u00a0\u00bb alignment=\u00a0\u00bbcenter\u00a0\u00bb onclick=\u00a0\u00bbcustom_link\u00a0\u00bb link=\u00a0\u00bbhttps:\/\/www.metis-group.com\/fr\/pierres-pbr\u00a0\u00bb][\/vc_column_inner][\/vc_row_inner][vc_empty_space][vc_column_text]Nous publierons plus de mat\u00e9riel bient\u00f4t. Revenez nous visiter ![\/vc_column_text][\/vc_column][\/vc_row]<\/p>\n","protected":false},"excerpt":{"rendered":"<p>[vc_row rt_row_background_width=\u00a0\u00bbfullwidth\u00a0\u00bb rt_row_content_width=\u00a0\u00bbdefault\u00a0\u00bb rt_row_style=\u00a0\u00bbdefault-style\u00a0\u00bb rt_row_borders=\u00a0\u00bb\u00a0\u00bb rt_row_paddings=\u00a0\u00bbfalse\u00a0\u00bb rt_bg_effect=\u00a0\u00bbclassic\u00a0\u00bb rt_bg_image_repeat=\u00a0\u00bbrepeat\u00a0\u00bb rt_bg_size=\u00a0\u00bbcover\u00a0\u00bb rt_bg_position=\u00a0\u00bbright top\u00a0\u00bb rt_bg_attachment=\u00a0\u00bbscroll\u00a0\u00bb rt_bg_video_format=\u00a0\u00bbself-hosted\u00a0\u00bb][vc_column rt_wrp_col_paddings=\u00a0\u00bbfalse\u00a0\u00bb rt_border_top=\u00a0\u00bb\u00a0\u00bb rt_border_bottom=\u00a0\u00bb\u00a0\u00bb rt_border_left=\u00a0\u00bb\u00a0\u00bb rt_border_right=\u00a0\u00bb\u00a0\u00bb rt_border_top_mobile=\u00a0\u00bb\u00a0\u00bb rt_border_bottom_mobile=\u00a0\u00bb\u00a0\u00bb rt_border_left_mobile=\u00a0\u00bb\u00a0\u00bb rt_border_right_mobile=\u00a0\u00bb\u00a0\u00bb rt_bg_image_repeat=\u00a0\u00bbrepeat\u00a0\u00bb rt_bg_size=\u00a0\u00bbauto auto\u00a0\u00bb rt_bg_position=\u00a0\u00bbright top\u00a0\u00bb rt_bg_attachment=\u00a0\u00bbscroll\u00a0\u00bb][\/vc_column][\/vc_row][vc_row rt_row_background_width=\u00a0\u00bbdefault\u00a0\u00bb rt_row_style=\u00a0\u00bbdefault-style\u00a0\u00bb rt_row_borders=\u00a0\u00bb\u00a0\u00bb rt_row_paddings=\u00a0\u00bbtrue\u00a0\u00bb rt_bg_effect=\u00a0\u00bbclassic\u00a0\u00bb rt_bg_image_repeat=\u00a0\u00bbrepeat\u00a0\u00bb rt_bg_size=\u00a0\u00bbcover\u00a0\u00bb rt_bg_position=\u00a0\u00bbright top\u00a0\u00bb rt_bg_attachment=\u00a0\u00bbscroll\u00a0\u00bb rt_bg_video_format=\u00a0\u00bbself-hosted\u00a0\u00bb rt_padding_top=\u00a0\u00bb50&Prime;][vc_column rt_wrp_col_paddings=\u00a0\u00bbfalse\u00a0\u00bb rt_border_top=\u00a0\u00bb\u00a0\u00bb rt_border_bottom=\u00a0\u00bb\u00a0\u00bb rt_border_left=\u00a0\u00bb\u00a0\u00bb rt_border_right=\u00a0\u00bb\u00a0\u00bb rt_border_top_mobile=\u00a0\u00bb\u00a0\u00bb rt_border_bottom_mobile=\u00a0\u00bb\u00a0\u00bb rt_border_left_mobile=\u00a0\u00bb\u00a0\u00bb rt_border_right_mobile=\u00a0\u00bb\u00a0\u00bb rt_bg_image_repeat=\u00a0\u00bbrepeat\u00a0\u00bb rt_bg_size=\u00a0\u00bbauto auto\u00a0\u00bb rt_bg_position=\u00a0\u00bbright top\u00a0\u00bb rt_bg_attachment=\u00a0\u00bbscroll\u00a0\u00bb][vc_row_inner [&hellip;]<\/p>\n","protected":false},"author":3,"featured_media":0,"parent":0,"menu_order":0,"comment_status":"closed","ping_status":"closed","template":"","meta":{"footnotes":""},"class_list":["post-21356","page","type-page","status-publish","hentry"],"yoast_head":"<!-- This site is optimized with the Yoast SEO plugin v24.2 - https:\/\/yoast.com\/wordpress\/plugins\/seo\/ -->\n<title>METIS PBR<\/title>\n<meta name=\"description\" content=\"Les scanners METIS sont aujourd&#039;hui capables de g\u00e9n\u00e9rer des cartes PBR standardis\u00e9es qui peuvent \u00eatre utilis\u00e9es dans la plupart des logiciels de rendu 3D.\" \/>\n<meta name=\"robots\" content=\"index, follow, max-snippet:-1, max-image-preview:large, max-video-preview:-1\" \/>\n<link rel=\"canonical\" href=\"https:\/\/www.metis-group.com\/fr\/metis-pbr-2\" \/>\n<meta property=\"og:locale\" content=\"fr_FR\" \/>\n<meta property=\"og:type\" content=\"article\" \/>\n<meta property=\"og:title\" content=\"METIS PBR\" \/>\n<meta property=\"og:description\" content=\"Les scanners METIS sont aujourd&#039;hui capables de g\u00e9n\u00e9rer des cartes PBR standardis\u00e9es qui peuvent \u00eatre utilis\u00e9es dans la plupart des logiciels de rendu 3D.\" \/>\n<meta property=\"og:url\" content=\"https:\/\/www.metis-group.com\/fr\/metis-pbr-2\" \/>\n<meta property=\"og:site_name\" content=\"METIS\" \/>\n<meta property=\"article:modified_time\" content=\"2022-06-15T17:53:01+00:00\" \/>\n<meta name=\"twitter:card\" content=\"summary_large_image\" \/>\n<meta name=\"twitter:label1\" content=\"Dur\u00e9e de lecture estim\u00e9e\" \/>\n\t<meta name=\"twitter:data1\" content=\"2 minutes\" \/>\n<script type=\"application\/ld+json\" class=\"yoast-schema-graph\">{\"@context\":\"https:\/\/schema.org\",\"@graph\":[{\"@type\":\"WebPage\",\"@id\":\"https:\/\/www.metis-group.com\/fr\/metis-pbr-2\",\"url\":\"https:\/\/www.metis-group.com\/fr\/metis-pbr-2\",\"name\":\"METIS PBR\",\"isPartOf\":{\"@id\":\"https:\/\/www.metis-group.com\/#website\"},\"datePublished\":\"2022-03-04T09:10:51+00:00\",\"dateModified\":\"2022-06-15T17:53:01+00:00\",\"description\":\"Les scanners METIS sont aujourd'hui capables de g\u00e9n\u00e9rer des cartes PBR standardis\u00e9es qui peuvent \u00eatre utilis\u00e9es dans la plupart des logiciels de rendu 3D.\",\"breadcrumb\":{\"@id\":\"https:\/\/www.metis-group.com\/fr\/metis-pbr-2#breadcrumb\"},\"inLanguage\":\"fr-FR\",\"potentialAction\":[{\"@type\":\"ReadAction\",\"target\":[\"https:\/\/www.metis-group.com\/fr\/metis-pbr-2\"]}]},{\"@type\":\"BreadcrumbList\",\"@id\":\"https:\/\/www.metis-group.com\/fr\/metis-pbr-2#breadcrumb\",\"itemListElement\":[{\"@type\":\"ListItem\",\"position\":1,\"name\":\"Home\",\"item\":\"https:\/\/www.metis-group.com\/fr\"},{\"@type\":\"ListItem\",\"position\":2,\"name\":\"METIS PBR\"}]},{\"@type\":\"WebSite\",\"@id\":\"https:\/\/www.metis-group.com\/#website\",\"url\":\"https:\/\/www.metis-group.com\/\",\"name\":\"METIS\",\"description\":\"High Quality Scanners\",\"publisher\":{\"@id\":\"https:\/\/www.metis-group.com\/#organization\"},\"potentialAction\":[{\"@type\":\"SearchAction\",\"target\":{\"@type\":\"EntryPoint\",\"urlTemplate\":\"https:\/\/www.metis-group.com\/?s={search_term_string}\"},\"query-input\":{\"@type\":\"PropertyValueSpecification\",\"valueRequired\":true,\"valueName\":\"search_term_string\"}}],\"inLanguage\":\"fr-FR\"},{\"@type\":\"Organization\",\"@id\":\"https:\/\/www.metis-group.com\/#organization\",\"name\":\"Metis Systems srl\",\"url\":\"https:\/\/www.metis-group.com\/\",\"logo\":{\"@type\":\"ImageObject\",\"inLanguage\":\"fr-FR\",\"@id\":\"https:\/\/www.metis-group.com\/#\/schema\/logo\/image\/\",\"url\":\"\",\"contentUrl\":\"\",\"caption\":\"Metis Systems srl\"},\"image\":{\"@id\":\"https:\/\/www.metis-group.com\/#\/schema\/logo\/image\/\"},\"sameAs\":[\"https:\/\/www.youtube.com\/user\/MetisDigital\"]}]}<\/script>\n<!-- \/ Yoast SEO plugin. -->","yoast_head_json":{"title":"METIS PBR","description":"Les scanners METIS sont aujourd'hui capables de g\u00e9n\u00e9rer des cartes PBR standardis\u00e9es qui peuvent \u00eatre utilis\u00e9es dans la plupart des logiciels de rendu 3D.","robots":{"index":"index","follow":"follow","max-snippet":"max-snippet:-1","max-image-preview":"max-image-preview:large","max-video-preview":"max-video-preview:-1"},"canonical":"https:\/\/www.metis-group.com\/fr\/metis-pbr-2","og_locale":"fr_FR","og_type":"article","og_title":"METIS PBR","og_description":"Les scanners METIS sont aujourd'hui capables de g\u00e9n\u00e9rer des cartes PBR standardis\u00e9es qui peuvent \u00eatre utilis\u00e9es dans la plupart des logiciels de rendu 3D.","og_url":"https:\/\/www.metis-group.com\/fr\/metis-pbr-2","og_site_name":"METIS","article_modified_time":"2022-06-15T17:53:01+00:00","twitter_card":"summary_large_image","twitter_misc":{"Dur\u00e9e de lecture estim\u00e9e":"2 minutes"},"schema":{"@context":"https:\/\/schema.org","@graph":[{"@type":"WebPage","@id":"https:\/\/www.metis-group.com\/fr\/metis-pbr-2","url":"https:\/\/www.metis-group.com\/fr\/metis-pbr-2","name":"METIS PBR","isPartOf":{"@id":"https:\/\/www.metis-group.com\/#website"},"datePublished":"2022-03-04T09:10:51+00:00","dateModified":"2022-06-15T17:53:01+00:00","description":"Les scanners METIS sont aujourd'hui capables de g\u00e9n\u00e9rer des cartes PBR standardis\u00e9es qui peuvent \u00eatre utilis\u00e9es dans la plupart des logiciels de rendu 3D.","breadcrumb":{"@id":"https:\/\/www.metis-group.com\/fr\/metis-pbr-2#breadcrumb"},"inLanguage":"fr-FR","potentialAction":[{"@type":"ReadAction","target":["https:\/\/www.metis-group.com\/fr\/metis-pbr-2"]}]},{"@type":"BreadcrumbList","@id":"https:\/\/www.metis-group.com\/fr\/metis-pbr-2#breadcrumb","itemListElement":[{"@type":"ListItem","position":1,"name":"Home","item":"https:\/\/www.metis-group.com\/fr"},{"@type":"ListItem","position":2,"name":"METIS PBR"}]},{"@type":"WebSite","@id":"https:\/\/www.metis-group.com\/#website","url":"https:\/\/www.metis-group.com\/","name":"METIS","description":"High Quality Scanners","publisher":{"@id":"https:\/\/www.metis-group.com\/#organization"},"potentialAction":[{"@type":"SearchAction","target":{"@type":"EntryPoint","urlTemplate":"https:\/\/www.metis-group.com\/?s={search_term_string}"},"query-input":{"@type":"PropertyValueSpecification","valueRequired":true,"valueName":"search_term_string"}}],"inLanguage":"fr-FR"},{"@type":"Organization","@id":"https:\/\/www.metis-group.com\/#organization","name":"Metis Systems srl","url":"https:\/\/www.metis-group.com\/","logo":{"@type":"ImageObject","inLanguage":"fr-FR","@id":"https:\/\/www.metis-group.com\/#\/schema\/logo\/image\/","url":"","contentUrl":"","caption":"Metis Systems srl"},"image":{"@id":"https:\/\/www.metis-group.com\/#\/schema\/logo\/image\/"},"sameAs":["https:\/\/www.youtube.com\/user\/MetisDigital"]}]}},"_links":{"self":[{"href":"https:\/\/www.metis-group.com\/fr\/wp-json\/wp\/v2\/pages\/21356","targetHints":{"allow":["GET"]}}],"collection":[{"href":"https:\/\/www.metis-group.com\/fr\/wp-json\/wp\/v2\/pages"}],"about":[{"href":"https:\/\/www.metis-group.com\/fr\/wp-json\/wp\/v2\/types\/page"}],"author":[{"embeddable":true,"href":"https:\/\/www.metis-group.com\/fr\/wp-json\/wp\/v2\/users\/3"}],"replies":[{"embeddable":true,"href":"https:\/\/www.metis-group.com\/fr\/wp-json\/wp\/v2\/comments?post=21356"}],"version-history":[{"count":7,"href":"https:\/\/www.metis-group.com\/fr\/wp-json\/wp\/v2\/pages\/21356\/revisions"}],"predecessor-version":[{"id":22407,"href":"https:\/\/www.metis-group.com\/fr\/wp-json\/wp\/v2\/pages\/21356\/revisions\/22407"}],"wp:attachment":[{"href":"https:\/\/www.metis-group.com\/fr\/wp-json\/wp\/v2\/media?parent=21356"}],"curies":[{"name":"wp","href":"https:\/\/api.w.org\/{rel}","templated":true}]}}