{"id":5996,"date":"2018-12-21T11:46:49","date_gmt":"2018-12-21T11:46:49","guid":{"rendered":"https:\/\/www.metis-group.com\/?page_id=5996"},"modified":"2020-03-30T20:48:07","modified_gmt":"2020-03-30T20:48:07","slug":"precision-des-couleurs","status":"publish","type":"page","link":"https:\/\/www.metis-group.com\/fr\/precision-des-couleurs","title":{"rendered":"Pr\u00e9cision des couleurs"},"content":{"rendered":"<p>[vc_row rt_row_background_width=\u00a0\u00bbfullwidth\u00a0\u00bb rt_row_content_width=\u00a0\u00bbdefault\u00a0\u00bb rt_row_style=\u00a0\u00bbdefault-style\u00a0\u00bb rt_column_placement=\u00a0\u00bbmiddle\u00a0\u00bb rt_row_borders=\u00a0\u00bb\u00a0\u00bb rt_row_paddings=\u00a0\u00bbtrue\u00a0\u00bb rt_bg_effect=\u00a0\u00bbclassic\u00a0\u00bb rt_bg_image_repeat=\u00a0\u00bbrepeat\u00a0\u00bb rt_bg_size=\u00a0\u00bbcover\u00a0\u00bb rt_bg_position=\u00a0\u00bbright top\u00a0\u00bb rt_bg_attachment=\u00a0\u00bbscroll\u00a0\u00bb rt_bg_video_format=\u00a0\u00bbself-hosted\u00a0\u00bb rt_padding_bottom=\u00a0\u00bb0%\u00a0\u00bb rt_padding_top=\u00a0\u00bb50&Prime;][vc_column width=\u00a0\u00bb1\/2&Prime; rt_wrp_col_paddings=\u00a0\u00bbfalse\u00a0\u00bb rt_border_top=\u00a0\u00bb\u00a0\u00bb rt_border_bottom=\u00a0\u00bb\u00a0\u00bb rt_border_left=\u00a0\u00bb\u00a0\u00bb rt_border_right=\u00a0\u00bb\u00a0\u00bb rt_border_top_mobile=\u00a0\u00bb\u00a0\u00bb rt_border_bottom_mobile=\u00a0\u00bb\u00a0\u00bb rt_border_left_mobile=\u00a0\u00bb\u00a0\u00bb rt_border_right_mobile=\u00a0\u00bb\u00a0\u00bb rt_bg_image_repeat=\u00a0\u00bbrepeat\u00a0\u00bb rt_bg_size=\u00a0\u00bbauto auto\u00a0\u00bb rt_bg_position=\u00a0\u00bbright top\u00a0\u00bb rt_bg_attachment=\u00a0\u00bbscroll\u00a0\u00bb][vc_empty_space][vc_column_text]<\/p>\n<p style=\"text-align: justify;\">La pr\u00e9cision des couleurs est un aspect compliqu\u00e9 pour tout type de travail ou de reproduction, et METIS travaille sur ce point depuis longtemps, pour l&rsquo;am\u00e9liorer jour apr\u00e8s jour dans le but d\u2019atteindre presque les limites de ce qui peut \u00eatre r\u00e9alis\u00e9 avec le RVB et la technologie de profilage actuelle des couleurs.<\/p>\n<p>[\/vc_column_text][vc_column_text]<\/p>\n<p style=\"text-align: justify;\">Aujourd&rsquo;hui, obtenir une grande coh\u00e9rence des couleurs est non seulement possible, mais ces solutions sont bien pr\u00e9sentes dans nos scanners DRS, PM3D\u00a0ou SURF 3D.<\/p>\n<p>[\/vc_column_text][vc_column_text]<\/p>\n<p style=\"text-align: justify;\">Dans les applications de patrimoine culturel, la pr\u00e9cision des couleurs METIS DRS-DCS et PM3D peut \u00eatre facilement d\u00e9finie pour r\u00e9pondre aux exigences les plus \u00e9lev\u00e9es des normes directrices de num\u00e9risation de qualit\u00e9 Metamorfoze et FADGI.<\/p>\n<p>[\/vc_column_text][vc_column_text]<\/p>\n<p style=\"text-align: justify;\">Afin d&rsquo;obtenir une haute-fid\u00e9lit\u00e9 des couleurs dans nos scanners, nous:<\/p>\n<ul>\n<li style=\"text-align: justify;\">utilisons le meilleur capteur d&rsquo;imagerie disponible, pilot\u00e9 avec notre \u00e9lectronique de pointe pour la cam\u00e9ra;<\/li>\n<li style=\"text-align: justify;\">avons con\u00e7u un syst\u00e8me d&rsquo;\u00e9clairage LED sophistiqu\u00e9 avec un indice de rendu des couleurs tr\u00e8s \u00e9lev\u00e9 (IRC) qui fournit une \u00e9mission de lumi\u00e8re contr\u00f4l\u00e9e et stable (dans le temps et avec diff\u00e9rents sc\u00e9narios d\u2019\u00e9clairages);<\/li>\n<li style=\"text-align: justify;\">avons con\u00e7u un logiciel de gestion des couleurs puissant et un flux de travail adapt\u00e9 autour de notre scanner.<\/li>\n<\/ul>\n<p>[\/vc_column_text][\/vc_column][vc_column width=\u00a0\u00bb1\/2&Prime; rt_wrp_col_paddings=\u00a0\u00bbfalse\u00a0\u00bb rt_border_top=\u00a0\u00bb\u00a0\u00bb rt_border_bottom=\u00a0\u00bb\u00a0\u00bb rt_border_left=\u00a0\u00bb\u00a0\u00bb rt_border_right=\u00a0\u00bb\u00a0\u00bb rt_border_top_mobile=\u00a0\u00bb\u00a0\u00bb rt_border_bottom_mobile=\u00a0\u00bb\u00a0\u00bb rt_border_left_mobile=\u00a0\u00bb\u00a0\u00bb rt_border_right_mobile=\u00a0\u00bb\u00a0\u00bb rt_bg_image_repeat=\u00a0\u00bbrepeat\u00a0\u00bb rt_bg_size=\u00a0\u00bbauto auto\u00a0\u00bb rt_bg_position=\u00a0\u00bbright top\u00a0\u00bb rt_bg_attachment=\u00a0\u00bbscroll\u00a0\u00bb][vc_single_image image=\u00a0\u00bb3885&Prime; img_size=\u00a0\u00bbfull\u00a0\u00bb][vc_empty_space height=\u00a0\u00bb10px\u00a0\u00bb][\/vc_column][\/vc_row][vc_row rt_row_background_width=\u00a0\u00bbfullwidth\u00a0\u00bb rt_row_content_width=\u00a0\u00bbdefault\u00a0\u00bb rt_row_style=\u00a0\u00bbdefault-style\u00a0\u00bb rt_row_borders=\u00a0\u00bb\u00a0\u00bb rt_row_paddings=\u00a0\u00bbtrue\u00a0\u00bb rt_bg_effect=\u00a0\u00bbclassic\u00a0\u00bb rt_bg_image_repeat=\u00a0\u00bbrepeat\u00a0\u00bb rt_bg_size=\u00a0\u00bbcover\u00a0\u00bb rt_bg_position=\u00a0\u00bbright top\u00a0\u00bb rt_bg_attachment=\u00a0\u00bbscroll\u00a0\u00bb rt_bg_video_format=\u00a0\u00bbself-hosted\u00a0\u00bb rt_padding_top=\u00a0\u00bb50&Prime; rt_padding_bottom=\u00a0\u00bb50&Prime;][vc_column rt_wrp_col_paddings=\u00a0\u00bbfalse\u00a0\u00bb rt_border_top=\u00a0\u00bb\u00a0\u00bb rt_border_bottom=\u00a0\u00bb\u00a0\u00bb rt_border_left=\u00a0\u00bb\u00a0\u00bb rt_border_right=\u00a0\u00bb\u00a0\u00bb rt_border_top_mobile=\u00a0\u00bb\u00a0\u00bb rt_border_bottom_mobile=\u00a0\u00bb\u00a0\u00bb rt_border_left_mobile=\u00a0\u00bb\u00a0\u00bb rt_border_right_mobile=\u00a0\u00bb\u00a0\u00bb rt_bg_image_repeat=\u00a0\u00bbrepeat\u00a0\u00bb rt_bg_size=\u00a0\u00bbauto auto\u00a0\u00bb rt_bg_position=\u00a0\u00bbright top\u00a0\u00bb rt_bg_attachment=\u00a0\u00bbscroll\u00a0\u00bb][vc_column_text]<\/p>\n<h6 style=\"text-align: center;\"><strong>Le logiciel METIS \u00ab\u00a0Color Profiler\u00a0\u00bb est d\u00e9sormais directement int\u00e9gr\u00e9 au logiciel de num\u00e9risation \u00ab\u00a0Scan Director\u00a0\u00bb,\u00a0<\/strong><strong>permettant de v\u00e9rifier et de valider la pr\u00e9cision des couleurs \u00e0 tout moment.<\/strong><\/h6>\n<p>[\/vc_column_text][vc_empty_space height=\u00a0\u00bb15px\u00a0\u00bb]\r\n\t\t\t\t<div id=\"slider-image-carousel-158950\" class=\"rt-carousel rt-image-carousel carousel-holder clearfix rt-image-carousel \" data-item-width=\"1\" data-nav=\"true\" data-dots=\"true\" data-margin=\"\" data-autoplay=\"false\" data-timeout=\"5000\" data-loop=\"true\" data-tablet-item-width=\"1\" data-mobile-item-width=\"1\">\r\n\t\t\t\t\t<div class=\"owl-carousel\">\r\n\t\t\t\t\t\t<div><img decoding=\"async\" src=\"https:\/\/www.metis-group.com\/wp-content\/uploads\/2017\/06\/01-Color-Accuracy-SLIDE-1.1.jpg\" alt=\"Color Accuracy SLIDE 1.1\" itemprop=\"image\"><\/div><div><img decoding=\"async\" src=\"https:\/\/www.metis-group.com\/wp-content\/uploads\/2017\/06\/01-Color-Accuracy-SLIDE-2.1.jpg\" alt=\"Color Accuracy SLIDE 2.1\" itemprop=\"image\"><\/div><div><img decoding=\"async\" src=\"https:\/\/www.metis-group.com\/wp-content\/uploads\/2017\/06\/01-Color-Accuracy-SLIDE-3.1.jpg\" alt=\"Color Accuracy SLIDE 3.1\" itemprop=\"image\"><\/div><div><img decoding=\"async\" src=\"https:\/\/www.metis-group.com\/wp-content\/uploads\/2017\/06\/01-Color-Accuracy-SLIDE-4.1.jpg\" alt=\"Color Accuracy SLIDE 4.1\" itemprop=\"image\"><\/div>\r\n\t\t\t\t\t<\/div>\r\n\t\t\t\t\t\r\n\t\t\t\t<div id=\"slider-image-carousel-158950-dots\" class=\"dots-holder\">\r\n\t\t\t\t<\/div>\r\n\t\t\t\r\n\t\t\t\t<\/div>\r\n\t\t\t[\/vc_column][\/vc_row]<\/p>\n","protected":false},"excerpt":{"rendered":"<p>[vc_row rt_row_background_width=\u00a0\u00bbfullwidth\u00a0\u00bb rt_row_content_width=\u00a0\u00bbdefault\u00a0\u00bb rt_row_style=\u00a0\u00bbdefault-style\u00a0\u00bb rt_column_placement=\u00a0\u00bbmiddle\u00a0\u00bb rt_row_borders=\u00a0\u00bb\u00a0\u00bb rt_row_paddings=\u00a0\u00bbtrue\u00a0\u00bb rt_bg_effect=\u00a0\u00bbclassic\u00a0\u00bb rt_bg_image_repeat=\u00a0\u00bbrepeat\u00a0\u00bb rt_bg_size=\u00a0\u00bbcover\u00a0\u00bb rt_bg_position=\u00a0\u00bbright top\u00a0\u00bb rt_bg_attachment=\u00a0\u00bbscroll\u00a0\u00bb rt_bg_video_format=\u00a0\u00bbself-hosted\u00a0\u00bb rt_padding_bottom=\u00a0\u00bb0%\u00a0\u00bb rt_padding_top=\u00a0\u00bb50&Prime;][vc_column width=\u00a0\u00bb1\/2&Prime; rt_wrp_col_paddings=\u00a0\u00bbfalse\u00a0\u00bb rt_border_top=\u00a0\u00bb\u00a0\u00bb rt_border_bottom=\u00a0\u00bb\u00a0\u00bb rt_border_left=\u00a0\u00bb\u00a0\u00bb rt_border_right=\u00a0\u00bb\u00a0\u00bb rt_border_top_mobile=\u00a0\u00bb\u00a0\u00bb rt_border_bottom_mobile=\u00a0\u00bb\u00a0\u00bb rt_border_left_mobile=\u00a0\u00bb\u00a0\u00bb rt_border_right_mobile=\u00a0\u00bb\u00a0\u00bb rt_bg_image_repeat=\u00a0\u00bbrepeat\u00a0\u00bb rt_bg_size=\u00a0\u00bbauto auto\u00a0\u00bb rt_bg_position=\u00a0\u00bbright top\u00a0\u00bb rt_bg_attachment=\u00a0\u00bbscroll\u00a0\u00bb][vc_empty_space][vc_column_text] La pr\u00e9cision des couleurs est un aspect compliqu\u00e9 pour tout type de travail ou de reproduction, et METIS travaille sur ce point depuis [&hellip;]<\/p>\n","protected":false},"author":3,"featured_media":0,"parent":0,"menu_order":0,"comment_status":"closed","ping_status":"closed","template":"","meta":{"footnotes":""},"class_list":["post-5996","page","type-page","status-publish","hentry"],"yoast_head":"<!-- This site is optimized with the Yoast SEO plugin v24.2 - https:\/\/yoast.com\/wordpress\/plugins\/seo\/ -->\n<title>Pr\u00e9cision des couleurs - METIS Systems srl Tecnologie<\/title>\n<meta name=\"description\" content=\"La pr\u00e9cision des couleurs est un aspect compliqu\u00e9 pour tout type de travail ou de reproduction, et METIS travaille sur ce point depuis longtemps, pour ...\" \/>\n<meta name=\"robots\" content=\"index, follow, max-snippet:-1, max-image-preview:large, max-video-preview:-1\" \/>\n<link rel=\"canonical\" href=\"https:\/\/www.metis-group.com\/fr\/precision-des-couleurs\" \/>\n<meta property=\"og:locale\" content=\"fr_FR\" \/>\n<meta property=\"og:type\" content=\"article\" \/>\n<meta property=\"og:title\" content=\"Pr\u00e9cision des couleurs - METIS Systems srl Tecnologie\" \/>\n<meta property=\"og:description\" content=\"La pr\u00e9cision des couleurs est un aspect compliqu\u00e9 pour tout type de travail ou de reproduction, et METIS travaille sur ce point depuis longtemps, pour ...\" \/>\n<meta property=\"og:url\" content=\"https:\/\/www.metis-group.com\/fr\/precision-des-couleurs\" \/>\n<meta property=\"og:site_name\" content=\"METIS\" \/>\n<meta property=\"article:modified_time\" content=\"2020-03-30T20:48:07+00:00\" \/>\n<meta name=\"twitter:card\" content=\"summary_large_image\" \/>\n<meta name=\"twitter:label1\" content=\"Dur\u00e9e de lecture estim\u00e9e\" \/>\n\t<meta name=\"twitter:data1\" content=\"3 minutes\" \/>\n<script type=\"application\/ld+json\" class=\"yoast-schema-graph\">{\"@context\":\"https:\/\/schema.org\",\"@graph\":[{\"@type\":\"WebPage\",\"@id\":\"https:\/\/www.metis-group.com\/fr\/precision-des-couleurs\",\"url\":\"https:\/\/www.metis-group.com\/fr\/precision-des-couleurs\",\"name\":\"Pr\u00e9cision des couleurs - METIS Systems srl Tecnologie\",\"isPartOf\":{\"@id\":\"https:\/\/www.metis-group.com\/#website\"},\"datePublished\":\"2018-12-21T11:46:49+00:00\",\"dateModified\":\"2020-03-30T20:48:07+00:00\",\"description\":\"La pr\u00e9cision des couleurs est un aspect compliqu\u00e9 pour tout type de travail ou de reproduction, et METIS travaille sur ce point depuis longtemps, pour ...\",\"breadcrumb\":{\"@id\":\"https:\/\/www.metis-group.com\/fr\/precision-des-couleurs#breadcrumb\"},\"inLanguage\":\"fr-FR\",\"potentialAction\":[{\"@type\":\"ReadAction\",\"target\":[\"https:\/\/www.metis-group.com\/fr\/precision-des-couleurs\"]}]},{\"@type\":\"BreadcrumbList\",\"@id\":\"https:\/\/www.metis-group.com\/fr\/precision-des-couleurs#breadcrumb\",\"itemListElement\":[{\"@type\":\"ListItem\",\"position\":1,\"name\":\"Home\",\"item\":\"https:\/\/www.metis-group.com\/fr\"},{\"@type\":\"ListItem\",\"position\":2,\"name\":\"Pr\u00e9cision des couleurs\"}]},{\"@type\":\"WebSite\",\"@id\":\"https:\/\/www.metis-group.com\/#website\",\"url\":\"https:\/\/www.metis-group.com\/\",\"name\":\"METIS\",\"description\":\"High Quality Scanners\",\"publisher\":{\"@id\":\"https:\/\/www.metis-group.com\/#organization\"},\"potentialAction\":[{\"@type\":\"SearchAction\",\"target\":{\"@type\":\"EntryPoint\",\"urlTemplate\":\"https:\/\/www.metis-group.com\/?s={search_term_string}\"},\"query-input\":{\"@type\":\"PropertyValueSpecification\",\"valueRequired\":true,\"valueName\":\"search_term_string\"}}],\"inLanguage\":\"fr-FR\"},{\"@type\":\"Organization\",\"@id\":\"https:\/\/www.metis-group.com\/#organization\",\"name\":\"Metis Systems srl\",\"url\":\"https:\/\/www.metis-group.com\/\",\"logo\":{\"@type\":\"ImageObject\",\"inLanguage\":\"fr-FR\",\"@id\":\"https:\/\/www.metis-group.com\/#\/schema\/logo\/image\/\",\"url\":\"\",\"contentUrl\":\"\",\"caption\":\"Metis Systems srl\"},\"image\":{\"@id\":\"https:\/\/www.metis-group.com\/#\/schema\/logo\/image\/\"},\"sameAs\":[\"https:\/\/www.youtube.com\/user\/MetisDigital\"]}]}<\/script>\n<!-- \/ Yoast SEO plugin. -->","yoast_head_json":{"title":"Pr\u00e9cision des couleurs - METIS Systems srl Tecnologie","description":"La pr\u00e9cision des couleurs est un aspect compliqu\u00e9 pour tout type de travail ou de reproduction, et METIS travaille sur ce point depuis longtemps, pour ...","robots":{"index":"index","follow":"follow","max-snippet":"max-snippet:-1","max-image-preview":"max-image-preview:large","max-video-preview":"max-video-preview:-1"},"canonical":"https:\/\/www.metis-group.com\/fr\/precision-des-couleurs","og_locale":"fr_FR","og_type":"article","og_title":"Pr\u00e9cision des couleurs - METIS Systems srl Tecnologie","og_description":"La pr\u00e9cision des couleurs est un aspect compliqu\u00e9 pour tout type de travail ou de reproduction, et METIS travaille sur ce point depuis longtemps, pour ...","og_url":"https:\/\/www.metis-group.com\/fr\/precision-des-couleurs","og_site_name":"METIS","article_modified_time":"2020-03-30T20:48:07+00:00","twitter_card":"summary_large_image","twitter_misc":{"Dur\u00e9e de lecture estim\u00e9e":"3 minutes"},"schema":{"@context":"https:\/\/schema.org","@graph":[{"@type":"WebPage","@id":"https:\/\/www.metis-group.com\/fr\/precision-des-couleurs","url":"https:\/\/www.metis-group.com\/fr\/precision-des-couleurs","name":"Pr\u00e9cision des couleurs - METIS Systems srl Tecnologie","isPartOf":{"@id":"https:\/\/www.metis-group.com\/#website"},"datePublished":"2018-12-21T11:46:49+00:00","dateModified":"2020-03-30T20:48:07+00:00","description":"La pr\u00e9cision des couleurs est un aspect compliqu\u00e9 pour tout type de travail ou de reproduction, et METIS travaille sur ce point depuis longtemps, pour ...","breadcrumb":{"@id":"https:\/\/www.metis-group.com\/fr\/precision-des-couleurs#breadcrumb"},"inLanguage":"fr-FR","potentialAction":[{"@type":"ReadAction","target":["https:\/\/www.metis-group.com\/fr\/precision-des-couleurs"]}]},{"@type":"BreadcrumbList","@id":"https:\/\/www.metis-group.com\/fr\/precision-des-couleurs#breadcrumb","itemListElement":[{"@type":"ListItem","position":1,"name":"Home","item":"https:\/\/www.metis-group.com\/fr"},{"@type":"ListItem","position":2,"name":"Pr\u00e9cision des couleurs"}]},{"@type":"WebSite","@id":"https:\/\/www.metis-group.com\/#website","url":"https:\/\/www.metis-group.com\/","name":"METIS","description":"High Quality Scanners","publisher":{"@id":"https:\/\/www.metis-group.com\/#organization"},"potentialAction":[{"@type":"SearchAction","target":{"@type":"EntryPoint","urlTemplate":"https:\/\/www.metis-group.com\/?s={search_term_string}"},"query-input":{"@type":"PropertyValueSpecification","valueRequired":true,"valueName":"search_term_string"}}],"inLanguage":"fr-FR"},{"@type":"Organization","@id":"https:\/\/www.metis-group.com\/#organization","name":"Metis Systems srl","url":"https:\/\/www.metis-group.com\/","logo":{"@type":"ImageObject","inLanguage":"fr-FR","@id":"https:\/\/www.metis-group.com\/#\/schema\/logo\/image\/","url":"","contentUrl":"","caption":"Metis Systems srl"},"image":{"@id":"https:\/\/www.metis-group.com\/#\/schema\/logo\/image\/"},"sameAs":["https:\/\/www.youtube.com\/user\/MetisDigital"]}]}},"_links":{"self":[{"href":"https:\/\/www.metis-group.com\/fr\/wp-json\/wp\/v2\/pages\/5996","targetHints":{"allow":["GET"]}}],"collection":[{"href":"https:\/\/www.metis-group.com\/fr\/wp-json\/wp\/v2\/pages"}],"about":[{"href":"https:\/\/www.metis-group.com\/fr\/wp-json\/wp\/v2\/types\/page"}],"author":[{"embeddable":true,"href":"https:\/\/www.metis-group.com\/fr\/wp-json\/wp\/v2\/users\/3"}],"replies":[{"embeddable":true,"href":"https:\/\/www.metis-group.com\/fr\/wp-json\/wp\/v2\/comments?post=5996"}],"version-history":[{"count":31,"href":"https:\/\/www.metis-group.com\/fr\/wp-json\/wp\/v2\/pages\/5996\/revisions"}],"predecessor-version":[{"id":10571,"href":"https:\/\/www.metis-group.com\/fr\/wp-json\/wp\/v2\/pages\/5996\/revisions\/10571"}],"wp:attachment":[{"href":"https:\/\/www.metis-group.com\/fr\/wp-json\/wp\/v2\/media?parent=5996"}],"curies":[{"name":"wp","href":"https:\/\/api.w.org\/{rel}","templated":true}]}}