{"id":6513,"date":"2018-12-21T11:46:49","date_gmt":"2018-12-21T11:46:49","guid":{"rendered":"https:\/\/www.metis-group.com\/?page_id=6513"},"modified":"2020-03-30T20:49:17","modified_gmt":"2020-03-30T20:49:17","slug":"haute-resolution-grands-formats","status":"publish","type":"page","link":"https:\/\/www.metis-group.com\/fr\/haute-resolution-grands-formats","title":{"rendered":"Haute R\u00e9solution \/ Grands Formats"},"content":{"rendered":"<p>[vc_row rt_row_background_width=\u00a0\u00bbfullwidth\u00a0\u00bb rt_row_content_width=\u00a0\u00bbdefault\u00a0\u00bb rt_row_style=\u00a0\u00bbdefault-style\u00a0\u00bb rt_row_borders=\u00a0\u00bb\u00a0\u00bb rt_row_paddings=\u00a0\u00bbtrue\u00a0\u00bb rt_bg_effect=\u00a0\u00bbclassic\u00a0\u00bb rt_bg_image_repeat=\u00a0\u00bbrepeat\u00a0\u00bb rt_bg_size=\u00a0\u00bbcover\u00a0\u00bb rt_bg_position=\u00a0\u00bbright top\u00a0\u00bb rt_bg_attachment=\u00a0\u00bbscroll\u00a0\u00bb rt_bg_video_format=\u00a0\u00bbself-hosted\u00a0\u00bb rt_padding_top=\u00a0\u00bb50&Prime; rt_padding_bottom=\u00a0\u00bb50&Prime;][vc_column rt_wrp_col_paddings=\u00a0\u00bbfalse\u00a0\u00bb rt_border_top=\u00a0\u00bb\u00a0\u00bb rt_border_bottom=\u00a0\u00bb\u00a0\u00bb rt_border_left=\u00a0\u00bb\u00a0\u00bb rt_border_right=\u00a0\u00bb\u00a0\u00bb rt_border_top_mobile=\u00a0\u00bb\u00a0\u00bb rt_border_bottom_mobile=\u00a0\u00bb\u00a0\u00bb rt_border_left_mobile=\u00a0\u00bb\u00a0\u00bb rt_border_right_mobile=\u00a0\u00bb\u00a0\u00bb rt_bg_image_repeat=\u00a0\u00bbrepeat\u00a0\u00bb rt_bg_size=\u00a0\u00bbauto auto\u00a0\u00bb rt_bg_position=\u00a0\u00bbright top\u00a0\u00bb rt_bg_attachment=\u00a0\u00bbscroll\u00a0\u00bb][vc_column_text]<img decoding=\"async\" class=\"alignleft wp-image-3641\" style=\"margin-bottom: 10px;\" title=\"large formats scanner by Metis\" src=\"https:\/\/www.metis-group.com\/wp-content\/uploads\/2017\/06\/DSC0102-bw-960x640.jpg\" alt=\"\" width=\"50%\" srcset=\"https:\/\/www.metis-group.com\/wp-content\/uploads\/2017\/06\/DSC0102-bw-960x640.jpg 960w, https:\/\/www.metis-group.com\/wp-content\/uploads\/2017\/06\/DSC0102-bw-960x640-300x200.jpg 300w, https:\/\/www.metis-group.com\/wp-content\/uploads\/2017\/06\/DSC0102-bw-960x640-768x513.jpg 768w\" sizes=\"(max-width: 960px) 100vw, 960px\" \/><\/p>\n<p style=\"text-align: justify;\">Une conception optique, m\u00e9canique et cin\u00e9tique parfaite et par cons\u00e9quent une mise en \u0153uvre parfaite est n\u00e9cessaire pour scanner\u00a0<strong>les d\u00e9tails tr\u00e8s fins<\/strong>, en particulier sur les\u00a0<strong>grands formats<\/strong>.<\/p>\n<p style=\"text-align: justify;\">Mais la m\u00e9canique de haute pr\u00e9cision a toujours un co\u00fbt, et par cons\u00e9quent, les m\u00eames performances ne peuvent \u00eatre attendues de n&rsquo;importe quel appareil bien que les sp\u00e9cifications techniques peuvent parfois sembler similaires. En fait, tout compromis optique ou m\u00e9canique le plus insignifiant peut avoir un impact \u00e9norme sur le r\u00e9sultat final.<\/p>\n<p style=\"text-align: justify;\">Et ce n&rsquo;est pas seulement vrai pour les scanners d&rsquo;imagerie grand format, mais pour tous les types d\u2019\u00e9quipements de haute pr\u00e9cision (graveurs, imprimantes num\u00e9riques, etc.).<\/p>\n<p style=\"text-align: justify;\">Pour cette raison, pour nos scanners nous utilisons les meilleures solutions m\u00e9caniques et optiques disponibles afin d\u2019obtenir des r\u00e9sultats sans compromis, qui se traduisent par des balayages parfaitement nets sur toute la zone de num\u00e9risation.<\/p>\n<p style=\"text-align: justify;\">Quelques faits: notre meilleur scanner, le <a href=\"https:\/\/www.metis-group.com\/fr\/product\/superscan-pm3d\" target=\"_blank\" rel=\"noopener noreferrer\">PM3D<\/a>, peut fournir plus de 10 GigaPixels d&rsquo;informations optiques r\u00e9elles mesurables.<\/p>\n<p style=\"text-align: justify;\">Par rapport au meilleur appareil photo num\u00e9rique aujourd&rsquo;hui disponible (qui a atteint 100 MegaPixels), nous parlons de 100 fois plus de r\u00e9solution\/donn\u00e9es.<\/p>\n<p style=\"text-align: justify;\">La vid\u00e9o suivante montre un exemple des\u00a0possibilit\u00e9s de num\u00e9risation\u00a0<strong>METIS haute r\u00e9solution<\/strong>\u00a0\/\u00a0<strong>grand format.<\/strong><\/p>\n<p>[\/vc_column_text][\/vc_column][\/vc_row][vc_row rt_row_background_width=\u00a0\u00bbfullwidth\u00a0\u00bb rt_row_content_width=\u00a0\u00bbfullwidth\u00a0\u00bb rt_row_style=\u00a0\u00bbalt-style-1&Prime; rt_row_borders=\u00a0\u00bb\u00a0\u00bb rt_row_paddings=\u00a0\u00bbtrue\u00a0\u00bb rt_bg_effect=\u00a0\u00bbclassic\u00a0\u00bb rt_bg_image_repeat=\u00a0\u00bbrepeat\u00a0\u00bb rt_bg_size=\u00a0\u00bbcover\u00a0\u00bb rt_bg_position=\u00a0\u00bbright top\u00a0\u00bb rt_bg_attachment=\u00a0\u00bbscroll\u00a0\u00bb rt_bg_video_format=\u00a0\u00bbself-hosted\u00a0\u00bb rt_padding_top=\u00a0\u00bb50&Prime; rt_padding_bottom=\u00a0\u00bb50&Prime;][vc_column width=\u00a0\u00bb1\/4&Prime; rt_wrp_col_paddings=\u00a0\u00bbfalse\u00a0\u00bb rt_border_top=\u00a0\u00bb\u00a0\u00bb rt_border_bottom=\u00a0\u00bb\u00a0\u00bb rt_border_left=\u00a0\u00bb\u00a0\u00bb rt_border_right=\u00a0\u00bb\u00a0\u00bb rt_border_top_mobile=\u00a0\u00bb\u00a0\u00bb rt_border_bottom_mobile=\u00a0\u00bb\u00a0\u00bb rt_border_left_mobile=\u00a0\u00bb\u00a0\u00bb rt_border_right_mobile=\u00a0\u00bb\u00a0\u00bb rt_bg_image_repeat=\u00a0\u00bbrepeat\u00a0\u00bb rt_bg_size=\u00a0\u00bbauto auto\u00a0\u00bb rt_bg_position=\u00a0\u00bbright top\u00a0\u00bb rt_bg_attachment=\u00a0\u00bbscroll\u00a0\u00bb][\/vc_column][vc_column width=\u00a0\u00bb1\/2&Prime; rt_wrp_col_paddings=\u00a0\u00bbfalse\u00a0\u00bb rt_border_top=\u00a0\u00bb\u00a0\u00bb rt_border_bottom=\u00a0\u00bb\u00a0\u00bb rt_border_left=\u00a0\u00bb\u00a0\u00bb rt_border_right=\u00a0\u00bb\u00a0\u00bb rt_border_top_mobile=\u00a0\u00bb\u00a0\u00bb rt_border_bottom_mobile=\u00a0\u00bb\u00a0\u00bb rt_border_left_mobile=\u00a0\u00bb\u00a0\u00bb rt_border_right_mobile=\u00a0\u00bb\u00a0\u00bb rt_bg_image_repeat=\u00a0\u00bbrepeat\u00a0\u00bb rt_bg_size=\u00a0\u00bbauto auto\u00a0\u00bb rt_bg_position=\u00a0\u00bbright top\u00a0\u00bb rt_bg_attachment=\u00a0\u00bbscroll\u00a0\u00bb][vc_column_text]<iframe loading=\"lazy\" width=\"100%\" height=\"315\" src=\"https:\/\/www.youtube-nocookie.com\/embed\/epFezqqsfTs?rel=0&showinfo=0\" frameborder=\"0\" allowfullscreen><\/iframe>[\/vc_column_text][\/vc_column][vc_column width=\u00a0\u00bb1\/4&Prime; rt_wrp_col_paddings=\u00a0\u00bbfalse\u00a0\u00bb rt_border_top=\u00a0\u00bb\u00a0\u00bb rt_border_bottom=\u00a0\u00bb\u00a0\u00bb rt_border_left=\u00a0\u00bb\u00a0\u00bb rt_border_right=\u00a0\u00bb\u00a0\u00bb rt_border_top_mobile=\u00a0\u00bb\u00a0\u00bb rt_border_bottom_mobile=\u00a0\u00bb\u00a0\u00bb rt_border_left_mobile=\u00a0\u00bb\u00a0\u00bb rt_border_right_mobile=\u00a0\u00bb\u00a0\u00bb rt_bg_image_repeat=\u00a0\u00bbrepeat\u00a0\u00bb rt_bg_size=\u00a0\u00bbauto auto\u00a0\u00bb rt_bg_position=\u00a0\u00bbright top\u00a0\u00bb rt_bg_attachment=\u00a0\u00bbscroll\u00a0\u00bb][\/vc_column][\/vc_row]<\/p>\n","protected":false},"excerpt":{"rendered":"<p>[vc_row rt_row_background_width=\u00a0\u00bbfullwidth\u00a0\u00bb rt_row_content_width=\u00a0\u00bbdefault\u00a0\u00bb rt_row_style=\u00a0\u00bbdefault-style\u00a0\u00bb rt_row_borders=\u00a0\u00bb\u00a0\u00bb rt_row_paddings=\u00a0\u00bbtrue\u00a0\u00bb rt_bg_effect=\u00a0\u00bbclassic\u00a0\u00bb rt_bg_image_repeat=\u00a0\u00bbrepeat\u00a0\u00bb rt_bg_size=\u00a0\u00bbcover\u00a0\u00bb rt_bg_position=\u00a0\u00bbright top\u00a0\u00bb rt_bg_attachment=\u00a0\u00bbscroll\u00a0\u00bb rt_bg_video_format=\u00a0\u00bbself-hosted\u00a0\u00bb rt_padding_top=\u00a0\u00bb50&Prime; rt_padding_bottom=\u00a0\u00bb50&Prime;][vc_column rt_wrp_col_paddings=\u00a0\u00bbfalse\u00a0\u00bb rt_border_top=\u00a0\u00bb\u00a0\u00bb rt_border_bottom=\u00a0\u00bb\u00a0\u00bb rt_border_left=\u00a0\u00bb\u00a0\u00bb rt_border_right=\u00a0\u00bb\u00a0\u00bb rt_border_top_mobile=\u00a0\u00bb\u00a0\u00bb rt_border_bottom_mobile=\u00a0\u00bb\u00a0\u00bb rt_border_left_mobile=\u00a0\u00bb\u00a0\u00bb rt_border_right_mobile=\u00a0\u00bb\u00a0\u00bb rt_bg_image_repeat=\u00a0\u00bbrepeat\u00a0\u00bb rt_bg_size=\u00a0\u00bbauto auto\u00a0\u00bb rt_bg_position=\u00a0\u00bbright top\u00a0\u00bb rt_bg_attachment=\u00a0\u00bbscroll\u00a0\u00bb][vc_column_text] Une conception optique, m\u00e9canique et cin\u00e9tique parfaite et par cons\u00e9quent une mise en \u0153uvre parfaite est n\u00e9cessaire pour scanner\u00a0les d\u00e9tails tr\u00e8s fins, en particulier sur [&hellip;]<\/p>\n","protected":false},"author":3,"featured_media":0,"parent":0,"menu_order":0,"comment_status":"closed","ping_status":"closed","template":"","meta":{"footnotes":""},"class_list":["post-6513","page","type-page","status-publish","hentry"],"yoast_head":"<!-- This site is optimized with the Yoast SEO plugin v24.2 - https:\/\/yoast.com\/wordpress\/plugins\/seo\/ -->\n<title>High Resolution \/ Large Formats Technology by Metis Systems S.r.l.<\/title>\n<meta name=\"description\" content=\"A perfect optical, mechanical and kinetic design and consequently also an impeccable implementation is required for scanning in large formats and fine ...\" \/>\n<meta name=\"robots\" content=\"index, follow, max-snippet:-1, max-image-preview:large, max-video-preview:-1\" \/>\n<link rel=\"canonical\" href=\"https:\/\/www.metis-group.com\/fr\/haute-resolution-grands-formats\" \/>\n<meta property=\"og:locale\" content=\"fr_FR\" \/>\n<meta property=\"og:type\" content=\"article\" \/>\n<meta property=\"og:title\" content=\"High Resolution \/ Large Formats Technology by Metis Systems S.r.l.\" \/>\n<meta property=\"og:description\" content=\"A perfect optical, mechanical and kinetic design and consequently also an impeccable implementation is required for scanning in large formats and fine ...\" \/>\n<meta property=\"og:url\" content=\"https:\/\/www.metis-group.com\/fr\/haute-resolution-grands-formats\" \/>\n<meta property=\"og:site_name\" content=\"METIS\" \/>\n<meta property=\"article:modified_time\" content=\"2020-03-30T20:49:17+00:00\" \/>\n<meta property=\"og:image\" content=\"https:\/\/www.metis-group.com\/wp-content\/uploads\/2017\/06\/DSC0102-bw-960x640.jpg\" \/>\n\t<meta property=\"og:image:width\" content=\"960\" \/>\n\t<meta property=\"og:image:height\" content=\"641\" \/>\n\t<meta property=\"og:image:type\" content=\"image\/jpeg\" \/>\n<meta name=\"twitter:card\" content=\"summary_large_image\" \/>\n<meta name=\"twitter:label1\" content=\"Dur\u00e9e de lecture estim\u00e9e\" \/>\n\t<meta name=\"twitter:data1\" content=\"3 minutes\" \/>\n<script type=\"application\/ld+json\" class=\"yoast-schema-graph\">{\"@context\":\"https:\/\/schema.org\",\"@graph\":[{\"@type\":\"WebPage\",\"@id\":\"https:\/\/www.metis-group.com\/fr\/haute-resolution-grands-formats\",\"url\":\"https:\/\/www.metis-group.com\/fr\/haute-resolution-grands-formats\",\"name\":\"High Resolution \/ Large Formats Technology by Metis Systems S.r.l.\",\"isPartOf\":{\"@id\":\"https:\/\/www.metis-group.com\/#website\"},\"primaryImageOfPage\":{\"@id\":\"https:\/\/www.metis-group.com\/fr\/haute-resolution-grands-formats#primaryimage\"},\"image\":{\"@id\":\"https:\/\/www.metis-group.com\/fr\/haute-resolution-grands-formats#primaryimage\"},\"thumbnailUrl\":\"https:\/\/www.metis-group.com\/wp-content\/uploads\/2017\/06\/DSC0102-bw-960x640.jpg\",\"datePublished\":\"2018-12-21T11:46:49+00:00\",\"dateModified\":\"2020-03-30T20:49:17+00:00\",\"description\":\"A perfect optical, mechanical and kinetic design and consequently also an impeccable implementation is required for scanning in large formats and fine ...\",\"breadcrumb\":{\"@id\":\"https:\/\/www.metis-group.com\/fr\/haute-resolution-grands-formats#breadcrumb\"},\"inLanguage\":\"fr-FR\",\"potentialAction\":[{\"@type\":\"ReadAction\",\"target\":[\"https:\/\/www.metis-group.com\/fr\/haute-resolution-grands-formats\"]}]},{\"@type\":\"ImageObject\",\"inLanguage\":\"fr-FR\",\"@id\":\"https:\/\/www.metis-group.com\/fr\/haute-resolution-grands-formats#primaryimage\",\"url\":\"https:\/\/www.metis-group.com\/wp-content\/uploads\/2017\/06\/DSC0102-bw-960x640.jpg\",\"contentUrl\":\"https:\/\/www.metis-group.com\/wp-content\/uploads\/2017\/06\/DSC0102-bw-960x640.jpg\"},{\"@type\":\"BreadcrumbList\",\"@id\":\"https:\/\/www.metis-group.com\/fr\/haute-resolution-grands-formats#breadcrumb\",\"itemListElement\":[{\"@type\":\"ListItem\",\"position\":1,\"name\":\"Home\",\"item\":\"https:\/\/www.metis-group.com\/fr\"},{\"@type\":\"ListItem\",\"position\":2,\"name\":\"Haute R\u00e9solution \/ Grands Formats\"}]},{\"@type\":\"WebSite\",\"@id\":\"https:\/\/www.metis-group.com\/#website\",\"url\":\"https:\/\/www.metis-group.com\/\",\"name\":\"METIS\",\"description\":\"High Quality Scanners\",\"publisher\":{\"@id\":\"https:\/\/www.metis-group.com\/#organization\"},\"potentialAction\":[{\"@type\":\"SearchAction\",\"target\":{\"@type\":\"EntryPoint\",\"urlTemplate\":\"https:\/\/www.metis-group.com\/?s={search_term_string}\"},\"query-input\":{\"@type\":\"PropertyValueSpecification\",\"valueRequired\":true,\"valueName\":\"search_term_string\"}}],\"inLanguage\":\"fr-FR\"},{\"@type\":\"Organization\",\"@id\":\"https:\/\/www.metis-group.com\/#organization\",\"name\":\"Metis Systems srl\",\"url\":\"https:\/\/www.metis-group.com\/\",\"logo\":{\"@type\":\"ImageObject\",\"inLanguage\":\"fr-FR\",\"@id\":\"https:\/\/www.metis-group.com\/#\/schema\/logo\/image\/\",\"url\":\"\",\"contentUrl\":\"\",\"caption\":\"Metis Systems srl\"},\"image\":{\"@id\":\"https:\/\/www.metis-group.com\/#\/schema\/logo\/image\/\"},\"sameAs\":[\"https:\/\/www.youtube.com\/user\/MetisDigital\"]}]}<\/script>\n<!-- \/ Yoast SEO plugin. -->","yoast_head_json":{"title":"High Resolution \/ Large Formats Technology by Metis Systems S.r.l.","description":"A perfect optical, mechanical and kinetic design and consequently also an impeccable implementation is required for scanning in large formats and fine ...","robots":{"index":"index","follow":"follow","max-snippet":"max-snippet:-1","max-image-preview":"max-image-preview:large","max-video-preview":"max-video-preview:-1"},"canonical":"https:\/\/www.metis-group.com\/fr\/haute-resolution-grands-formats","og_locale":"fr_FR","og_type":"article","og_title":"High Resolution \/ Large Formats Technology by Metis Systems S.r.l.","og_description":"A perfect optical, mechanical and kinetic design and consequently also an impeccable implementation is required for scanning in large formats and fine ...","og_url":"https:\/\/www.metis-group.com\/fr\/haute-resolution-grands-formats","og_site_name":"METIS","article_modified_time":"2020-03-30T20:49:17+00:00","og_image":[{"width":960,"height":641,"url":"https:\/\/www.metis-group.com\/wp-content\/uploads\/2017\/06\/DSC0102-bw-960x640.jpg","type":"image\/jpeg"}],"twitter_card":"summary_large_image","twitter_misc":{"Dur\u00e9e de lecture estim\u00e9e":"3 minutes"},"schema":{"@context":"https:\/\/schema.org","@graph":[{"@type":"WebPage","@id":"https:\/\/www.metis-group.com\/fr\/haute-resolution-grands-formats","url":"https:\/\/www.metis-group.com\/fr\/haute-resolution-grands-formats","name":"High Resolution \/ Large Formats Technology by Metis Systems S.r.l.","isPartOf":{"@id":"https:\/\/www.metis-group.com\/#website"},"primaryImageOfPage":{"@id":"https:\/\/www.metis-group.com\/fr\/haute-resolution-grands-formats#primaryimage"},"image":{"@id":"https:\/\/www.metis-group.com\/fr\/haute-resolution-grands-formats#primaryimage"},"thumbnailUrl":"https:\/\/www.metis-group.com\/wp-content\/uploads\/2017\/06\/DSC0102-bw-960x640.jpg","datePublished":"2018-12-21T11:46:49+00:00","dateModified":"2020-03-30T20:49:17+00:00","description":"A perfect optical, mechanical and kinetic design and consequently also an impeccable implementation is required for scanning in large formats and fine ...","breadcrumb":{"@id":"https:\/\/www.metis-group.com\/fr\/haute-resolution-grands-formats#breadcrumb"},"inLanguage":"fr-FR","potentialAction":[{"@type":"ReadAction","target":["https:\/\/www.metis-group.com\/fr\/haute-resolution-grands-formats"]}]},{"@type":"ImageObject","inLanguage":"fr-FR","@id":"https:\/\/www.metis-group.com\/fr\/haute-resolution-grands-formats#primaryimage","url":"https:\/\/www.metis-group.com\/wp-content\/uploads\/2017\/06\/DSC0102-bw-960x640.jpg","contentUrl":"https:\/\/www.metis-group.com\/wp-content\/uploads\/2017\/06\/DSC0102-bw-960x640.jpg"},{"@type":"BreadcrumbList","@id":"https:\/\/www.metis-group.com\/fr\/haute-resolution-grands-formats#breadcrumb","itemListElement":[{"@type":"ListItem","position":1,"name":"Home","item":"https:\/\/www.metis-group.com\/fr"},{"@type":"ListItem","position":2,"name":"Haute R\u00e9solution \/ Grands Formats"}]},{"@type":"WebSite","@id":"https:\/\/www.metis-group.com\/#website","url":"https:\/\/www.metis-group.com\/","name":"METIS","description":"High Quality Scanners","publisher":{"@id":"https:\/\/www.metis-group.com\/#organization"},"potentialAction":[{"@type":"SearchAction","target":{"@type":"EntryPoint","urlTemplate":"https:\/\/www.metis-group.com\/?s={search_term_string}"},"query-input":{"@type":"PropertyValueSpecification","valueRequired":true,"valueName":"search_term_string"}}],"inLanguage":"fr-FR"},{"@type":"Organization","@id":"https:\/\/www.metis-group.com\/#organization","name":"Metis Systems srl","url":"https:\/\/www.metis-group.com\/","logo":{"@type":"ImageObject","inLanguage":"fr-FR","@id":"https:\/\/www.metis-group.com\/#\/schema\/logo\/image\/","url":"","contentUrl":"","caption":"Metis Systems srl"},"image":{"@id":"https:\/\/www.metis-group.com\/#\/schema\/logo\/image\/"},"sameAs":["https:\/\/www.youtube.com\/user\/MetisDigital"]}]}},"_links":{"self":[{"href":"https:\/\/www.metis-group.com\/fr\/wp-json\/wp\/v2\/pages\/6513","targetHints":{"allow":["GET"]}}],"collection":[{"href":"https:\/\/www.metis-group.com\/fr\/wp-json\/wp\/v2\/pages"}],"about":[{"href":"https:\/\/www.metis-group.com\/fr\/wp-json\/wp\/v2\/types\/page"}],"author":[{"embeddable":true,"href":"https:\/\/www.metis-group.com\/fr\/wp-json\/wp\/v2\/users\/3"}],"replies":[{"embeddable":true,"href":"https:\/\/www.metis-group.com\/fr\/wp-json\/wp\/v2\/comments?post=6513"}],"version-history":[{"count":8,"href":"https:\/\/www.metis-group.com\/fr\/wp-json\/wp\/v2\/pages\/6513\/revisions"}],"predecessor-version":[{"id":11353,"href":"https:\/\/www.metis-group.com\/fr\/wp-json\/wp\/v2\/pages\/6513\/revisions\/11353"}],"wp:attachment":[{"href":"https:\/\/www.metis-group.com\/fr\/wp-json\/wp\/v2\/media?parent=6513"}],"curies":[{"name":"wp","href":"https:\/\/api.w.org\/{rel}","templated":true}]}}