{"id":6518,"date":"2018-12-21T11:46:49","date_gmt":"2018-12-21T11:46:49","guid":{"rendered":"https:\/\/www.metis-group.com\/?page_id=6518"},"modified":"2021-04-22T12:48:03","modified_gmt":"2021-04-22T12:48:03","slug":"resultats-naturels-dc-synchrolight","status":"publish","type":"page","link":"https:\/\/www.metis-group.com\/fr\/resultats-naturels-dc-synchrolight","title":{"rendered":"R\u00e9sultats naturels \/ DC Synchrolight"},"content":{"rendered":"<p>[vc_row rt_row_background_width=\u00a0\u00bbfullwidth\u00a0\u00bb rt_row_content_width=\u00a0\u00bbdefault\u00a0\u00bb rt_row_style=\u00a0\u00bbdefault-style\u00a0\u00bb rt_row_borders=\u00a0\u00bb\u00a0\u00bb rt_row_paddings=\u00a0\u00bbtrue\u00a0\u00bb rt_bg_effect=\u00a0\u00bbclassic\u00a0\u00bb rt_bg_image_repeat=\u00a0\u00bbrepeat\u00a0\u00bb rt_bg_size=\u00a0\u00bbcover\u00a0\u00bb rt_bg_position=\u00a0\u00bbright top\u00a0\u00bb rt_bg_attachment=\u00a0\u00bbscroll\u00a0\u00bb rt_bg_video_format=\u00a0\u00bbself-hosted\u00a0\u00bb rt_padding_top=\u00a0\u00bb70&Prime; rt_padding_bottom=\u00a0\u00bb30&Prime;][vc_column width=\u00a0\u00bb1\/2&Prime; rt_wrp_col_paddings=\u00a0\u00bbfalse\u00a0\u00bb rt_border_top=\u00a0\u00bb\u00a0\u00bb rt_border_bottom=\u00a0\u00bb\u00a0\u00bb rt_border_left=\u00a0\u00bb\u00a0\u00bb rt_border_right=\u00a0\u00bb\u00a0\u00bb rt_border_top_mobile=\u00a0\u00bb\u00a0\u00bb rt_border_bottom_mobile=\u00a0\u00bb\u00a0\u00bb rt_border_left_mobile=\u00a0\u00bb\u00a0\u00bb rt_border_right_mobile=\u00a0\u00bb\u00a0\u00bb rt_bg_image_repeat=\u00a0\u00bbrepeat\u00a0\u00bb rt_bg_size=\u00a0\u00bbauto auto\u00a0\u00bb rt_bg_position=\u00a0\u00bbright top\u00a0\u00bb rt_bg_attachment=\u00a0\u00bbscroll\u00a0\u00bb]<div class=\"rt_heading_wrapper style-5\">\n\t\t\t\t\t\t<h3 class=\"rt_heading  style-5\" >L&rsquo;importance de la lumi\u00e8re!<\/h3>\n\t\t\t\t\t<\/div>[vc_column_text]<\/p>\n<p style=\"text-align: justify;\">Afin de capturer l&rsquo;essence naturelle des mat\u00e9riaux \/ art, il n&rsquo;y a rien de mieux que d&rsquo;utiliser une approche photographique traditionnelle (des concepts optiques aux concepts d&rsquo;\u00e9clairage).<\/p>\n<p style=\"text-align: justify;\">Par cons\u00e9quent, l&rsquo;un de nos objectifs a toujours \u00e9t\u00e9 de \u00ab\u00a0pouvoir concentrer la puissance et la flexibilit\u00e9 d&rsquo;un studio photographique dans nos scanners\u00a0\u00bb.<\/p>\n<p style=\"text-align: justify;\">Un autre objectif a \u00e9t\u00e9 que nos scanners doivent \u00eatre utilis\u00e9s sans avoir besoin de connaissances photographiques \u00e9tendues.<\/p>\n<p style=\"text-align: justify;\">Surtout l&rsquo;\u00e9clairage pr\u00e9sentait de nombreux d\u00e9fis car nous voulions aussi:<\/p>\n<ul>\n<li style=\"text-align: justify;\">nos images \u00e9tant le r\u00e9sultat de v\u00e9ritables changements de lumi\u00e8re comme dans un v\u00e9ritable studio photographique;<\/li>\n<li style=\"text-align: justify;\">\u00eatre capable de r\u00e9gler l&rsquo;\u00e9clairage du scanner automatiquement et sans interaction physique par l&rsquo;op\u00e9rateur.<\/li>\n<\/ul>\n<p>[\/vc_column_text][\/vc_column][vc_column width=\u00a0\u00bb1\/2&Prime; rt_wrp_col_paddings=\u00a0\u00bbfalse\u00a0\u00bb rt_border_top=\u00a0\u00bb\u00a0\u00bb rt_border_bottom=\u00a0\u00bb\u00a0\u00bb rt_border_left=\u00a0\u00bb\u00a0\u00bb rt_border_right=\u00a0\u00bb\u00a0\u00bb rt_border_top_mobile=\u00a0\u00bb\u00a0\u00bb rt_border_bottom_mobile=\u00a0\u00bb\u00a0\u00bb rt_border_left_mobile=\u00a0\u00bb\u00a0\u00bb rt_border_right_mobile=\u00a0\u00bb\u00a0\u00bb rt_bg_image_repeat=\u00a0\u00bbrepeat\u00a0\u00bb rt_bg_size=\u00a0\u00bbauto auto\u00a0\u00bb rt_bg_position=\u00a0\u00bbright top\u00a0\u00bb rt_bg_attachment=\u00a0\u00bbscroll\u00a0\u00bb][vc_single_image image=\u00a0\u00bb3908&Prime; img_size=\u00a0\u00bbfull\u00a0\u00bb][\/vc_column][\/vc_row][vc_row rt_row_background_width=\u00a0\u00bbdefault\u00a0\u00bb rt_row_style=\u00a0\u00bbdefault-style\u00a0\u00bb rt_row_borders=\u00a0\u00bb\u00a0\u00bb rt_row_paddings=\u00a0\u00bbtrue\u00a0\u00bb rt_bg_effect=\u00a0\u00bbclassic\u00a0\u00bb rt_bg_image_repeat=\u00a0\u00bbrepeat\u00a0\u00bb rt_bg_size=\u00a0\u00bbcover\u00a0\u00bb rt_bg_position=\u00a0\u00bbright top\u00a0\u00bb rt_bg_attachment=\u00a0\u00bbscroll\u00a0\u00bb rt_bg_video_format=\u00a0\u00bbself-hosted\u00a0\u00bb rt_padding_top=\u00a0\u00bb10&Prime; rt_padding_bottom=\u00a0\u00bb50&Prime;][vc_column width=\u00a0\u00bb1\/2&Prime; rt_wrp_col_paddings=\u00a0\u00bbfalse\u00a0\u00bb rt_border_top=\u00a0\u00bb\u00a0\u00bb rt_border_bottom=\u00a0\u00bb\u00a0\u00bb rt_border_left=\u00a0\u00bb\u00a0\u00bb rt_border_right=\u00a0\u00bb\u00a0\u00bb rt_border_top_mobile=\u00a0\u00bb\u00a0\u00bb rt_border_bottom_mobile=\u00a0\u00bb\u00a0\u00bb rt_border_left_mobile=\u00a0\u00bb\u00a0\u00bb rt_border_right_mobile=\u00a0\u00bb\u00a0\u00bb rt_bg_image_repeat=\u00a0\u00bbrepeat\u00a0\u00bb rt_bg_size=\u00a0\u00bbauto auto\u00a0\u00bb rt_bg_position=\u00a0\u00bbright top\u00a0\u00bb rt_bg_attachment=\u00a0\u00bbscroll\u00a0\u00bb][vc_empty_space height=\u00a0\u00bb30px\u00a0\u00bb]<div class=\"rt_heading_wrapper style-5\">\n\t\t\t\t\t\t<h3 class=\"rt_heading  style-5\" >DC Syncrolight<\/h3>\n\t\t\t\t\t<\/div>[vc_column_text]<\/p>\n<p style=\"text-align: justify;\">Malgr\u00e9 tout, cela n&rsquo;est pas trivial, nous avons r\u00e9alis\u00e9 ce que nous voulions et depuis 2010 nous avons:<\/p>\n<ul>\n<li style=\"text-align: justify;\">un\u00a0<strong>nouveau syst\u00e8me d&rsquo;\u00e9clairage brevet\u00e9<\/strong>\u00a0(<strong>DC SynchroLight<\/strong>) qui r\u00e9sout les probl\u00e8mes techniques li\u00e9s \u00e0 l&rsquo;\u00e9clairage des studios permettant ainsi de contr\u00f4ler toutes les directions de lumi\u00e8re possibles sur les originaux (et en fournissant un aspect 3D naturel);<\/li>\n<li style=\"text-align: justify;\">un\u00a0<strong>logiciel sophistiqu\u00e9<\/strong>\u00a0qui prend en charge la partie technique et permet \u00e0 l&rsquo;utilisateur de se concentrer uniquement sur les r\u00e9sultats qu&rsquo;il veut atteindre et non sur la fa\u00e7on d&rsquo;obtenir ces r\u00e9sultats.<\/li>\n<\/ul>\n<p>[\/vc_column_text][\/vc_column][vc_column width=\u00a0\u00bb1\/2&Prime; rt_wrp_col_paddings=\u00a0\u00bbfalse\u00a0\u00bb rt_border_top=\u00a0\u00bb\u00a0\u00bb rt_border_bottom=\u00a0\u00bb\u00a0\u00bb rt_border_left=\u00a0\u00bb\u00a0\u00bb rt_border_right=\u00a0\u00bb\u00a0\u00bb rt_border_top_mobile=\u00a0\u00bb\u00a0\u00bb rt_border_bottom_mobile=\u00a0\u00bb\u00a0\u00bb rt_border_left_mobile=\u00a0\u00bb\u00a0\u00bb rt_border_right_mobile=\u00a0\u00bb\u00a0\u00bb rt_bg_image_repeat=\u00a0\u00bbrepeat\u00a0\u00bb rt_bg_size=\u00a0\u00bbauto auto\u00a0\u00bb rt_bg_position=\u00a0\u00bbright top\u00a0\u00bb rt_bg_attachment=\u00a0\u00bbscroll\u00a0\u00bb][vc_single_image image=\u00a0\u00bb10729&Prime; img_size=\u00a0\u00bbfull\u00a0\u00bb alignment=\u00a0\u00bbcenter\u00a0\u00bb][\/vc_column][\/vc_row]<\/p>\n","protected":false},"excerpt":{"rendered":"<p>[vc_row rt_row_background_width=\u00a0\u00bbfullwidth\u00a0\u00bb rt_row_content_width=\u00a0\u00bbdefault\u00a0\u00bb rt_row_style=\u00a0\u00bbdefault-style\u00a0\u00bb rt_row_borders=\u00a0\u00bb\u00a0\u00bb rt_row_paddings=\u00a0\u00bbtrue\u00a0\u00bb rt_bg_effect=\u00a0\u00bbclassic\u00a0\u00bb rt_bg_image_repeat=\u00a0\u00bbrepeat\u00a0\u00bb rt_bg_size=\u00a0\u00bbcover\u00a0\u00bb rt_bg_position=\u00a0\u00bbright top\u00a0\u00bb rt_bg_attachment=\u00a0\u00bbscroll\u00a0\u00bb rt_bg_video_format=\u00a0\u00bbself-hosted\u00a0\u00bb rt_padding_top=\u00a0\u00bb70&Prime; rt_padding_bottom=\u00a0\u00bb30&Prime;][vc_column width=\u00a0\u00bb1\/2&Prime; rt_wrp_col_paddings=\u00a0\u00bbfalse\u00a0\u00bb rt_border_top=\u00a0\u00bb\u00a0\u00bb rt_border_bottom=\u00a0\u00bb\u00a0\u00bb rt_border_left=\u00a0\u00bb\u00a0\u00bb rt_border_right=\u00a0\u00bb\u00a0\u00bb rt_border_top_mobile=\u00a0\u00bb\u00a0\u00bb rt_border_bottom_mobile=\u00a0\u00bb\u00a0\u00bb rt_border_left_mobile=\u00a0\u00bb\u00a0\u00bb rt_border_right_mobile=\u00a0\u00bb\u00a0\u00bb rt_bg_image_repeat=\u00a0\u00bbrepeat\u00a0\u00bb rt_bg_size=\u00a0\u00bbauto auto\u00a0\u00bb rt_bg_position=\u00a0\u00bbright top\u00a0\u00bb rt_bg_attachment=\u00a0\u00bbscroll\u00a0\u00bb][vc_column_text] Afin de capturer l&rsquo;essence naturelle des mat\u00e9riaux \/ art, il n&rsquo;y a rien de mieux que d&rsquo;utiliser une approche photographique traditionnelle (des concepts optiques [&hellip;]<\/p>\n","protected":false},"author":3,"featured_media":0,"parent":0,"menu_order":0,"comment_status":"closed","ping_status":"closed","template":"","meta":{"footnotes":""},"class_list":["post-6518","page","type-page","status-publish","hentry"],"yoast_head":"<!-- This site is optimized with the Yoast SEO plugin v24.2 - https:\/\/yoast.com\/wordpress\/plugins\/seo\/ -->\n<title>Natural Results \/ DC Syncrolight - Metis Systems S.r.l.<\/title>\n<meta name=\"description\" content=\"The importance of the Natural Results! The importance of the light! In order to capture the natural essence of materials\/art there is nothing as good as...\" \/>\n<meta name=\"robots\" content=\"index, follow, max-snippet:-1, max-image-preview:large, max-video-preview:-1\" \/>\n<link rel=\"canonical\" href=\"https:\/\/www.metis-group.com\/fr\/resultats-naturels-dc-synchrolight\" \/>\n<meta property=\"og:locale\" content=\"fr_FR\" \/>\n<meta property=\"og:type\" content=\"article\" \/>\n<meta property=\"og:title\" content=\"Natural Results \/ DC Syncrolight - Metis Systems S.r.l.\" \/>\n<meta property=\"og:description\" content=\"The importance of the Natural Results! The importance of the light! In order to capture the natural essence of materials\/art there is nothing as good as...\" \/>\n<meta property=\"og:url\" content=\"https:\/\/www.metis-group.com\/fr\/resultats-naturels-dc-synchrolight\" \/>\n<meta property=\"og:site_name\" content=\"METIS\" \/>\n<meta property=\"article:modified_time\" content=\"2021-04-22T12:48:03+00:00\" \/>\n<meta name=\"twitter:card\" content=\"summary_large_image\" \/>\n<meta name=\"twitter:label1\" content=\"Dur\u00e9e de lecture estim\u00e9e\" \/>\n\t<meta name=\"twitter:data1\" content=\"2 minutes\" \/>\n<script type=\"application\/ld+json\" class=\"yoast-schema-graph\">{\"@context\":\"https:\/\/schema.org\",\"@graph\":[{\"@type\":\"WebPage\",\"@id\":\"https:\/\/www.metis-group.com\/fr\/resultats-naturels-dc-synchrolight\",\"url\":\"https:\/\/www.metis-group.com\/fr\/resultats-naturels-dc-synchrolight\",\"name\":\"Natural Results \/ DC Syncrolight - Metis Systems S.r.l.\",\"isPartOf\":{\"@id\":\"https:\/\/www.metis-group.com\/#website\"},\"datePublished\":\"2018-12-21T11:46:49+00:00\",\"dateModified\":\"2021-04-22T12:48:03+00:00\",\"description\":\"The importance of the Natural Results! The importance of the light! In order to capture the natural essence of materials\/art there is nothing as good as...\",\"breadcrumb\":{\"@id\":\"https:\/\/www.metis-group.com\/fr\/resultats-naturels-dc-synchrolight#breadcrumb\"},\"inLanguage\":\"fr-FR\",\"potentialAction\":[{\"@type\":\"ReadAction\",\"target\":[\"https:\/\/www.metis-group.com\/fr\/resultats-naturels-dc-synchrolight\"]}]},{\"@type\":\"BreadcrumbList\",\"@id\":\"https:\/\/www.metis-group.com\/fr\/resultats-naturels-dc-synchrolight#breadcrumb\",\"itemListElement\":[{\"@type\":\"ListItem\",\"position\":1,\"name\":\"Home\",\"item\":\"https:\/\/www.metis-group.com\/fr\"},{\"@type\":\"ListItem\",\"position\":2,\"name\":\"R\u00e9sultats naturels \/ DC Synchrolight\"}]},{\"@type\":\"WebSite\",\"@id\":\"https:\/\/www.metis-group.com\/#website\",\"url\":\"https:\/\/www.metis-group.com\/\",\"name\":\"METIS\",\"description\":\"High Quality Scanners\",\"publisher\":{\"@id\":\"https:\/\/www.metis-group.com\/#organization\"},\"potentialAction\":[{\"@type\":\"SearchAction\",\"target\":{\"@type\":\"EntryPoint\",\"urlTemplate\":\"https:\/\/www.metis-group.com\/?s={search_term_string}\"},\"query-input\":{\"@type\":\"PropertyValueSpecification\",\"valueRequired\":true,\"valueName\":\"search_term_string\"}}],\"inLanguage\":\"fr-FR\"},{\"@type\":\"Organization\",\"@id\":\"https:\/\/www.metis-group.com\/#organization\",\"name\":\"Metis Systems srl\",\"url\":\"https:\/\/www.metis-group.com\/\",\"logo\":{\"@type\":\"ImageObject\",\"inLanguage\":\"fr-FR\",\"@id\":\"https:\/\/www.metis-group.com\/#\/schema\/logo\/image\/\",\"url\":\"\",\"contentUrl\":\"\",\"caption\":\"Metis Systems srl\"},\"image\":{\"@id\":\"https:\/\/www.metis-group.com\/#\/schema\/logo\/image\/\"},\"sameAs\":[\"https:\/\/www.youtube.com\/user\/MetisDigital\"]}]}<\/script>\n<!-- \/ Yoast SEO plugin. -->","yoast_head_json":{"title":"Natural Results \/ DC Syncrolight - Metis Systems S.r.l.","description":"The importance of the Natural Results! The importance of the light! In order to capture the natural essence of materials\/art there is nothing as good as...","robots":{"index":"index","follow":"follow","max-snippet":"max-snippet:-1","max-image-preview":"max-image-preview:large","max-video-preview":"max-video-preview:-1"},"canonical":"https:\/\/www.metis-group.com\/fr\/resultats-naturels-dc-synchrolight","og_locale":"fr_FR","og_type":"article","og_title":"Natural Results \/ DC Syncrolight - Metis Systems S.r.l.","og_description":"The importance of the Natural Results! The importance of the light! In order to capture the natural essence of materials\/art there is nothing as good as...","og_url":"https:\/\/www.metis-group.com\/fr\/resultats-naturels-dc-synchrolight","og_site_name":"METIS","article_modified_time":"2021-04-22T12:48:03+00:00","twitter_card":"summary_large_image","twitter_misc":{"Dur\u00e9e de lecture estim\u00e9e":"2 minutes"},"schema":{"@context":"https:\/\/schema.org","@graph":[{"@type":"WebPage","@id":"https:\/\/www.metis-group.com\/fr\/resultats-naturels-dc-synchrolight","url":"https:\/\/www.metis-group.com\/fr\/resultats-naturels-dc-synchrolight","name":"Natural Results \/ DC Syncrolight - Metis Systems S.r.l.","isPartOf":{"@id":"https:\/\/www.metis-group.com\/#website"},"datePublished":"2018-12-21T11:46:49+00:00","dateModified":"2021-04-22T12:48:03+00:00","description":"The importance of the Natural Results! The importance of the light! In order to capture the natural essence of materials\/art there is nothing as good as...","breadcrumb":{"@id":"https:\/\/www.metis-group.com\/fr\/resultats-naturels-dc-synchrolight#breadcrumb"},"inLanguage":"fr-FR","potentialAction":[{"@type":"ReadAction","target":["https:\/\/www.metis-group.com\/fr\/resultats-naturels-dc-synchrolight"]}]},{"@type":"BreadcrumbList","@id":"https:\/\/www.metis-group.com\/fr\/resultats-naturels-dc-synchrolight#breadcrumb","itemListElement":[{"@type":"ListItem","position":1,"name":"Home","item":"https:\/\/www.metis-group.com\/fr"},{"@type":"ListItem","position":2,"name":"R\u00e9sultats naturels \/ DC Synchrolight"}]},{"@type":"WebSite","@id":"https:\/\/www.metis-group.com\/#website","url":"https:\/\/www.metis-group.com\/","name":"METIS","description":"High Quality Scanners","publisher":{"@id":"https:\/\/www.metis-group.com\/#organization"},"potentialAction":[{"@type":"SearchAction","target":{"@type":"EntryPoint","urlTemplate":"https:\/\/www.metis-group.com\/?s={search_term_string}"},"query-input":{"@type":"PropertyValueSpecification","valueRequired":true,"valueName":"search_term_string"}}],"inLanguage":"fr-FR"},{"@type":"Organization","@id":"https:\/\/www.metis-group.com\/#organization","name":"Metis Systems srl","url":"https:\/\/www.metis-group.com\/","logo":{"@type":"ImageObject","inLanguage":"fr-FR","@id":"https:\/\/www.metis-group.com\/#\/schema\/logo\/image\/","url":"","contentUrl":"","caption":"Metis Systems srl"},"image":{"@id":"https:\/\/www.metis-group.com\/#\/schema\/logo\/image\/"},"sameAs":["https:\/\/www.youtube.com\/user\/MetisDigital"]}]}},"_links":{"self":[{"href":"https:\/\/www.metis-group.com\/fr\/wp-json\/wp\/v2\/pages\/6518","targetHints":{"allow":["GET"]}}],"collection":[{"href":"https:\/\/www.metis-group.com\/fr\/wp-json\/wp\/v2\/pages"}],"about":[{"href":"https:\/\/www.metis-group.com\/fr\/wp-json\/wp\/v2\/types\/page"}],"author":[{"embeddable":true,"href":"https:\/\/www.metis-group.com\/fr\/wp-json\/wp\/v2\/users\/3"}],"replies":[{"embeddable":true,"href":"https:\/\/www.metis-group.com\/fr\/wp-json\/wp\/v2\/comments?post=6518"}],"version-history":[{"count":9,"href":"https:\/\/www.metis-group.com\/fr\/wp-json\/wp\/v2\/pages\/6518\/revisions"}],"predecessor-version":[{"id":18567,"href":"https:\/\/www.metis-group.com\/fr\/wp-json\/wp\/v2\/pages\/6518\/revisions\/18567"}],"wp:attachment":[{"href":"https:\/\/www.metis-group.com\/fr\/wp-json\/wp\/v2\/media?parent=6518"}],"curies":[{"name":"wp","href":"https:\/\/api.w.org\/{rel}","templated":true}]}}