{"id":6523,"date":"2018-12-21T11:46:46","date_gmt":"2018-12-21T11:46:46","guid":{"rendered":"https:\/\/www.metis-group.com\/?page_id=6523"},"modified":"2020-03-30T20:55:21","modified_gmt":"2020-03-30T20:55:21","slug":"apparence-visuelle","status":"publish","type":"page","link":"https:\/\/www.metis-group.com\/fr\/apparence-visuelle","title":{"rendered":"Apparence visuelle"},"content":{"rendered":"<p>[vc_row rt_row_background_width=\u00a0\u00bbfullwidth\u00a0\u00bb rt_row_content_width=\u00a0\u00bbdefault\u00a0\u00bb rt_row_style=\u00a0\u00bbdefault-style\u00a0\u00bb rt_row_borders=\u00a0\u00bb\u00a0\u00bb rt_row_paddings=\u00a0\u00bbtrue\u00a0\u00bb rt_bg_effect=\u00a0\u00bbclassic\u00a0\u00bb rt_bg_image_repeat=\u00a0\u00bbrepeat\u00a0\u00bb rt_bg_size=\u00a0\u00bbcover\u00a0\u00bb rt_bg_position=\u00a0\u00bbright top\u00a0\u00bb rt_bg_attachment=\u00a0\u00bbscroll\u00a0\u00bb rt_bg_video_format=\u00a0\u00bbself-hosted\u00a0\u00bb rt_padding_top=\u00a0\u00bb50&Prime; rt_padding_bottom=\u00a0\u00bb50&Prime;][vc_column width=\u00a0\u00bb1\/2&Prime; rt_wrp_col_paddings=\u00a0\u00bbfalse\u00a0\u00bb rt_border_top=\u00a0\u00bb\u00a0\u00bb rt_border_bottom=\u00a0\u00bb\u00a0\u00bb rt_border_left=\u00a0\u00bb\u00a0\u00bb rt_border_right=\u00a0\u00bb\u00a0\u00bb rt_border_top_mobile=\u00a0\u00bb\u00a0\u00bb rt_border_bottom_mobile=\u00a0\u00bb\u00a0\u00bb rt_border_left_mobile=\u00a0\u00bb\u00a0\u00bb rt_border_right_mobile=\u00a0\u00bb\u00a0\u00bb rt_bg_image_repeat=\u00a0\u00bbrepeat\u00a0\u00bb rt_bg_size=\u00a0\u00bbauto auto\u00a0\u00bb rt_bg_position=\u00a0\u00bbright top\u00a0\u00bb rt_bg_attachment=\u00a0\u00bbscroll\u00a0\u00bb][vc_column_text]<\/p>\n<p style=\"text-align: justify;\">Lorsque nous regardons un objet \/ mat\u00e9riel \/ art, notre perception de celui-ci peut changer en fonction de nombreux facteurs. Les plus importants sont le point de vue et les conditions d\u2019\u00e9clairages.<\/p>\n<p style=\"text-align: justify;\">Pour certaines applications (p.ex. d\u00e9coration), obtenir une perception visuelle correcte est tout aussi important que d&rsquo;obtenir une fid\u00e9lit\u00e9 de couleur parfaite et une r\u00e9solution optimale, car si vous ne pouvez pas capter l&rsquo;essence de la mati\u00e8re, vous ne pourrez pas le reproduire correctement ou de toute fa\u00e7on, transmettre le sentiment de cette mati\u00e8re dans vos images num\u00e9ris\u00e9es.<\/p>\n<p style=\"text-align: justify;\">Pour certaines applications, obtenir l&rsquo;apparence visuelle correcte, signifie \u00eatre capable de capturer \u00e9galement la tridimensionnalit\u00e9 du mat\u00e9riau (p.ex. obtenir une \u00ab\u00a0Apparence 3D\u00a0\u00bb visuelle); dans d&rsquo;autres cas, cela signifie \u00eatre capable de diff\u00e9rencier la surface brillante de la surface mate (p.ex. que les d\u00e9tails dor\u00e9s brillent naturellement); dans d&rsquo;autres cas, \u00e0 l&rsquo;inverse, un r\u00e9sultat tr\u00e8s plat est attendu (p.ex. dans la reproduction du document, la mani\u00e8re de maximiser la lisibilit\u00e9 et de minimiser l&rsquo;impact du mat\u00e9riau de base). Par cons\u00e9quent, une num\u00e9risation parfaite ne peut \u00eatre obtenue qu&rsquo;en \u00e9tant capable de contr\u00f4ler et d&rsquo;ajuster l&rsquo;apparence visuelle en fonction du mat\u00e9riau et de l&rsquo;application requise.<\/p>\n<p style=\"text-align: justify;\">Pour cette raison, une partie importante de la technologie que nous concevons chez METIS, vise \u00e0 fournir\u00a0<strong>une personnalisation \u00e9tendue de l&rsquo;apparence visuelle<\/strong>.\u00a0Ceci est principalement obtenu par le syst\u00e8me d&rsquo;\u00e9clairage brevet\u00e9 du scanner en combinaison avec le logiciel METIS Light Inspector qui permet l&rsquo;\u00e9valuation <strong>en temps r\u00e9el<\/strong> de diff\u00e9rentes apparences visuelles gr\u00e2ce \u00e0 un contr\u00f4le d&rsquo;\u00e9clairage \u00e9tendu.<\/p>\n<p>[\/vc_column_text][\/vc_column][vc_column width=\u00a0\u00bb1\/2&Prime; rt_wrp_col_paddings=\u00a0\u00bbfalse\u00a0\u00bb rt_border_top=\u00a0\u00bb\u00a0\u00bb rt_border_bottom=\u00a0\u00bb\u00a0\u00bb rt_border_left=\u00a0\u00bb\u00a0\u00bb rt_border_right=\u00a0\u00bb\u00a0\u00bb rt_border_top_mobile=\u00a0\u00bb\u00a0\u00bb rt_border_bottom_mobile=\u00a0\u00bb\u00a0\u00bb rt_border_left_mobile=\u00a0\u00bb\u00a0\u00bb rt_border_right_mobile=\u00a0\u00bb\u00a0\u00bb rt_bg_image_repeat=\u00a0\u00bbrepeat\u00a0\u00bb rt_bg_size=\u00a0\u00bbauto auto\u00a0\u00bb rt_bg_position=\u00a0\u00bbright top\u00a0\u00bb rt_bg_attachment=\u00a0\u00bbscroll\u00a0\u00bb][vc_column_text]<iframe loading=\"lazy\" width=\"100%\" height=\"315\" src=\"https:\/\/www.youtube-nocookie.com\/embed\/494O48_mZEs?rel=0&showinfo=0\" frameborder=\"0\" allowfullscreen><\/iframe>[\/vc_column_text][\/vc_column][\/vc_row]<\/p>\n","protected":false},"excerpt":{"rendered":"<p>[vc_row rt_row_background_width=\u00a0\u00bbfullwidth\u00a0\u00bb rt_row_content_width=\u00a0\u00bbdefault\u00a0\u00bb rt_row_style=\u00a0\u00bbdefault-style\u00a0\u00bb rt_row_borders=\u00a0\u00bb\u00a0\u00bb rt_row_paddings=\u00a0\u00bbtrue\u00a0\u00bb rt_bg_effect=\u00a0\u00bbclassic\u00a0\u00bb rt_bg_image_repeat=\u00a0\u00bbrepeat\u00a0\u00bb rt_bg_size=\u00a0\u00bbcover\u00a0\u00bb rt_bg_position=\u00a0\u00bbright top\u00a0\u00bb rt_bg_attachment=\u00a0\u00bbscroll\u00a0\u00bb rt_bg_video_format=\u00a0\u00bbself-hosted\u00a0\u00bb rt_padding_top=\u00a0\u00bb50&Prime; rt_padding_bottom=\u00a0\u00bb50&Prime;][vc_column width=\u00a0\u00bb1\/2&Prime; rt_wrp_col_paddings=\u00a0\u00bbfalse\u00a0\u00bb rt_border_top=\u00a0\u00bb\u00a0\u00bb rt_border_bottom=\u00a0\u00bb\u00a0\u00bb rt_border_left=\u00a0\u00bb\u00a0\u00bb rt_border_right=\u00a0\u00bb\u00a0\u00bb rt_border_top_mobile=\u00a0\u00bb\u00a0\u00bb rt_border_bottom_mobile=\u00a0\u00bb\u00a0\u00bb rt_border_left_mobile=\u00a0\u00bb\u00a0\u00bb rt_border_right_mobile=\u00a0\u00bb\u00a0\u00bb rt_bg_image_repeat=\u00a0\u00bbrepeat\u00a0\u00bb rt_bg_size=\u00a0\u00bbauto auto\u00a0\u00bb rt_bg_position=\u00a0\u00bbright top\u00a0\u00bb rt_bg_attachment=\u00a0\u00bbscroll\u00a0\u00bb][vc_column_text] Lorsque nous regardons un objet \/ mat\u00e9riel \/ art, notre perception de celui-ci peut changer en fonction de nombreux facteurs. Les plus importants sont [&hellip;]<\/p>\n","protected":false},"author":3,"featured_media":10792,"parent":0,"menu_order":0,"comment_status":"closed","ping_status":"closed","template":"","meta":{"footnotes":""},"class_list":["post-6523","page","type-page","status-publish","has-post-thumbnail","hentry"],"yoast_head":"<!-- This site is optimized with the Yoast SEO plugin v24.2 - https:\/\/yoast.com\/wordpress\/plugins\/seo\/ -->\n<title>Visual Appearance - Metis Systems S.r.l. Technology<\/title>\n<meta name=\"description\" content=\"When we look at an object\/material\/art our perception of it may change depending on many factors. The most important are the point of view and the ...\" \/>\n<meta name=\"robots\" content=\"index, follow, max-snippet:-1, max-image-preview:large, max-video-preview:-1\" \/>\n<link rel=\"canonical\" href=\"https:\/\/www.metis-group.com\/fr\/apparence-visuelle\" \/>\n<meta property=\"og:locale\" content=\"fr_FR\" \/>\n<meta property=\"og:type\" content=\"article\" \/>\n<meta property=\"og:title\" content=\"Visual Appearance - Metis Systems S.r.l. Technology\" \/>\n<meta property=\"og:description\" content=\"When we look at an object\/material\/art our perception of it may change depending on many factors. The most important are the point of view and the ...\" \/>\n<meta property=\"og:url\" content=\"https:\/\/www.metis-group.com\/fr\/apparence-visuelle\" \/>\n<meta property=\"og:site_name\" content=\"METIS\" \/>\n<meta property=\"article:modified_time\" content=\"2020-03-30T20:55:21+00:00\" \/>\n<meta property=\"og:image\" content=\"https:\/\/www.metis-group.com\/wp-content\/uploads\/2020\/02\/Visual-Appearance.jpg\" \/>\n\t<meta property=\"og:image:width\" content=\"1920\" \/>\n\t<meta property=\"og:image:height\" content=\"951\" \/>\n\t<meta property=\"og:image:type\" content=\"image\/jpeg\" \/>\n<meta name=\"twitter:card\" content=\"summary_large_image\" \/>\n<meta name=\"twitter:label1\" content=\"Dur\u00e9e de lecture estim\u00e9e\" \/>\n\t<meta name=\"twitter:data1\" content=\"2 minutes\" \/>\n<script type=\"application\/ld+json\" class=\"yoast-schema-graph\">{\"@context\":\"https:\/\/schema.org\",\"@graph\":[{\"@type\":\"WebPage\",\"@id\":\"https:\/\/www.metis-group.com\/fr\/apparence-visuelle\",\"url\":\"https:\/\/www.metis-group.com\/fr\/apparence-visuelle\",\"name\":\"Visual Appearance - Metis Systems S.r.l. Technology\",\"isPartOf\":{\"@id\":\"https:\/\/www.metis-group.com\/#website\"},\"primaryImageOfPage\":{\"@id\":\"https:\/\/www.metis-group.com\/fr\/apparence-visuelle#primaryimage\"},\"image\":{\"@id\":\"https:\/\/www.metis-group.com\/fr\/apparence-visuelle#primaryimage\"},\"thumbnailUrl\":\"https:\/\/www.metis-group.com\/wp-content\/uploads\/2020\/02\/Visual-Appearance.jpg\",\"datePublished\":\"2018-12-21T11:46:46+00:00\",\"dateModified\":\"2020-03-30T20:55:21+00:00\",\"description\":\"When we look at an object\/material\/art our perception of it may change depending on many factors. The most important are the point of view and the ...\",\"breadcrumb\":{\"@id\":\"https:\/\/www.metis-group.com\/fr\/apparence-visuelle#breadcrumb\"},\"inLanguage\":\"fr-FR\",\"potentialAction\":[{\"@type\":\"ReadAction\",\"target\":[\"https:\/\/www.metis-group.com\/fr\/apparence-visuelle\"]}]},{\"@type\":\"ImageObject\",\"inLanguage\":\"fr-FR\",\"@id\":\"https:\/\/www.metis-group.com\/fr\/apparence-visuelle#primaryimage\",\"url\":\"https:\/\/www.metis-group.com\/wp-content\/uploads\/2020\/02\/Visual-Appearance.jpg\",\"contentUrl\":\"https:\/\/www.metis-group.com\/wp-content\/uploads\/2020\/02\/Visual-Appearance.jpg\",\"width\":1920,\"height\":951,\"caption\":\"Exported from Metis Light Inspecto\"},{\"@type\":\"BreadcrumbList\",\"@id\":\"https:\/\/www.metis-group.com\/fr\/apparence-visuelle#breadcrumb\",\"itemListElement\":[{\"@type\":\"ListItem\",\"position\":1,\"name\":\"Home\",\"item\":\"https:\/\/www.metis-group.com\/fr\"},{\"@type\":\"ListItem\",\"position\":2,\"name\":\"Apparence visuelle\"}]},{\"@type\":\"WebSite\",\"@id\":\"https:\/\/www.metis-group.com\/#website\",\"url\":\"https:\/\/www.metis-group.com\/\",\"name\":\"METIS\",\"description\":\"High Quality Scanners\",\"publisher\":{\"@id\":\"https:\/\/www.metis-group.com\/#organization\"},\"potentialAction\":[{\"@type\":\"SearchAction\",\"target\":{\"@type\":\"EntryPoint\",\"urlTemplate\":\"https:\/\/www.metis-group.com\/?s={search_term_string}\"},\"query-input\":{\"@type\":\"PropertyValueSpecification\",\"valueRequired\":true,\"valueName\":\"search_term_string\"}}],\"inLanguage\":\"fr-FR\"},{\"@type\":\"Organization\",\"@id\":\"https:\/\/www.metis-group.com\/#organization\",\"name\":\"Metis Systems srl\",\"url\":\"https:\/\/www.metis-group.com\/\",\"logo\":{\"@type\":\"ImageObject\",\"inLanguage\":\"fr-FR\",\"@id\":\"https:\/\/www.metis-group.com\/#\/schema\/logo\/image\/\",\"url\":\"\",\"contentUrl\":\"\",\"caption\":\"Metis Systems srl\"},\"image\":{\"@id\":\"https:\/\/www.metis-group.com\/#\/schema\/logo\/image\/\"},\"sameAs\":[\"https:\/\/www.youtube.com\/user\/MetisDigital\"]}]}<\/script>\n<!-- \/ Yoast SEO plugin. -->","yoast_head_json":{"title":"Visual Appearance - Metis Systems S.r.l. Technology","description":"When we look at an object\/material\/art our perception of it may change depending on many factors. The most important are the point of view and the ...","robots":{"index":"index","follow":"follow","max-snippet":"max-snippet:-1","max-image-preview":"max-image-preview:large","max-video-preview":"max-video-preview:-1"},"canonical":"https:\/\/www.metis-group.com\/fr\/apparence-visuelle","og_locale":"fr_FR","og_type":"article","og_title":"Visual Appearance - Metis Systems S.r.l. Technology","og_description":"When we look at an object\/material\/art our perception of it may change depending on many factors. The most important are the point of view and the ...","og_url":"https:\/\/www.metis-group.com\/fr\/apparence-visuelle","og_site_name":"METIS","article_modified_time":"2020-03-30T20:55:21+00:00","og_image":[{"width":1920,"height":951,"url":"https:\/\/www.metis-group.com\/wp-content\/uploads\/2020\/02\/Visual-Appearance.jpg","type":"image\/jpeg"}],"twitter_card":"summary_large_image","twitter_misc":{"Dur\u00e9e de lecture estim\u00e9e":"2 minutes"},"schema":{"@context":"https:\/\/schema.org","@graph":[{"@type":"WebPage","@id":"https:\/\/www.metis-group.com\/fr\/apparence-visuelle","url":"https:\/\/www.metis-group.com\/fr\/apparence-visuelle","name":"Visual Appearance - Metis Systems S.r.l. Technology","isPartOf":{"@id":"https:\/\/www.metis-group.com\/#website"},"primaryImageOfPage":{"@id":"https:\/\/www.metis-group.com\/fr\/apparence-visuelle#primaryimage"},"image":{"@id":"https:\/\/www.metis-group.com\/fr\/apparence-visuelle#primaryimage"},"thumbnailUrl":"https:\/\/www.metis-group.com\/wp-content\/uploads\/2020\/02\/Visual-Appearance.jpg","datePublished":"2018-12-21T11:46:46+00:00","dateModified":"2020-03-30T20:55:21+00:00","description":"When we look at an object\/material\/art our perception of it may change depending on many factors. The most important are the point of view and the ...","breadcrumb":{"@id":"https:\/\/www.metis-group.com\/fr\/apparence-visuelle#breadcrumb"},"inLanguage":"fr-FR","potentialAction":[{"@type":"ReadAction","target":["https:\/\/www.metis-group.com\/fr\/apparence-visuelle"]}]},{"@type":"ImageObject","inLanguage":"fr-FR","@id":"https:\/\/www.metis-group.com\/fr\/apparence-visuelle#primaryimage","url":"https:\/\/www.metis-group.com\/wp-content\/uploads\/2020\/02\/Visual-Appearance.jpg","contentUrl":"https:\/\/www.metis-group.com\/wp-content\/uploads\/2020\/02\/Visual-Appearance.jpg","width":1920,"height":951,"caption":"Exported from Metis Light Inspecto"},{"@type":"BreadcrumbList","@id":"https:\/\/www.metis-group.com\/fr\/apparence-visuelle#breadcrumb","itemListElement":[{"@type":"ListItem","position":1,"name":"Home","item":"https:\/\/www.metis-group.com\/fr"},{"@type":"ListItem","position":2,"name":"Apparence visuelle"}]},{"@type":"WebSite","@id":"https:\/\/www.metis-group.com\/#website","url":"https:\/\/www.metis-group.com\/","name":"METIS","description":"High Quality Scanners","publisher":{"@id":"https:\/\/www.metis-group.com\/#organization"},"potentialAction":[{"@type":"SearchAction","target":{"@type":"EntryPoint","urlTemplate":"https:\/\/www.metis-group.com\/?s={search_term_string}"},"query-input":{"@type":"PropertyValueSpecification","valueRequired":true,"valueName":"search_term_string"}}],"inLanguage":"fr-FR"},{"@type":"Organization","@id":"https:\/\/www.metis-group.com\/#organization","name":"Metis Systems srl","url":"https:\/\/www.metis-group.com\/","logo":{"@type":"ImageObject","inLanguage":"fr-FR","@id":"https:\/\/www.metis-group.com\/#\/schema\/logo\/image\/","url":"","contentUrl":"","caption":"Metis Systems srl"},"image":{"@id":"https:\/\/www.metis-group.com\/#\/schema\/logo\/image\/"},"sameAs":["https:\/\/www.youtube.com\/user\/MetisDigital"]}]}},"_links":{"self":[{"href":"https:\/\/www.metis-group.com\/fr\/wp-json\/wp\/v2\/pages\/6523","targetHints":{"allow":["GET"]}}],"collection":[{"href":"https:\/\/www.metis-group.com\/fr\/wp-json\/wp\/v2\/pages"}],"about":[{"href":"https:\/\/www.metis-group.com\/fr\/wp-json\/wp\/v2\/types\/page"}],"author":[{"embeddable":true,"href":"https:\/\/www.metis-group.com\/fr\/wp-json\/wp\/v2\/users\/3"}],"replies":[{"embeddable":true,"href":"https:\/\/www.metis-group.com\/fr\/wp-json\/wp\/v2\/comments?post=6523"}],"version-history":[{"count":10,"href":"https:\/\/www.metis-group.com\/fr\/wp-json\/wp\/v2\/pages\/6523\/revisions"}],"predecessor-version":[{"id":12412,"href":"https:\/\/www.metis-group.com\/fr\/wp-json\/wp\/v2\/pages\/6523\/revisions\/12412"}],"wp:featuredmedia":[{"embeddable":true,"href":"https:\/\/www.metis-group.com\/fr\/wp-json\/wp\/v2\/media\/10792"}],"wp:attachment":[{"href":"https:\/\/www.metis-group.com\/fr\/wp-json\/wp\/v2\/media?parent=6523"}],"curies":[{"name":"wp","href":"https:\/\/api.w.org\/{rel}","templated":true}]}}