{"id":6527,"date":"2018-12-21T11:46:49","date_gmt":"2018-12-21T11:46:49","guid":{"rendered":"https:\/\/www.metis-group.com\/?page_id=6527"},"modified":"2020-03-30T20:51:27","modified_gmt":"2020-03-30T20:51:27","slug":"metis-stereo-photometrie-3d","status":"publish","type":"page","link":"https:\/\/www.metis-group.com\/fr\/metis-stereo-photometrie-3d","title":{"rendered":"METIS St\u00e9r\u00e9o photom\u00e9trie 3D"},"content":{"rendered":"<p>[vc_row rt_row_background_width=\u00a0\u00bbfullwidth\u00a0\u00bb rt_row_content_width=\u00a0\u00bbdefault\u00a0\u00bb rt_row_style=\u00a0\u00bbdefault-style\u00a0\u00bb rt_row_borders=\u00a0\u00bb\u00a0\u00bb rt_row_paddings=\u00a0\u00bbtrue\u00a0\u00bb rt_bg_effect=\u00a0\u00bbclassic\u00a0\u00bb rt_bg_image_repeat=\u00a0\u00bbrepeat\u00a0\u00bb rt_bg_size=\u00a0\u00bbcover\u00a0\u00bb rt_bg_position=\u00a0\u00bbright top\u00a0\u00bb rt_bg_attachment=\u00a0\u00bbscroll\u00a0\u00bb rt_bg_video_format=\u00a0\u00bbself-hosted\u00a0\u00bb rt_padding_bottom=\u00a0\u00bb50&Prime; rt_padding_top=\u00a0\u00bb30&Prime;][vc_column rt_wrp_col_paddings=\u00a0\u00bbfalse\u00a0\u00bb rt_border_top=\u00a0\u00bb\u00a0\u00bb rt_border_bottom=\u00a0\u00bb\u00a0\u00bb rt_border_left=\u00a0\u00bb\u00a0\u00bb rt_border_right=\u00a0\u00bb\u00a0\u00bb rt_border_top_mobile=\u00a0\u00bb\u00a0\u00bb rt_border_bottom_mobile=\u00a0\u00bb\u00a0\u00bb rt_border_left_mobile=\u00a0\u00bb\u00a0\u00bb rt_border_right_mobile=\u00a0\u00bb\u00a0\u00bb rt_bg_image_repeat=\u00a0\u00bbrepeat\u00a0\u00bb rt_bg_size=\u00a0\u00bbauto auto\u00a0\u00bb rt_bg_position=\u00a0\u00bbright top\u00a0\u00bb rt_bg_attachment=\u00a0\u00bbscroll\u00a0\u00bb]<div class=\"rt_heading_wrapper style-5\">\n\t\t\t\t\t\t<h3 class=\"rt_heading  style-5\" >La carte 3D METIS<\/h3>\n\t\t\t\t\t<\/div>[vc_column_text]<\/p>\n<p style=\"text-align: justify;\">De nos jours, pour la plupart des applications (par exemple: applications de d\u00e9coration industrielle et reproduction d\u2019\u0153uvres d\u2019art), il est tr\u00e8s important non seulement de capturer la couleur ou une apparence visuelle 3D, mais aussi de pouvoir calculer les donn\u00e9es 3D.<\/p>\n<p style=\"text-align: justify;\">De nombreuses technologies diff\u00e9rentes sont actuellement disponibles pour l\u2019acquisition r\u00e9elle d\u2019objets 3D, mais seules quelques-unes peuvent \u00eatre utilis\u00e9es efficacement pour la num\u00e9risation 3D de surfaces en relief (p.ex. bois, pierres, papiers peints, peintures, etc.). En effet, la num\u00e9risation de surface 3D pour des applications industrielles ou d\u00e9coratives n\u00e9cessite des niveaux de r\u00e9solution tr\u00e8s \u00e9lev\u00e9s et \u00e9galement des formats importants qui ne peuvent pas \u00eatre obtenus \u00e0 l&rsquo;aide des technologies de num\u00e9risation 3D commerciales.<\/p>\n<p style=\"text-align: justify;\">En effet, avant notre solution innovante d\u00e9crite ci-dessous, les r\u00e9sultats 3D les meilleurs ne pouvaient \u00eatre obtenus qu&rsquo;en utilisant des r\u00e9elle scanners 3D d\u00e9di\u00e9s, bas\u00e9s sur un laser ou un capteur confocal et donc en num\u00e9risant les originaux point par point (l\u2019acquisition pouvait prendre plusieurs heures vois ou m\u00eame quelques jours); En dehors du temps de num\u00e9risation, il y a des limites avec ce type de scanners 3D car ils ne peuvent g\u00e9n\u00e9ralement pas capter d&rsquo;informations de couleur (uniquement la 3D), ils ont une profondeur de champ limit\u00e9e et peuvent \u00e9galement avoir des probl\u00e8mes aves des mat\u00e9riaux brillants.<\/p>\n<p>[\/vc_column_text][\/vc_column][\/vc_row][vc_row rt_row_background_width=\u00a0\u00bbfullwidth\u00a0\u00bb rt_row_content_width=\u00a0\u00bbdefault\u00a0\u00bb rt_row_style=\u00a0\u00bbalt-style-1&Prime; rt_row_borders=\u00a0\u00bb\u00a0\u00bb rt_row_paddings=\u00a0\u00bbtrue\u00a0\u00bb rt_bg_effect=\u00a0\u00bbclassic\u00a0\u00bb rt_bg_image_repeat=\u00a0\u00bbrepeat\u00a0\u00bb rt_bg_size=\u00a0\u00bbcover\u00a0\u00bb rt_bg_position=\u00a0\u00bbright top\u00a0\u00bb rt_bg_attachment=\u00a0\u00bbscroll\u00a0\u00bb rt_bg_video_format=\u00a0\u00bbself-hosted\u00a0\u00bb rt_padding_top=\u00a0\u00bb50&Prime; rt_padding_bottom=\u00a0\u00bb30&Prime;][vc_column rt_wrp_col_paddings=\u00a0\u00bbfalse\u00a0\u00bb rt_border_top=\u00a0\u00bb\u00a0\u00bb rt_border_bottom=\u00a0\u00bb\u00a0\u00bb rt_border_left=\u00a0\u00bb\u00a0\u00bb rt_border_right=\u00a0\u00bb\u00a0\u00bb rt_border_top_mobile=\u00a0\u00bb\u00a0\u00bb rt_border_bottom_mobile=\u00a0\u00bb\u00a0\u00bb rt_border_left_mobile=\u00a0\u00bb\u00a0\u00bb rt_border_right_mobile=\u00a0\u00bb\u00a0\u00bb rt_bg_image_repeat=\u00a0\u00bbrepeat\u00a0\u00bb rt_bg_size=\u00a0\u00bbauto auto\u00a0\u00bb rt_bg_position=\u00a0\u00bbright top\u00a0\u00bb rt_bg_attachment=\u00a0\u00bbscroll\u00a0\u00bb]<div class=\"rt_heading_wrapper style-5\">\n\t\t\t\t\t\t<h3 class=\"rt_heading  style-5\" >Depuis 2014, le Top de la technique METIS pour calculer la 3D \u00e0 partir de donn\u00e9es de couleur 2D!<\/h3>\n\t\t\t\t\t<\/div>[vc_row_inner rt_row_style=\u00a0\u00bbglobal-style\u00a0\u00bb rt_row_borders=\u00a0\u00bb\u00a0\u00bb rt_row_paddings=\u00a0\u00bbtrue\u00a0\u00bb rt_bg_effect=\u00a0\u00bbclassic\u00a0\u00bb rt_bg_image_repeat=\u00a0\u00bbrepeat\u00a0\u00bb rt_bg_size=\u00a0\u00bbcover\u00a0\u00bb rt_bg_position=\u00a0\u00bbright top\u00a0\u00bb rt_bg_attachment=\u00a0\u00bbscroll\u00a0\u00bb rt_bg_video_format=\u00a0\u00bbself-hosted\u00a0\u00bb rt_padding_bottom=\u00a0\u00bb0&Prime;][vc_column_inner width=\u00a0\u00bb1\/2&Prime; rt_wrp_col_paddings=\u00a0\u00bbfalse\u00a0\u00bb rt_border_top=\u00a0\u00bb\u00a0\u00bb rt_border_bottom=\u00a0\u00bb\u00a0\u00bb rt_border_left=\u00a0\u00bb\u00a0\u00bb rt_border_right=\u00a0\u00bb\u00a0\u00bb rt_border_top_mobile=\u00a0\u00bb\u00a0\u00bb rt_border_bottom_mobile=\u00a0\u00bb\u00a0\u00bb rt_border_left_mobile=\u00a0\u00bb\u00a0\u00bb rt_border_right_mobile=\u00a0\u00bb\u00a0\u00bb rt_bg_image_repeat=\u00a0\u00bbrepeat\u00a0\u00bb rt_bg_size=\u00a0\u00bbauto auto\u00a0\u00bb rt_bg_position=\u00a0\u00bbright top\u00a0\u00bb rt_bg_attachment=\u00a0\u00bbscroll\u00a0\u00bb offset=\u00a0\u00bbvc_hidden-xs\u00a0\u00bb][vc_column_text]<iframe loading=\"lazy\" width=\"100%\" height=\"315\" src=\"https:\/\/www.youtube-nocookie.com\/embed\/gE07wzQdpFE?rel=0&showinfo=0\" frameborder=\"0\" allowfullscreen><\/iframe> [\/vc_column_text][vc_message message_box_style=\u00a0\u00bboutline\u00a0\u00bb message_box_color=\u00a0\u00bbblue\u00a0\u00bb icon_fontawesome=\u00a0\u00bbfa fa-newspaper-o\u00a0\u00bb]<\/p>\n<p style=\"text-align: justify;\"><strong>En savoir plus sur la technique exclusive de num\u00e9risation St\u00e9r\u00e9o Photom\u00e9trique 3D de Metis, dans cet article de Marcus Timson,\u00a0<a href=\"https:\/\/www.metis-group.com\/wp-content\/uploads\/2020\/02\/From-the-moon-to-digital-printing.pdf\" target=\"_blank\" rel=\"noopener noreferrer\">The industrial Print Blog<\/a><\/strong><\/p>\n<p>[\/vc_message][\/vc_column_inner][vc_column_inner width=\u00a0\u00bb1\/2&Prime; rt_wrp_col_paddings=\u00a0\u00bbfalse\u00a0\u00bb rt_border_top=\u00a0\u00bb\u00a0\u00bb rt_border_bottom=\u00a0\u00bb\u00a0\u00bb rt_border_left=\u00a0\u00bb\u00a0\u00bb rt_border_right=\u00a0\u00bb\u00a0\u00bb rt_border_top_mobile=\u00a0\u00bb\u00a0\u00bb rt_border_bottom_mobile=\u00a0\u00bb\u00a0\u00bb rt_border_left_mobile=\u00a0\u00bb\u00a0\u00bb rt_border_right_mobile=\u00a0\u00bb\u00a0\u00bb rt_bg_image_repeat=\u00a0\u00bbrepeat\u00a0\u00bb rt_bg_size=\u00a0\u00bbauto auto\u00a0\u00bb rt_bg_position=\u00a0\u00bbright top\u00a0\u00bb rt_bg_attachment=\u00a0\u00bbscroll\u00a0\u00bb][vc_column_text]<\/p>\n<p style=\"text-align: justify;\">METIS 3D est bas\u00e9 sur une technologie compl\u00e8tement diff\u00e9rente appel\u00e9e\u00a0\u00ab\u00a0<strong>St\u00e9r\u00e9o\u00a0<\/strong><strong>Photometrie\u00a0<\/strong><strong>3D\u00a0<\/strong><strong>\u00bb<\/strong>\u00a0qui permet de calculer des donn\u00e9es 3D directement \u00e0 partir de donn\u00e9es de couleurs 2D!<\/p>\n<p style=\"text-align: justify;\">La th\u00e9orie de la St\u00e9r\u00e9o photom\u00e9trie a \u00e9t\u00e9 pr\u00e9sent\u00e9e pour la premi\u00e8re fois dans les ann\u00e9es 1980, mais une utilisation pratique limit\u00e9e \u00e9tait possible \u00e0 ce moment parce que le mod\u00e8le math\u00e9matique fourni ne permettait pas de g\u00e9rer une situation r\u00e9elle. En fait encore aujourd&rsquo;hui, la St\u00e9r\u00e9o photom\u00e9trie a des applications pratiques limit\u00e9es en raison des calculs tr\u00e8s compliqu\u00e9s et parce qu&rsquo;elle pose des contraintes de conception strictes qui sont tr\u00e8s difficiles \u00e0 r\u00e9aliser (c&rsquo;est-\u00e0-dire elle n\u00e9cessite un contr\u00f4le pr\u00e9cis et extr\u00eamement pr\u00e9cis des rayons lumineux \u00e9mis sur l&rsquo;ensemble du chemin optique du scanner).<\/p>\n<p style=\"text-align: justify;\">Apr\u00e8s un long d\u00e9veloppement chez METIS,\u00a0<strong>nous avons \u00e9t\u00e9 capables de r\u00e9soudre ces probl\u00e8mes gr\u00e2ce \u00e0 notre syst\u00e8me d&rsquo;\u00e9clairage brevet\u00e9<\/strong>\u00a0(le DC SynchroLight)\u00a0<strong>et en \u00e9crivant nos propres algorithmes qui ex\u00e9cutent le mod\u00e8le th\u00e9orique de St\u00e9r\u00e9o photom\u00e9trie dans un syst\u00e8me qui fonctionne r\u00e9ellement en produisant des r\u00e9sultats r\u00e9els et coh\u00e9rents<\/strong>.<\/p>\n<p style=\"text-align: justify;\">Gr\u00e2ce \u00e0 ses caract\u00e9ristiques uniques, METIS 3D offre de nombreux avantages par rapport aux scanners laser \/ confocaux 3D existants tels que:<\/p>\n<ul>\n<li style=\"text-align: justify;\"><strong>La couleur et l&rsquo;information 3D sont disponibles presque en m\u00eame temps et correspondent au niveau du pixel;<\/strong><\/li>\n<li style=\"text-align: justify;\"><strong>Le temps de num\u00e9risation et le calcul 3D n&rsquo;exigent que quelques minutes;<\/strong><\/li>\n<li style=\"text-align: justify;\"><strong>Tr\u00e8s grande profondeur de champ;<\/strong><\/li>\n<li style=\"text-align: justify;\"><strong>Peut calculer des donn\u00e9es 3D aussi \u00e0 partir d&rsquo;originaux tr\u00e8s brillants;<\/strong><\/li>\n<li style=\"text-align: justify;\"><strong>Et tout cela est \u00e9galement disponible lors de la num\u00e9risation de tr\u00e8s gros originaux.<\/strong><\/li>\n<\/ul>\n<p>[\/vc_column_text][\/vc_column_inner][\/vc_row_inner][\/vc_column][\/vc_row][vc_row rt_row_background_width=\u00a0\u00bbfullwidth\u00a0\u00bb rt_row_content_width=\u00a0\u00bbdefault\u00a0\u00bb rt_row_style=\u00a0\u00bbalt-style-1&Prime; rt_row_borders=\u00a0\u00bb\u00a0\u00bb rt_row_paddings=\u00a0\u00bbtrue\u00a0\u00bb rt_bg_effect=\u00a0\u00bbclassic\u00a0\u00bb rt_bg_image_repeat=\u00a0\u00bbrepeat\u00a0\u00bb rt_bg_size=\u00a0\u00bbcover\u00a0\u00bb rt_bg_position=\u00a0\u00bbright top\u00a0\u00bb rt_bg_attachment=\u00a0\u00bbscroll\u00a0\u00bb rt_bg_video_format=\u00a0\u00bbself-hosted\u00a0\u00bb rt_padding_top=\u00a0\u00bb0&Prime; rt_padding_bottom=\u00a0\u00bb50&Prime;][vc_column rt_wrp_col_paddings=\u00a0\u00bbfalse\u00a0\u00bb rt_border_top=\u00a0\u00bb\u00a0\u00bb rt_border_bottom=\u00a0\u00bb\u00a0\u00bb rt_border_left=\u00a0\u00bb\u00a0\u00bb rt_border_right=\u00a0\u00bb\u00a0\u00bb rt_border_top_mobile=\u00a0\u00bb\u00a0\u00bb rt_border_bottom_mobile=\u00a0\u00bb\u00a0\u00bb rt_border_left_mobile=\u00a0\u00bb\u00a0\u00bb rt_border_right_mobile=\u00a0\u00bb\u00a0\u00bb rt_bg_image_repeat=\u00a0\u00bbrepeat\u00a0\u00bb rt_bg_size=\u00a0\u00bbauto auto\u00a0\u00bb rt_bg_position=\u00a0\u00bbright top\u00a0\u00bb rt_bg_attachment=\u00a0\u00bbscroll\u00a0\u00bb offset=\u00a0\u00bbvc_hidden-lg vc_hidden-md vc_hidden-sm\u00a0\u00bb][vc_raw_html]JTNDaWZyYW1lJTIwd2lkdGglM0QlMjIxMDAlMjUlMjIlMjBoZWlnaHQlM0QlMjIzMTUlMjIlMjBzcmMlM0QlMjJodHRwcyUzQSUyRiUyRnd3dy55b3V0dWJlLW5vY29va2llLmNvbSUyRmVtYmVkJTJGZ0UwN3d6UWRwRkUlM0ZyZWwlM0QwJTI2YW1wJTNCc2hvd2luZm8lM0QwJTIyJTIwZnJhbWVib3JkZXIlM0QlMjIwJTIyJTIwYWxsb3dmdWxsc2NyZWVuJTNFJTNDJTJGaWZyYW1lJTNF[\/vc_raw_html][vc_message message_box_style=\u00a0\u00bboutline\u00a0\u00bb message_box_color=\u00a0\u00bbblue\u00a0\u00bb icon_fontawesome=\u00a0\u00bbfa fa-newspaper-o\u00a0\u00bb]<\/p>\n<p style=\"text-align: left;\"><strong>En savoir plus sur la technique exclusive de num\u00e9risation St\u00e9r\u00e9o Photom\u00e9trique 3D de Metis, dans cet article de Marcus Timson,\u00a0<a href=\"https:\/\/www.metis-group.com\/wp-content\/uploads\/2020\/02\/From-the-moon-to-digital-printing.pdf\" target=\"_blank\" rel=\"noopener noreferrer\">The industrial Print Blog<\/a><\/strong><\/p>\n<p>[\/vc_message][\/vc_column][\/vc_row]<\/p>\n","protected":false},"excerpt":{"rendered":"<p>[vc_row rt_row_background_width=\u00a0\u00bbfullwidth\u00a0\u00bb rt_row_content_width=\u00a0\u00bbdefault\u00a0\u00bb rt_row_style=\u00a0\u00bbdefault-style\u00a0\u00bb rt_row_borders=\u00a0\u00bb\u00a0\u00bb rt_row_paddings=\u00a0\u00bbtrue\u00a0\u00bb rt_bg_effect=\u00a0\u00bbclassic\u00a0\u00bb rt_bg_image_repeat=\u00a0\u00bbrepeat\u00a0\u00bb rt_bg_size=\u00a0\u00bbcover\u00a0\u00bb rt_bg_position=\u00a0\u00bbright top\u00a0\u00bb rt_bg_attachment=\u00a0\u00bbscroll\u00a0\u00bb rt_bg_video_format=\u00a0\u00bbself-hosted\u00a0\u00bb rt_padding_bottom=\u00a0\u00bb50&Prime; rt_padding_top=\u00a0\u00bb30&Prime;][vc_column rt_wrp_col_paddings=\u00a0\u00bbfalse\u00a0\u00bb rt_border_top=\u00a0\u00bb\u00a0\u00bb rt_border_bottom=\u00a0\u00bb\u00a0\u00bb rt_border_left=\u00a0\u00bb\u00a0\u00bb rt_border_right=\u00a0\u00bb\u00a0\u00bb rt_border_top_mobile=\u00a0\u00bb\u00a0\u00bb rt_border_bottom_mobile=\u00a0\u00bb\u00a0\u00bb rt_border_left_mobile=\u00a0\u00bb\u00a0\u00bb rt_border_right_mobile=\u00a0\u00bb\u00a0\u00bb rt_bg_image_repeat=\u00a0\u00bbrepeat\u00a0\u00bb rt_bg_size=\u00a0\u00bbauto auto\u00a0\u00bb rt_bg_position=\u00a0\u00bbright top\u00a0\u00bb rt_bg_attachment=\u00a0\u00bbscroll\u00a0\u00bb][vc_column_text] De nos jours, pour la plupart des applications (par exemple: applications de d\u00e9coration industrielle et reproduction d\u2019\u0153uvres d\u2019art), il est tr\u00e8s important non seulement de [&hellip;]<\/p>\n","protected":false},"author":3,"featured_media":10752,"parent":0,"menu_order":0,"comment_status":"closed","ping_status":"closed","template":"","meta":{"footnotes":""},"class_list":["post-6527","page","type-page","status-publish","has-post-thumbnail","hentry"],"yoast_head":"<!-- This site is optimized with the Yoast SEO plugin v24.2 - https:\/\/yoast.com\/wordpress\/plugins\/seo\/ -->\n<title>Photometric Stereo 3D - Metis Systems S.r.l. Exclusive technology<\/title>\n<meta name=\"description\" content=\"METIS scanners are also able to capture real 3D data (not only color or visual 3D appearance) from 2D color data with its innovative Photometric Stereo 3D ..\" \/>\n<meta name=\"robots\" content=\"index, follow, max-snippet:-1, max-image-preview:large, max-video-preview:-1\" \/>\n<link rel=\"canonical\" href=\"https:\/\/www.metis-group.com\/fr\/metis-stereo-photometrie-3d\" \/>\n<meta property=\"og:locale\" content=\"fr_FR\" \/>\n<meta property=\"og:type\" content=\"article\" \/>\n<meta property=\"og:title\" content=\"Photometric Stereo 3D - Metis Systems S.r.l. Exclusive technology\" \/>\n<meta property=\"og:description\" content=\"METIS scanners are also able to capture real 3D data (not only color or visual 3D appearance) from 2D color data with its innovative Photometric Stereo 3D ..\" \/>\n<meta property=\"og:url\" content=\"https:\/\/www.metis-group.com\/fr\/metis-stereo-photometrie-3d\" \/>\n<meta property=\"og:site_name\" content=\"METIS\" \/>\n<meta property=\"article:modified_time\" content=\"2020-03-30T20:51:27+00:00\" \/>\n<meta property=\"og:image\" content=\"https:\/\/www.metis-group.com\/wp-content\/uploads\/2020\/02\/Photometric-Stereo-united.jpg\" \/>\n\t<meta property=\"og:image:width\" content=\"1920\" \/>\n\t<meta property=\"og:image:height\" content=\"960\" \/>\n\t<meta property=\"og:image:type\" content=\"image\/jpeg\" \/>\n<meta name=\"twitter:card\" content=\"summary_large_image\" \/>\n<meta name=\"twitter:label1\" content=\"Dur\u00e9e de lecture estim\u00e9e\" \/>\n\t<meta name=\"twitter:data1\" content=\"6 minutes\" \/>\n<script type=\"application\/ld+json\" class=\"yoast-schema-graph\">{\"@context\":\"https:\/\/schema.org\",\"@graph\":[{\"@type\":\"WebPage\",\"@id\":\"https:\/\/www.metis-group.com\/fr\/metis-stereo-photometrie-3d\",\"url\":\"https:\/\/www.metis-group.com\/fr\/metis-stereo-photometrie-3d\",\"name\":\"Photometric Stereo 3D - Metis Systems S.r.l. Exclusive technology\",\"isPartOf\":{\"@id\":\"https:\/\/www.metis-group.com\/#website\"},\"primaryImageOfPage\":{\"@id\":\"https:\/\/www.metis-group.com\/fr\/metis-stereo-photometrie-3d#primaryimage\"},\"image\":{\"@id\":\"https:\/\/www.metis-group.com\/fr\/metis-stereo-photometrie-3d#primaryimage\"},\"thumbnailUrl\":\"https:\/\/www.metis-group.com\/wp-content\/uploads\/2020\/02\/Photometric-Stereo-united.jpg\",\"datePublished\":\"2018-12-21T11:46:49+00:00\",\"dateModified\":\"2020-03-30T20:51:27+00:00\",\"description\":\"METIS scanners are also able to capture real 3D data (not only color or visual 3D appearance) from 2D color data with its innovative Photometric Stereo 3D ..\",\"breadcrumb\":{\"@id\":\"https:\/\/www.metis-group.com\/fr\/metis-stereo-photometrie-3d#breadcrumb\"},\"inLanguage\":\"fr-FR\",\"potentialAction\":[{\"@type\":\"ReadAction\",\"target\":[\"https:\/\/www.metis-group.com\/fr\/metis-stereo-photometrie-3d\"]}]},{\"@type\":\"ImageObject\",\"inLanguage\":\"fr-FR\",\"@id\":\"https:\/\/www.metis-group.com\/fr\/metis-stereo-photometrie-3d#primaryimage\",\"url\":\"https:\/\/www.metis-group.com\/wp-content\/uploads\/2020\/02\/Photometric-Stereo-united.jpg\",\"contentUrl\":\"https:\/\/www.metis-group.com\/wp-content\/uploads\/2020\/02\/Photometric-Stereo-united.jpg\",\"width\":1920,\"height\":960},{\"@type\":\"BreadcrumbList\",\"@id\":\"https:\/\/www.metis-group.com\/fr\/metis-stereo-photometrie-3d#breadcrumb\",\"itemListElement\":[{\"@type\":\"ListItem\",\"position\":1,\"name\":\"Home\",\"item\":\"https:\/\/www.metis-group.com\/fr\"},{\"@type\":\"ListItem\",\"position\":2,\"name\":\"METIS St\u00e9r\u00e9o photom\u00e9trie 3D\"}]},{\"@type\":\"WebSite\",\"@id\":\"https:\/\/www.metis-group.com\/#website\",\"url\":\"https:\/\/www.metis-group.com\/\",\"name\":\"METIS\",\"description\":\"High Quality Scanners\",\"publisher\":{\"@id\":\"https:\/\/www.metis-group.com\/#organization\"},\"potentialAction\":[{\"@type\":\"SearchAction\",\"target\":{\"@type\":\"EntryPoint\",\"urlTemplate\":\"https:\/\/www.metis-group.com\/?s={search_term_string}\"},\"query-input\":{\"@type\":\"PropertyValueSpecification\",\"valueRequired\":true,\"valueName\":\"search_term_string\"}}],\"inLanguage\":\"fr-FR\"},{\"@type\":\"Organization\",\"@id\":\"https:\/\/www.metis-group.com\/#organization\",\"name\":\"Metis Systems srl\",\"url\":\"https:\/\/www.metis-group.com\/\",\"logo\":{\"@type\":\"ImageObject\",\"inLanguage\":\"fr-FR\",\"@id\":\"https:\/\/www.metis-group.com\/#\/schema\/logo\/image\/\",\"url\":\"\",\"contentUrl\":\"\",\"caption\":\"Metis Systems srl\"},\"image\":{\"@id\":\"https:\/\/www.metis-group.com\/#\/schema\/logo\/image\/\"},\"sameAs\":[\"https:\/\/www.youtube.com\/user\/MetisDigital\"]}]}<\/script>\n<!-- \/ Yoast SEO plugin. -->","yoast_head_json":{"title":"Photometric Stereo 3D - Metis Systems S.r.l. Exclusive technology","description":"METIS scanners are also able to capture real 3D data (not only color or visual 3D appearance) from 2D color data with its innovative Photometric Stereo 3D ..","robots":{"index":"index","follow":"follow","max-snippet":"max-snippet:-1","max-image-preview":"max-image-preview:large","max-video-preview":"max-video-preview:-1"},"canonical":"https:\/\/www.metis-group.com\/fr\/metis-stereo-photometrie-3d","og_locale":"fr_FR","og_type":"article","og_title":"Photometric Stereo 3D - Metis Systems S.r.l. Exclusive technology","og_description":"METIS scanners are also able to capture real 3D data (not only color or visual 3D appearance) from 2D color data with its innovative Photometric Stereo 3D ..","og_url":"https:\/\/www.metis-group.com\/fr\/metis-stereo-photometrie-3d","og_site_name":"METIS","article_modified_time":"2020-03-30T20:51:27+00:00","og_image":[{"width":1920,"height":960,"url":"https:\/\/www.metis-group.com\/wp-content\/uploads\/2020\/02\/Photometric-Stereo-united.jpg","type":"image\/jpeg"}],"twitter_card":"summary_large_image","twitter_misc":{"Dur\u00e9e de lecture estim\u00e9e":"6 minutes"},"schema":{"@context":"https:\/\/schema.org","@graph":[{"@type":"WebPage","@id":"https:\/\/www.metis-group.com\/fr\/metis-stereo-photometrie-3d","url":"https:\/\/www.metis-group.com\/fr\/metis-stereo-photometrie-3d","name":"Photometric Stereo 3D - Metis Systems S.r.l. Exclusive technology","isPartOf":{"@id":"https:\/\/www.metis-group.com\/#website"},"primaryImageOfPage":{"@id":"https:\/\/www.metis-group.com\/fr\/metis-stereo-photometrie-3d#primaryimage"},"image":{"@id":"https:\/\/www.metis-group.com\/fr\/metis-stereo-photometrie-3d#primaryimage"},"thumbnailUrl":"https:\/\/www.metis-group.com\/wp-content\/uploads\/2020\/02\/Photometric-Stereo-united.jpg","datePublished":"2018-12-21T11:46:49+00:00","dateModified":"2020-03-30T20:51:27+00:00","description":"METIS scanners are also able to capture real 3D data (not only color or visual 3D appearance) from 2D color data with its innovative Photometric Stereo 3D ..","breadcrumb":{"@id":"https:\/\/www.metis-group.com\/fr\/metis-stereo-photometrie-3d#breadcrumb"},"inLanguage":"fr-FR","potentialAction":[{"@type":"ReadAction","target":["https:\/\/www.metis-group.com\/fr\/metis-stereo-photometrie-3d"]}]},{"@type":"ImageObject","inLanguage":"fr-FR","@id":"https:\/\/www.metis-group.com\/fr\/metis-stereo-photometrie-3d#primaryimage","url":"https:\/\/www.metis-group.com\/wp-content\/uploads\/2020\/02\/Photometric-Stereo-united.jpg","contentUrl":"https:\/\/www.metis-group.com\/wp-content\/uploads\/2020\/02\/Photometric-Stereo-united.jpg","width":1920,"height":960},{"@type":"BreadcrumbList","@id":"https:\/\/www.metis-group.com\/fr\/metis-stereo-photometrie-3d#breadcrumb","itemListElement":[{"@type":"ListItem","position":1,"name":"Home","item":"https:\/\/www.metis-group.com\/fr"},{"@type":"ListItem","position":2,"name":"METIS St\u00e9r\u00e9o photom\u00e9trie 3D"}]},{"@type":"WebSite","@id":"https:\/\/www.metis-group.com\/#website","url":"https:\/\/www.metis-group.com\/","name":"METIS","description":"High Quality Scanners","publisher":{"@id":"https:\/\/www.metis-group.com\/#organization"},"potentialAction":[{"@type":"SearchAction","target":{"@type":"EntryPoint","urlTemplate":"https:\/\/www.metis-group.com\/?s={search_term_string}"},"query-input":{"@type":"PropertyValueSpecification","valueRequired":true,"valueName":"search_term_string"}}],"inLanguage":"fr-FR"},{"@type":"Organization","@id":"https:\/\/www.metis-group.com\/#organization","name":"Metis Systems srl","url":"https:\/\/www.metis-group.com\/","logo":{"@type":"ImageObject","inLanguage":"fr-FR","@id":"https:\/\/www.metis-group.com\/#\/schema\/logo\/image\/","url":"","contentUrl":"","caption":"Metis Systems srl"},"image":{"@id":"https:\/\/www.metis-group.com\/#\/schema\/logo\/image\/"},"sameAs":["https:\/\/www.youtube.com\/user\/MetisDigital"]}]}},"_links":{"self":[{"href":"https:\/\/www.metis-group.com\/fr\/wp-json\/wp\/v2\/pages\/6527","targetHints":{"allow":["GET"]}}],"collection":[{"href":"https:\/\/www.metis-group.com\/fr\/wp-json\/wp\/v2\/pages"}],"about":[{"href":"https:\/\/www.metis-group.com\/fr\/wp-json\/wp\/v2\/types\/page"}],"author":[{"embeddable":true,"href":"https:\/\/www.metis-group.com\/fr\/wp-json\/wp\/v2\/users\/3"}],"replies":[{"embeddable":true,"href":"https:\/\/www.metis-group.com\/fr\/wp-json\/wp\/v2\/comments?post=6527"}],"version-history":[{"count":21,"href":"https:\/\/www.metis-group.com\/fr\/wp-json\/wp\/v2\/pages\/6527\/revisions"}],"predecessor-version":[{"id":12408,"href":"https:\/\/www.metis-group.com\/fr\/wp-json\/wp\/v2\/pages\/6527\/revisions\/12408"}],"wp:featuredmedia":[{"embeddable":true,"href":"https:\/\/www.metis-group.com\/fr\/wp-json\/wp\/v2\/media\/10752"}],"wp:attachment":[{"href":"https:\/\/www.metis-group.com\/fr\/wp-json\/wp\/v2\/media?parent=6527"}],"curies":[{"name":"wp","href":"https:\/\/api.w.org\/{rel}","templated":true}]}}