{"id":6532,"date":"2018-12-21T11:46:47","date_gmt":"2018-12-21T11:46:47","guid":{"rendered":"https:\/\/www.metis-group.com\/?page_id=6532"},"modified":"2020-03-30T20:54:54","modified_gmt":"2020-03-30T20:54:54","slug":"carte-de-brillance","status":"publish","type":"page","link":"https:\/\/www.metis-group.com\/fr\/carte-de-brillance","title":{"rendered":"Carte de brillance"},"content":{"rendered":"<p>[vc_row rt_row_background_width=\u00a0\u00bbfullwidth\u00a0\u00bb rt_row_content_width=\u00a0\u00bbdefault\u00a0\u00bb rt_row_style=\u00a0\u00bbdefault-style\u00a0\u00bb rt_row_borders=\u00a0\u00bb\u00a0\u00bb rt_row_paddings=\u00a0\u00bbtrue\u00a0\u00bb rt_bg_effect=\u00a0\u00bbclassic\u00a0\u00bb rt_bg_image_repeat=\u00a0\u00bbrepeat\u00a0\u00bb rt_bg_size=\u00a0\u00bbcover\u00a0\u00bb rt_bg_position=\u00a0\u00bbright top\u00a0\u00bb rt_bg_attachment=\u00a0\u00bbscroll\u00a0\u00bb rt_bg_video_format=\u00a0\u00bbself-hosted\u00a0\u00bb rt_padding_bottom=\u00a0\u00bb50&Prime; rt_padding_top=\u00a0\u00bb50&Prime;][vc_column width=\u00a0\u00bb1\/2&Prime; rt_wrp_col_paddings=\u00a0\u00bbfalse\u00a0\u00bb rt_border_top=\u00a0\u00bb\u00a0\u00bb rt_border_bottom=\u00a0\u00bb\u00a0\u00bb rt_border_left=\u00a0\u00bb\u00a0\u00bb rt_border_right=\u00a0\u00bb\u00a0\u00bb rt_border_top_mobile=\u00a0\u00bb\u00a0\u00bb rt_border_bottom_mobile=\u00a0\u00bb\u00a0\u00bb rt_border_left_mobile=\u00a0\u00bb\u00a0\u00bb rt_border_right_mobile=\u00a0\u00bb\u00a0\u00bb rt_bg_image_repeat=\u00a0\u00bbrepeat\u00a0\u00bb rt_bg_size=\u00a0\u00bbauto auto\u00a0\u00bb rt_bg_position=\u00a0\u00bbright top\u00a0\u00bb rt_bg_attachment=\u00a0\u00bbscroll\u00a0\u00bb][vc_column_text]<\/p>\n<p style=\"text-align: justify;\">Etre capable de num\u00e9riser des informations de brillances afin de les traduire en donn\u00e9es utilisables, est l&rsquo;une des derni\u00e8res r\u00e9alisations de METIS. <strong>Ceci est une fonctionnalit\u00e9 unique, et seulement disponible sur les scanners METIS<\/strong>.<\/p>\n<p style=\"text-align: justify;\">En fait, certains originaux peuvent pr\u00e9senter des niveaux de brillances diff\u00e9rents (dans des zones diff\u00e9rentes), en fonction du mat\u00e9riau sous-jacent. Par exemple, pour une peinture, certaines zones peuvent \u00eatre brillantes et d&rsquo;autres peuvent \u00eatre mates en fonction du type de peinture utilis\u00e9e par l&rsquo;artiste pour les diff\u00e9rentes couleurs. D&rsquo;autres pi\u00e8ces m\u00e9talliques ou des particules brillantes sont pr\u00e9sentes uniquement sur des zones sp\u00e9cifiques de l&rsquo;original (par exemple un parchemin avec des d\u00e9tails en or, un papier peint avec des taches brillantes, une pierre en marbre).<\/p>\n<p style=\"text-align: justify;\">La possibilit\u00e9 de capturer les diff\u00e9rents niveaux de brillance sur la surface d&rsquo;origine et de les cartographier permet de nombreuses, nouvelles applications ainsi qu&rsquo;une meilleure repr\u00e9sentation et une reproduction plus compl\u00e8te de l&rsquo;original num\u00e9ris\u00e9.<\/p>\n<p style=\"text-align: justify;\">Les utilisations possibles du \u00abGlossiness MAP\u00bb sont:<\/p>\n<ul>\n<li style=\"text-align: justify;\">dans le processus d&rsquo;impression, une finition brillante ou mate peut \u00eatre ajout\u00e9e selon la carte de brilliance, uniquement sur une zone localis\u00e9e de l&rsquo;impression;<\/li>\n<li style=\"text-align: justify;\">dans le processus d&rsquo;impression, des encres sp\u00e9ciales (ex. or, argent, etc.) peuvent \u00eatre utilis\u00e9es selon la carte de brilliance, uniquement sur des zones localis\u00e9e de l&rsquo;impression;<\/li>\n<li style=\"text-align: justify;\">Pour les applications CGI (rendu 3D, g\u00e9n\u00e9ration de biblioth\u00e8ques de mat\u00e9riaux 3D, etc.), la carte de brillance peut \u00eatre utilis\u00e9e pour imiter la r\u00e9ponse naturelle \u00e0 la lumi\u00e8re du mat\u00e9riau \/ original num\u00e9ris\u00e9.<\/li>\n<\/ul>\n<p>[\/vc_column_text][\/vc_column][vc_column width=\u00a0\u00bb1\/2&Prime; rt_wrp_col_paddings=\u00a0\u00bbfalse\u00a0\u00bb rt_border_top=\u00a0\u00bb\u00a0\u00bb rt_border_bottom=\u00a0\u00bb\u00a0\u00bb rt_border_left=\u00a0\u00bb\u00a0\u00bb rt_border_right=\u00a0\u00bb\u00a0\u00bb rt_border_top_mobile=\u00a0\u00bb\u00a0\u00bb rt_border_bottom_mobile=\u00a0\u00bb\u00a0\u00bb rt_border_left_mobile=\u00a0\u00bb\u00a0\u00bb rt_border_right_mobile=\u00a0\u00bb\u00a0\u00bb rt_bg_image_repeat=\u00a0\u00bbrepeat\u00a0\u00bb rt_bg_size=\u00a0\u00bbauto auto\u00a0\u00bb rt_bg_position=\u00a0\u00bbright top\u00a0\u00bb rt_bg_attachment=\u00a0\u00bbscroll\u00a0\u00bb][vc_column_text]<iframe loading=\"lazy\" width=\"100%\" height=\"315\" src=\"https:\/\/www.youtube-nocookie.com\/embed\/Xszs_bCoH-Q?rel=0&showinfo=0\" frameborder=\"0\" allowfullscreen><\/iframe>[\/vc_column_text][\/vc_column][\/vc_row]<\/p>\n","protected":false},"excerpt":{"rendered":"<p>[vc_row rt_row_background_width=\u00a0\u00bbfullwidth\u00a0\u00bb rt_row_content_width=\u00a0\u00bbdefault\u00a0\u00bb rt_row_style=\u00a0\u00bbdefault-style\u00a0\u00bb rt_row_borders=\u00a0\u00bb\u00a0\u00bb rt_row_paddings=\u00a0\u00bbtrue\u00a0\u00bb rt_bg_effect=\u00a0\u00bbclassic\u00a0\u00bb rt_bg_image_repeat=\u00a0\u00bbrepeat\u00a0\u00bb rt_bg_size=\u00a0\u00bbcover\u00a0\u00bb rt_bg_position=\u00a0\u00bbright top\u00a0\u00bb rt_bg_attachment=\u00a0\u00bbscroll\u00a0\u00bb rt_bg_video_format=\u00a0\u00bbself-hosted\u00a0\u00bb rt_padding_bottom=\u00a0\u00bb50&Prime; rt_padding_top=\u00a0\u00bb50&Prime;][vc_column width=\u00a0\u00bb1\/2&Prime; rt_wrp_col_paddings=\u00a0\u00bbfalse\u00a0\u00bb rt_border_top=\u00a0\u00bb\u00a0\u00bb rt_border_bottom=\u00a0\u00bb\u00a0\u00bb rt_border_left=\u00a0\u00bb\u00a0\u00bb rt_border_right=\u00a0\u00bb\u00a0\u00bb rt_border_top_mobile=\u00a0\u00bb\u00a0\u00bb rt_border_bottom_mobile=\u00a0\u00bb\u00a0\u00bb rt_border_left_mobile=\u00a0\u00bb\u00a0\u00bb rt_border_right_mobile=\u00a0\u00bb\u00a0\u00bb rt_bg_image_repeat=\u00a0\u00bbrepeat\u00a0\u00bb rt_bg_size=\u00a0\u00bbauto auto\u00a0\u00bb rt_bg_position=\u00a0\u00bbright top\u00a0\u00bb rt_bg_attachment=\u00a0\u00bbscroll\u00a0\u00bb][vc_column_text] Etre capable de num\u00e9riser des informations de brillances afin de les traduire en donn\u00e9es utilisables, est l&rsquo;une des derni\u00e8res r\u00e9alisations de METIS. Ceci est [&hellip;]<\/p>\n","protected":false},"author":3,"featured_media":10834,"parent":0,"menu_order":0,"comment_status":"closed","ping_status":"closed","template":"","meta":{"footnotes":""},"class_list":["post-6532","page","type-page","status-publish","has-post-thumbnail","hentry"],"yoast_head":"<!-- This site is optimized with the Yoast SEO plugin v24.2 - https:\/\/yoast.com\/wordpress\/plugins\/seo\/ -->\n<title>Glossiness Map - METIS Systems S.r.l. Technology<\/title>\n<meta name=\"description\" content=\"Being able to scan also Glossiness information and translate it into usable data is one of the latest METIS achievement. In fact, some originals may present\" \/>\n<meta name=\"robots\" content=\"index, follow, max-snippet:-1, max-image-preview:large, max-video-preview:-1\" \/>\n<link rel=\"canonical\" href=\"https:\/\/www.metis-group.com\/fr\/carte-de-brillance\" \/>\n<meta property=\"og:locale\" content=\"fr_FR\" \/>\n<meta property=\"og:type\" content=\"article\" \/>\n<meta property=\"og:title\" content=\"Glossiness Map - METIS Systems S.r.l. Technology\" \/>\n<meta property=\"og:description\" content=\"Being able to scan also Glossiness information and translate it into usable data is one of the latest METIS achievement. In fact, some originals may present\" \/>\n<meta property=\"og:url\" content=\"https:\/\/www.metis-group.com\/fr\/carte-de-brillance\" \/>\n<meta property=\"og:site_name\" content=\"METIS\" \/>\n<meta property=\"article:modified_time\" content=\"2020-03-30T20:54:54+00:00\" \/>\n<meta property=\"og:image\" content=\"https:\/\/www.metis-group.com\/wp-content\/uploads\/2020\/02\/06-Glossiness-INTRO-1.3.jpg\" \/>\n\t<meta property=\"og:image:width\" content=\"1920\" \/>\n\t<meta property=\"og:image:height\" content=\"640\" \/>\n\t<meta property=\"og:image:type\" content=\"image\/jpeg\" \/>\n<meta name=\"twitter:card\" content=\"summary_large_image\" \/>\n<meta name=\"twitter:label1\" content=\"Dur\u00e9e de lecture estim\u00e9e\" \/>\n\t<meta name=\"twitter:data1\" content=\"2 minutes\" \/>\n<script type=\"application\/ld+json\" class=\"yoast-schema-graph\">{\"@context\":\"https:\/\/schema.org\",\"@graph\":[{\"@type\":\"WebPage\",\"@id\":\"https:\/\/www.metis-group.com\/fr\/carte-de-brillance\",\"url\":\"https:\/\/www.metis-group.com\/fr\/carte-de-brillance\",\"name\":\"Glossiness Map - METIS Systems S.r.l. Technology\",\"isPartOf\":{\"@id\":\"https:\/\/www.metis-group.com\/#website\"},\"primaryImageOfPage\":{\"@id\":\"https:\/\/www.metis-group.com\/fr\/carte-de-brillance#primaryimage\"},\"image\":{\"@id\":\"https:\/\/www.metis-group.com\/fr\/carte-de-brillance#primaryimage\"},\"thumbnailUrl\":\"https:\/\/www.metis-group.com\/wp-content\/uploads\/2020\/02\/06-Glossiness-INTRO-1.3.jpg\",\"datePublished\":\"2018-12-21T11:46:47+00:00\",\"dateModified\":\"2020-03-30T20:54:54+00:00\",\"description\":\"Being able to scan also Glossiness information and translate it into usable data is one of the latest METIS achievement. In fact, some originals may present\",\"breadcrumb\":{\"@id\":\"https:\/\/www.metis-group.com\/fr\/carte-de-brillance#breadcrumb\"},\"inLanguage\":\"fr-FR\",\"potentialAction\":[{\"@type\":\"ReadAction\",\"target\":[\"https:\/\/www.metis-group.com\/fr\/carte-de-brillance\"]}]},{\"@type\":\"ImageObject\",\"inLanguage\":\"fr-FR\",\"@id\":\"https:\/\/www.metis-group.com\/fr\/carte-de-brillance#primaryimage\",\"url\":\"https:\/\/www.metis-group.com\/wp-content\/uploads\/2020\/02\/06-Glossiness-INTRO-1.3.jpg\",\"contentUrl\":\"https:\/\/www.metis-group.com\/wp-content\/uploads\/2020\/02\/06-Glossiness-INTRO-1.3.jpg\",\"width\":1920,\"height\":640,\"caption\":\"Exported from Metis Light Inspecto\"},{\"@type\":\"BreadcrumbList\",\"@id\":\"https:\/\/www.metis-group.com\/fr\/carte-de-brillance#breadcrumb\",\"itemListElement\":[{\"@type\":\"ListItem\",\"position\":1,\"name\":\"Home\",\"item\":\"https:\/\/www.metis-group.com\/fr\"},{\"@type\":\"ListItem\",\"position\":2,\"name\":\"Carte de brillance\"}]},{\"@type\":\"WebSite\",\"@id\":\"https:\/\/www.metis-group.com\/#website\",\"url\":\"https:\/\/www.metis-group.com\/\",\"name\":\"METIS\",\"description\":\"High Quality Scanners\",\"publisher\":{\"@id\":\"https:\/\/www.metis-group.com\/#organization\"},\"potentialAction\":[{\"@type\":\"SearchAction\",\"target\":{\"@type\":\"EntryPoint\",\"urlTemplate\":\"https:\/\/www.metis-group.com\/?s={search_term_string}\"},\"query-input\":{\"@type\":\"PropertyValueSpecification\",\"valueRequired\":true,\"valueName\":\"search_term_string\"}}],\"inLanguage\":\"fr-FR\"},{\"@type\":\"Organization\",\"@id\":\"https:\/\/www.metis-group.com\/#organization\",\"name\":\"Metis Systems srl\",\"url\":\"https:\/\/www.metis-group.com\/\",\"logo\":{\"@type\":\"ImageObject\",\"inLanguage\":\"fr-FR\",\"@id\":\"https:\/\/www.metis-group.com\/#\/schema\/logo\/image\/\",\"url\":\"\",\"contentUrl\":\"\",\"caption\":\"Metis Systems srl\"},\"image\":{\"@id\":\"https:\/\/www.metis-group.com\/#\/schema\/logo\/image\/\"},\"sameAs\":[\"https:\/\/www.youtube.com\/user\/MetisDigital\"]}]}<\/script>\n<!-- \/ Yoast SEO plugin. -->","yoast_head_json":{"title":"Glossiness Map - METIS Systems S.r.l. Technology","description":"Being able to scan also Glossiness information and translate it into usable data is one of the latest METIS achievement. In fact, some originals may present","robots":{"index":"index","follow":"follow","max-snippet":"max-snippet:-1","max-image-preview":"max-image-preview:large","max-video-preview":"max-video-preview:-1"},"canonical":"https:\/\/www.metis-group.com\/fr\/carte-de-brillance","og_locale":"fr_FR","og_type":"article","og_title":"Glossiness Map - METIS Systems S.r.l. Technology","og_description":"Being able to scan also Glossiness information and translate it into usable data is one of the latest METIS achievement. In fact, some originals may present","og_url":"https:\/\/www.metis-group.com\/fr\/carte-de-brillance","og_site_name":"METIS","article_modified_time":"2020-03-30T20:54:54+00:00","og_image":[{"width":1920,"height":640,"url":"https:\/\/www.metis-group.com\/wp-content\/uploads\/2020\/02\/06-Glossiness-INTRO-1.3.jpg","type":"image\/jpeg"}],"twitter_card":"summary_large_image","twitter_misc":{"Dur\u00e9e de lecture estim\u00e9e":"2 minutes"},"schema":{"@context":"https:\/\/schema.org","@graph":[{"@type":"WebPage","@id":"https:\/\/www.metis-group.com\/fr\/carte-de-brillance","url":"https:\/\/www.metis-group.com\/fr\/carte-de-brillance","name":"Glossiness Map - METIS Systems S.r.l. Technology","isPartOf":{"@id":"https:\/\/www.metis-group.com\/#website"},"primaryImageOfPage":{"@id":"https:\/\/www.metis-group.com\/fr\/carte-de-brillance#primaryimage"},"image":{"@id":"https:\/\/www.metis-group.com\/fr\/carte-de-brillance#primaryimage"},"thumbnailUrl":"https:\/\/www.metis-group.com\/wp-content\/uploads\/2020\/02\/06-Glossiness-INTRO-1.3.jpg","datePublished":"2018-12-21T11:46:47+00:00","dateModified":"2020-03-30T20:54:54+00:00","description":"Being able to scan also Glossiness information and translate it into usable data is one of the latest METIS achievement. In fact, some originals may present","breadcrumb":{"@id":"https:\/\/www.metis-group.com\/fr\/carte-de-brillance#breadcrumb"},"inLanguage":"fr-FR","potentialAction":[{"@type":"ReadAction","target":["https:\/\/www.metis-group.com\/fr\/carte-de-brillance"]}]},{"@type":"ImageObject","inLanguage":"fr-FR","@id":"https:\/\/www.metis-group.com\/fr\/carte-de-brillance#primaryimage","url":"https:\/\/www.metis-group.com\/wp-content\/uploads\/2020\/02\/06-Glossiness-INTRO-1.3.jpg","contentUrl":"https:\/\/www.metis-group.com\/wp-content\/uploads\/2020\/02\/06-Glossiness-INTRO-1.3.jpg","width":1920,"height":640,"caption":"Exported from Metis Light Inspecto"},{"@type":"BreadcrumbList","@id":"https:\/\/www.metis-group.com\/fr\/carte-de-brillance#breadcrumb","itemListElement":[{"@type":"ListItem","position":1,"name":"Home","item":"https:\/\/www.metis-group.com\/fr"},{"@type":"ListItem","position":2,"name":"Carte de brillance"}]},{"@type":"WebSite","@id":"https:\/\/www.metis-group.com\/#website","url":"https:\/\/www.metis-group.com\/","name":"METIS","description":"High Quality Scanners","publisher":{"@id":"https:\/\/www.metis-group.com\/#organization"},"potentialAction":[{"@type":"SearchAction","target":{"@type":"EntryPoint","urlTemplate":"https:\/\/www.metis-group.com\/?s={search_term_string}"},"query-input":{"@type":"PropertyValueSpecification","valueRequired":true,"valueName":"search_term_string"}}],"inLanguage":"fr-FR"},{"@type":"Organization","@id":"https:\/\/www.metis-group.com\/#organization","name":"Metis Systems srl","url":"https:\/\/www.metis-group.com\/","logo":{"@type":"ImageObject","inLanguage":"fr-FR","@id":"https:\/\/www.metis-group.com\/#\/schema\/logo\/image\/","url":"","contentUrl":"","caption":"Metis Systems srl"},"image":{"@id":"https:\/\/www.metis-group.com\/#\/schema\/logo\/image\/"},"sameAs":["https:\/\/www.youtube.com\/user\/MetisDigital"]}]}},"_links":{"self":[{"href":"https:\/\/www.metis-group.com\/fr\/wp-json\/wp\/v2\/pages\/6532","targetHints":{"allow":["GET"]}}],"collection":[{"href":"https:\/\/www.metis-group.com\/fr\/wp-json\/wp\/v2\/pages"}],"about":[{"href":"https:\/\/www.metis-group.com\/fr\/wp-json\/wp\/v2\/types\/page"}],"author":[{"embeddable":true,"href":"https:\/\/www.metis-group.com\/fr\/wp-json\/wp\/v2\/users\/3"}],"replies":[{"embeddable":true,"href":"https:\/\/www.metis-group.com\/fr\/wp-json\/wp\/v2\/comments?post=6532"}],"version-history":[{"count":7,"href":"https:\/\/www.metis-group.com\/fr\/wp-json\/wp\/v2\/pages\/6532\/revisions"}],"predecessor-version":[{"id":12411,"href":"https:\/\/www.metis-group.com\/fr\/wp-json\/wp\/v2\/pages\/6532\/revisions\/12411"}],"wp:featuredmedia":[{"embeddable":true,"href":"https:\/\/www.metis-group.com\/fr\/wp-json\/wp\/v2\/media\/10834"}],"wp:attachment":[{"href":"https:\/\/www.metis-group.com\/fr\/wp-json\/wp\/v2\/media?parent=6532"}],"curies":[{"name":"wp","href":"https:\/\/api.w.org\/{rel}","templated":true}]}}