{"id":11348,"date":"2020-02-17T17:17:07","date_gmt":"2020-02-17T17:17:07","guid":{"rendered":"https:\/\/www.metis-group.com\/?page_id=11348"},"modified":"2020-02-17T17:23:49","modified_gmt":"2020-02-17T17:23:49","slug":"alta-risoluzione-grandi-formati","status":"publish","type":"page","link":"https:\/\/www.metis-group.com\/it\/alta-risoluzione-grandi-formati","title":{"rendered":"Alta Risoluzione \/ Grandi Formati"},"content":{"rendered":"<p>[vc_row rt_row_background_width=&#8221;fullwidth&#8221; rt_row_content_width=&#8221;default&#8221; rt_row_style=&#8221;default-style&#8221; rt_row_borders=&#8221;&#8221; rt_row_paddings=&#8221;true&#8221; rt_bg_effect=&#8221;classic&#8221; rt_bg_image_repeat=&#8221;repeat&#8221; rt_bg_size=&#8221;cover&#8221; rt_bg_position=&#8221;right top&#8221; rt_bg_attachment=&#8221;scroll&#8221; rt_bg_video_format=&#8221;self-hosted&#8221; rt_padding_top=&#8221;50&#8243; rt_padding_bottom=&#8221;50&#8243;][vc_column rt_wrp_col_paddings=&#8221;false&#8221; rt_border_top=&#8221;&#8221; rt_border_bottom=&#8221;&#8221; rt_border_left=&#8221;&#8221; rt_border_right=&#8221;&#8221; rt_border_top_mobile=&#8221;&#8221; rt_border_bottom_mobile=&#8221;&#8221; rt_border_left_mobile=&#8221;&#8221; rt_border_right_mobile=&#8221;&#8221; rt_bg_image_repeat=&#8221;repeat&#8221; rt_bg_size=&#8221;auto auto&#8221; rt_bg_position=&#8221;right top&#8221; rt_bg_attachment=&#8221;scroll&#8221;][vc_column_text]<img decoding=\"async\" class=\"alignleft wp-image-3641\" style=\"margin-bottom: 10px;\" title=\"large formats scanner by Metis\" src=\"https:\/\/www.metis-group.com\/wp-content\/uploads\/2017\/06\/DSC0102-bw-960x640.jpg\" alt=\"\" width=\"50%\" srcset=\"https:\/\/www.metis-group.com\/wp-content\/uploads\/2017\/06\/DSC0102-bw-960x640.jpg 960w, https:\/\/www.metis-group.com\/wp-content\/uploads\/2017\/06\/DSC0102-bw-960x640-300x200.jpg 300w, https:\/\/www.metis-group.com\/wp-content\/uploads\/2017\/06\/DSC0102-bw-960x640-768x513.jpg 768w\" sizes=\"(max-width: 960px) 100vw, 960px\" \/><\/p>\n<p style=\"text-align: justify;\">Per scansionare <strong>dettagli molto fini<\/strong>,\u00a0specialmente su <strong>grandi formati<\/strong>, \u00e8 necessario un perfetto design ottico, meccanico e cinetico e quindi una perfetta implementazione.<\/p>\n<p style=\"text-align: justify;\">\u00c8 bene per\u00f2 tenere presente che la meccanica di alta precisione ha sempre un impatto sui costi e, quindi, non ci si possono aspettare le stesse prestazioni da qualsiasi dispositivo, nonostante le specifiche tecniche possano in alcuni casi sembrare simili. In effetti, anche il pi\u00f9 sottile compromesso ottico o meccanico pu\u00f2 avere un enorme impatto sul risultato finale.<\/p>\n<p style=\"text-align: justify;\">Questo \u00e8 vero non solo per gli scanner per immagini di grande formato ma per tutti i tipi di\u00a0apparecchiature\u00a0di\u00a0alta precisione\u00a0(ad esempio, macchine per incisione, stampanti digitali, etc.).<\/p>\n<p style=\"text-align: justify;\">Per questo motivo, nei nostri scanner utilizziamo solo le migliori soluzioni meccaniche ed ottiche disponibili per ottenere risultati senza compromessi e ci\u00f2 si riflette in scansioni impeccabili e perfettamente nitide su tutta l&#8217;area di scansione.<\/p>\n<p style=\"text-align: justify;\">Alcuni dati: il nostro scanner di punta, il\u00a0PM3D, pu\u00f2 fornire\u00a0<strong>pi\u00f9 di 10 GigaPixel<\/strong>\u00a0di informazioni ottiche reali e misurabili, ossia una risoluzione\/dati 100 volte superiore alla migliore fotocamera digitale attualmente in commercio.<\/p>\n<p style=\"text-align: justify;\">Il video seguente mostra un esempio delle\u00a0possibilit\u00e0 di scansione\u00a0ad <strong>Alta Risoluzione \/ Grande Formato<\/strong> dei prodotti METIS.<\/p>\n<p>[\/vc_column_text][\/vc_column][\/vc_row][vc_row rt_row_background_width=&#8221;fullwidth&#8221; rt_row_content_width=&#8221;fullwidth&#8221; rt_row_style=&#8221;alt-style-1&#8243; rt_row_borders=&#8221;&#8221; rt_row_paddings=&#8221;true&#8221; rt_bg_effect=&#8221;classic&#8221; rt_bg_image_repeat=&#8221;repeat&#8221; rt_bg_size=&#8221;cover&#8221; rt_bg_position=&#8221;right top&#8221; rt_bg_attachment=&#8221;scroll&#8221; rt_bg_video_format=&#8221;self-hosted&#8221; rt_padding_top=&#8221;50&#8243; rt_padding_bottom=&#8221;50&#8243;][vc_column width=&#8221;1\/4&#8243; rt_wrp_col_paddings=&#8221;false&#8221; rt_border_top=&#8221;&#8221; rt_border_bottom=&#8221;&#8221; rt_border_left=&#8221;&#8221; rt_border_right=&#8221;&#8221; rt_border_top_mobile=&#8221;&#8221; rt_border_bottom_mobile=&#8221;&#8221; rt_border_left_mobile=&#8221;&#8221; rt_border_right_mobile=&#8221;&#8221; rt_bg_image_repeat=&#8221;repeat&#8221; rt_bg_size=&#8221;auto auto&#8221; rt_bg_position=&#8221;right top&#8221; rt_bg_attachment=&#8221;scroll&#8221;][\/vc_column][vc_column width=&#8221;1\/2&#8243; rt_wrp_col_paddings=&#8221;false&#8221; rt_border_top=&#8221;&#8221; rt_border_bottom=&#8221;&#8221; rt_border_left=&#8221;&#8221; rt_border_right=&#8221;&#8221; rt_border_top_mobile=&#8221;&#8221; rt_border_bottom_mobile=&#8221;&#8221; rt_border_left_mobile=&#8221;&#8221; rt_border_right_mobile=&#8221;&#8221; rt_bg_image_repeat=&#8221;repeat&#8221; rt_bg_size=&#8221;auto auto&#8221; rt_bg_position=&#8221;right top&#8221; rt_bg_attachment=&#8221;scroll&#8221;][vc_column_text]<iframe loading=\"lazy\" width=\"100%\" height=\"315\" src=\"https:\/\/www.youtube-nocookie.com\/embed\/epFezqqsfTs?rel=0&showinfo=0\" frameborder=\"0\" allowfullscreen><\/iframe>[\/vc_column_text][\/vc_column][vc_column width=&#8221;1\/4&#8243; rt_wrp_col_paddings=&#8221;false&#8221; rt_border_top=&#8221;&#8221; rt_border_bottom=&#8221;&#8221; rt_border_left=&#8221;&#8221; rt_border_right=&#8221;&#8221; rt_border_top_mobile=&#8221;&#8221; rt_border_bottom_mobile=&#8221;&#8221; rt_border_left_mobile=&#8221;&#8221; rt_border_right_mobile=&#8221;&#8221; rt_bg_image_repeat=&#8221;repeat&#8221; rt_bg_size=&#8221;auto auto&#8221; rt_bg_position=&#8221;right top&#8221; rt_bg_attachment=&#8221;scroll&#8221;][\/vc_column][\/vc_row]<\/p>\n","protected":false},"excerpt":{"rendered":"<p>[vc_row rt_row_background_width=&#8221;fullwidth&#8221; rt_row_content_width=&#8221;default&#8221; rt_row_style=&#8221;default-style&#8221; rt_row_borders=&#8221;&#8221; rt_row_paddings=&#8221;true&#8221; rt_bg_effect=&#8221;classic&#8221; rt_bg_image_repeat=&#8221;repeat&#8221; rt_bg_size=&#8221;cover&#8221; rt_bg_position=&#8221;right top&#8221; rt_bg_attachment=&#8221;scroll&#8221; rt_bg_video_format=&#8221;self-hosted&#8221; rt_padding_top=&#8221;50&#8243; rt_padding_bottom=&#8221;50&#8243;][vc_column rt_wrp_col_paddings=&#8221;false&#8221; rt_border_top=&#8221;&#8221; rt_border_bottom=&#8221;&#8221; rt_border_left=&#8221;&#8221; rt_border_right=&#8221;&#8221; rt_border_top_mobile=&#8221;&#8221; rt_border_bottom_mobile=&#8221;&#8221; rt_border_left_mobile=&#8221;&#8221; rt_border_right_mobile=&#8221;&#8221; rt_bg_image_repeat=&#8221;repeat&#8221; rt_bg_size=&#8221;auto auto&#8221; rt_bg_position=&#8221;right top&#8221; rt_bg_attachment=&#8221;scroll&#8221;][vc_column_text] Per scansionare dettagli molto fini,\u00a0specialmente su grandi formati, \u00e8 necessario un perfetto design ottico, meccanico e cinetico e quindi una perfetta implementazione. \u00c8 bene per\u00f2 [&hellip;]<\/p>\n","protected":false},"author":3,"featured_media":0,"parent":0,"menu_order":0,"comment_status":"closed","ping_status":"closed","template":"","meta":{"footnotes":""},"class_list":["post-11348","page","type-page","status-publish","hentry"],"yoast_head":"<!-- This site is optimized with the Yoast SEO plugin v24.2 - https:\/\/yoast.com\/wordpress\/plugins\/seo\/ -->\n<title>Alta Risoluzione \/ Grandi Formati - METIS<\/title>\n<meta name=\"robots\" content=\"index, follow, max-snippet:-1, max-image-preview:large, max-video-preview:-1\" \/>\n<link rel=\"canonical\" href=\"https:\/\/www.metis-group.com\/it\/alta-risoluzione-grandi-formati\" \/>\n<meta property=\"og:locale\" content=\"it_IT\" \/>\n<meta property=\"og:type\" content=\"article\" \/>\n<meta property=\"og:title\" content=\"Alta Risoluzione \/ Grandi Formati - METIS\" \/>\n<meta property=\"og:description\" content=\"[vc_row rt_row_background_width=&#8221;fullwidth&#8221; rt_row_content_width=&#8221;default&#8221; rt_row_style=&#8221;default-style&#8221; rt_row_borders=&#8221;&#8221; rt_row_paddings=&#8221;true&#8221; rt_bg_effect=&#8221;classic&#8221; rt_bg_image_repeat=&#8221;repeat&#8221; rt_bg_size=&#8221;cover&#8221; rt_bg_position=&#8221;right top&#8221; rt_bg_attachment=&#8221;scroll&#8221; rt_bg_video_format=&#8221;self-hosted&#8221; rt_padding_top=&#8221;50&#8243; rt_padding_bottom=&#8221;50&#8243;][vc_column rt_wrp_col_paddings=&#8221;false&#8221; rt_border_top=&#8221;&#8221; rt_border_bottom=&#8221;&#8221; rt_border_left=&#8221;&#8221; rt_border_right=&#8221;&#8221; rt_border_top_mobile=&#8221;&#8221; rt_border_bottom_mobile=&#8221;&#8221; rt_border_left_mobile=&#8221;&#8221; rt_border_right_mobile=&#8221;&#8221; rt_bg_image_repeat=&#8221;repeat&#8221; rt_bg_size=&#8221;auto auto&#8221; rt_bg_position=&#8221;right top&#8221; rt_bg_attachment=&#8221;scroll&#8221;][vc_column_text] Per scansionare dettagli molto fini,\u00a0specialmente su grandi formati, \u00e8 necessario un perfetto design ottico, meccanico e cinetico e quindi una perfetta implementazione. \u00c8 bene per\u00f2 [&hellip;]\" \/>\n<meta property=\"og:url\" content=\"https:\/\/www.metis-group.com\/it\/alta-risoluzione-grandi-formati\" \/>\n<meta property=\"og:site_name\" content=\"METIS\" \/>\n<meta property=\"article:modified_time\" content=\"2020-02-17T17:23:49+00:00\" \/>\n<meta property=\"og:image\" content=\"https:\/\/www.metis-group.com\/wp-content\/uploads\/2017\/06\/DSC0102-bw-960x640.jpg\" \/>\n<meta name=\"twitter:card\" content=\"summary_large_image\" \/>\n<meta name=\"twitter:label1\" content=\"Tempo di lettura stimato\" \/>\n\t<meta name=\"twitter:data1\" content=\"3 minuti\" \/>\n<script type=\"application\/ld+json\" class=\"yoast-schema-graph\">{\"@context\":\"https:\/\/schema.org\",\"@graph\":[{\"@type\":\"WebPage\",\"@id\":\"https:\/\/www.metis-group.com\/it\/alta-risoluzione-grandi-formati\",\"url\":\"https:\/\/www.metis-group.com\/it\/alta-risoluzione-grandi-formati\",\"name\":\"Alta Risoluzione \/ Grandi Formati - METIS\",\"isPartOf\":{\"@id\":\"https:\/\/www.metis-group.com\/#website\"},\"primaryImageOfPage\":{\"@id\":\"https:\/\/www.metis-group.com\/it\/alta-risoluzione-grandi-formati#primaryimage\"},\"image\":{\"@id\":\"https:\/\/www.metis-group.com\/it\/alta-risoluzione-grandi-formati#primaryimage\"},\"thumbnailUrl\":\"https:\/\/www.metis-group.com\/wp-content\/uploads\/2017\/06\/DSC0102-bw-960x640.jpg\",\"datePublished\":\"2020-02-17T17:17:07+00:00\",\"dateModified\":\"2020-02-17T17:23:49+00:00\",\"breadcrumb\":{\"@id\":\"https:\/\/www.metis-group.com\/it\/alta-risoluzione-grandi-formati#breadcrumb\"},\"inLanguage\":\"it-IT\",\"potentialAction\":[{\"@type\":\"ReadAction\",\"target\":[\"https:\/\/www.metis-group.com\/it\/alta-risoluzione-grandi-formati\"]}]},{\"@type\":\"ImageObject\",\"inLanguage\":\"it-IT\",\"@id\":\"https:\/\/www.metis-group.com\/it\/alta-risoluzione-grandi-formati#primaryimage\",\"url\":\"https:\/\/www.metis-group.com\/wp-content\/uploads\/2017\/06\/DSC0102-bw-960x640.jpg\",\"contentUrl\":\"https:\/\/www.metis-group.com\/wp-content\/uploads\/2017\/06\/DSC0102-bw-960x640.jpg\"},{\"@type\":\"BreadcrumbList\",\"@id\":\"https:\/\/www.metis-group.com\/it\/alta-risoluzione-grandi-formati#breadcrumb\",\"itemListElement\":[{\"@type\":\"ListItem\",\"position\":1,\"name\":\"Home\",\"item\":\"https:\/\/www.metis-group.com\/it\"},{\"@type\":\"ListItem\",\"position\":2,\"name\":\"Alta Risoluzione \/ Grandi Formati\"}]},{\"@type\":\"WebSite\",\"@id\":\"https:\/\/www.metis-group.com\/#website\",\"url\":\"https:\/\/www.metis-group.com\/\",\"name\":\"METIS\",\"description\":\"High Quality Scanners\",\"publisher\":{\"@id\":\"https:\/\/www.metis-group.com\/#organization\"},\"potentialAction\":[{\"@type\":\"SearchAction\",\"target\":{\"@type\":\"EntryPoint\",\"urlTemplate\":\"https:\/\/www.metis-group.com\/?s={search_term_string}\"},\"query-input\":{\"@type\":\"PropertyValueSpecification\",\"valueRequired\":true,\"valueName\":\"search_term_string\"}}],\"inLanguage\":\"it-IT\"},{\"@type\":\"Organization\",\"@id\":\"https:\/\/www.metis-group.com\/#organization\",\"name\":\"Metis Systems srl\",\"url\":\"https:\/\/www.metis-group.com\/\",\"logo\":{\"@type\":\"ImageObject\",\"inLanguage\":\"it-IT\",\"@id\":\"https:\/\/www.metis-group.com\/#\/schema\/logo\/image\/\",\"url\":\"\",\"contentUrl\":\"\",\"caption\":\"Metis Systems srl\"},\"image\":{\"@id\":\"https:\/\/www.metis-group.com\/#\/schema\/logo\/image\/\"},\"sameAs\":[\"https:\/\/www.youtube.com\/user\/MetisDigital\"]}]}<\/script>\n<!-- \/ Yoast SEO plugin. -->","yoast_head_json":{"title":"Alta Risoluzione \/ Grandi Formati - METIS","robots":{"index":"index","follow":"follow","max-snippet":"max-snippet:-1","max-image-preview":"max-image-preview:large","max-video-preview":"max-video-preview:-1"},"canonical":"https:\/\/www.metis-group.com\/it\/alta-risoluzione-grandi-formati","og_locale":"it_IT","og_type":"article","og_title":"Alta Risoluzione \/ Grandi Formati - METIS","og_description":"[vc_row rt_row_background_width=&#8221;fullwidth&#8221; rt_row_content_width=&#8221;default&#8221; rt_row_style=&#8221;default-style&#8221; rt_row_borders=&#8221;&#8221; rt_row_paddings=&#8221;true&#8221; rt_bg_effect=&#8221;classic&#8221; rt_bg_image_repeat=&#8221;repeat&#8221; rt_bg_size=&#8221;cover&#8221; rt_bg_position=&#8221;right top&#8221; rt_bg_attachment=&#8221;scroll&#8221; rt_bg_video_format=&#8221;self-hosted&#8221; rt_padding_top=&#8221;50&#8243; rt_padding_bottom=&#8221;50&#8243;][vc_column rt_wrp_col_paddings=&#8221;false&#8221; rt_border_top=&#8221;&#8221; rt_border_bottom=&#8221;&#8221; rt_border_left=&#8221;&#8221; rt_border_right=&#8221;&#8221; rt_border_top_mobile=&#8221;&#8221; rt_border_bottom_mobile=&#8221;&#8221; rt_border_left_mobile=&#8221;&#8221; rt_border_right_mobile=&#8221;&#8221; rt_bg_image_repeat=&#8221;repeat&#8221; rt_bg_size=&#8221;auto auto&#8221; rt_bg_position=&#8221;right top&#8221; rt_bg_attachment=&#8221;scroll&#8221;][vc_column_text] Per scansionare dettagli molto fini,\u00a0specialmente su grandi formati, \u00e8 necessario un perfetto design ottico, meccanico e cinetico e quindi una perfetta implementazione. \u00c8 bene per\u00f2 [&hellip;]","og_url":"https:\/\/www.metis-group.com\/it\/alta-risoluzione-grandi-formati","og_site_name":"METIS","article_modified_time":"2020-02-17T17:23:49+00:00","og_image":[{"url":"https:\/\/www.metis-group.com\/wp-content\/uploads\/2017\/06\/DSC0102-bw-960x640.jpg","type":"","width":"","height":""}],"twitter_card":"summary_large_image","twitter_misc":{"Tempo di lettura stimato":"3 minuti"},"schema":{"@context":"https:\/\/schema.org","@graph":[{"@type":"WebPage","@id":"https:\/\/www.metis-group.com\/it\/alta-risoluzione-grandi-formati","url":"https:\/\/www.metis-group.com\/it\/alta-risoluzione-grandi-formati","name":"Alta Risoluzione \/ Grandi Formati - METIS","isPartOf":{"@id":"https:\/\/www.metis-group.com\/#website"},"primaryImageOfPage":{"@id":"https:\/\/www.metis-group.com\/it\/alta-risoluzione-grandi-formati#primaryimage"},"image":{"@id":"https:\/\/www.metis-group.com\/it\/alta-risoluzione-grandi-formati#primaryimage"},"thumbnailUrl":"https:\/\/www.metis-group.com\/wp-content\/uploads\/2017\/06\/DSC0102-bw-960x640.jpg","datePublished":"2020-02-17T17:17:07+00:00","dateModified":"2020-02-17T17:23:49+00:00","breadcrumb":{"@id":"https:\/\/www.metis-group.com\/it\/alta-risoluzione-grandi-formati#breadcrumb"},"inLanguage":"it-IT","potentialAction":[{"@type":"ReadAction","target":["https:\/\/www.metis-group.com\/it\/alta-risoluzione-grandi-formati"]}]},{"@type":"ImageObject","inLanguage":"it-IT","@id":"https:\/\/www.metis-group.com\/it\/alta-risoluzione-grandi-formati#primaryimage","url":"https:\/\/www.metis-group.com\/wp-content\/uploads\/2017\/06\/DSC0102-bw-960x640.jpg","contentUrl":"https:\/\/www.metis-group.com\/wp-content\/uploads\/2017\/06\/DSC0102-bw-960x640.jpg"},{"@type":"BreadcrumbList","@id":"https:\/\/www.metis-group.com\/it\/alta-risoluzione-grandi-formati#breadcrumb","itemListElement":[{"@type":"ListItem","position":1,"name":"Home","item":"https:\/\/www.metis-group.com\/it"},{"@type":"ListItem","position":2,"name":"Alta Risoluzione \/ Grandi Formati"}]},{"@type":"WebSite","@id":"https:\/\/www.metis-group.com\/#website","url":"https:\/\/www.metis-group.com\/","name":"METIS","description":"High Quality Scanners","publisher":{"@id":"https:\/\/www.metis-group.com\/#organization"},"potentialAction":[{"@type":"SearchAction","target":{"@type":"EntryPoint","urlTemplate":"https:\/\/www.metis-group.com\/?s={search_term_string}"},"query-input":{"@type":"PropertyValueSpecification","valueRequired":true,"valueName":"search_term_string"}}],"inLanguage":"it-IT"},{"@type":"Organization","@id":"https:\/\/www.metis-group.com\/#organization","name":"Metis Systems srl","url":"https:\/\/www.metis-group.com\/","logo":{"@type":"ImageObject","inLanguage":"it-IT","@id":"https:\/\/www.metis-group.com\/#\/schema\/logo\/image\/","url":"","contentUrl":"","caption":"Metis Systems srl"},"image":{"@id":"https:\/\/www.metis-group.com\/#\/schema\/logo\/image\/"},"sameAs":["https:\/\/www.youtube.com\/user\/MetisDigital"]}]}},"_links":{"self":[{"href":"https:\/\/www.metis-group.com\/it\/wp-json\/wp\/v2\/pages\/11348","targetHints":{"allow":["GET"]}}],"collection":[{"href":"https:\/\/www.metis-group.com\/it\/wp-json\/wp\/v2\/pages"}],"about":[{"href":"https:\/\/www.metis-group.com\/it\/wp-json\/wp\/v2\/types\/page"}],"author":[{"embeddable":true,"href":"https:\/\/www.metis-group.com\/it\/wp-json\/wp\/v2\/users\/3"}],"replies":[{"embeddable":true,"href":"https:\/\/www.metis-group.com\/it\/wp-json\/wp\/v2\/comments?post=11348"}],"version-history":[{"count":5,"href":"https:\/\/www.metis-group.com\/it\/wp-json\/wp\/v2\/pages\/11348\/revisions"}],"predecessor-version":[{"id":11356,"href":"https:\/\/www.metis-group.com\/it\/wp-json\/wp\/v2\/pages\/11348\/revisions\/11356"}],"wp:attachment":[{"href":"https:\/\/www.metis-group.com\/it\/wp-json\/wp\/v2\/media?parent=11348"}],"curies":[{"name":"wp","href":"https:\/\/api.w.org\/{rel}","templated":true}]}}