{"id":11362,"date":"2020-02-17T17:36:52","date_gmt":"2020-02-17T17:36:52","guid":{"rendered":"https:\/\/www.metis-group.com\/?page_id=11362"},"modified":"2020-02-17T17:39:25","modified_gmt":"2020-02-17T17:39:25","slug":"apparenza-visiva","status":"publish","type":"page","link":"https:\/\/www.metis-group.com\/it\/apparenza-visiva","title":{"rendered":"Apparenza Visiva"},"content":{"rendered":"<p>[vc_row rt_row_background_width=&#8221;fullwidth&#8221; rt_row_content_width=&#8221;default&#8221; rt_row_style=&#8221;default-style&#8221; rt_row_borders=&#8221;&#8221; rt_row_paddings=&#8221;true&#8221; rt_bg_effect=&#8221;classic&#8221; rt_bg_image_repeat=&#8221;repeat&#8221; rt_bg_size=&#8221;cover&#8221; rt_bg_position=&#8221;right top&#8221; rt_bg_attachment=&#8221;scroll&#8221; rt_bg_video_format=&#8221;self-hosted&#8221; rt_padding_top=&#8221;50&#8243; rt_padding_bottom=&#8221;50&#8243;][vc_column width=&#8221;1\/2&#8243; rt_wrp_col_paddings=&#8221;false&#8221; rt_border_top=&#8221;&#8221; rt_border_bottom=&#8221;&#8221; rt_border_left=&#8221;&#8221; rt_border_right=&#8221;&#8221; rt_border_top_mobile=&#8221;&#8221; rt_border_bottom_mobile=&#8221;&#8221; rt_border_left_mobile=&#8221;&#8221; rt_border_right_mobile=&#8221;&#8221; rt_bg_image_repeat=&#8221;repeat&#8221; rt_bg_size=&#8221;auto auto&#8221; rt_bg_position=&#8221;right top&#8221; rt_bg_attachment=&#8221;scroll&#8221;][vc_column_text]<\/p>\n<p style=\"text-align: justify;\">Quando osserviamo un oggetto \/ materiale \/ opera d\u2019arte, la nostra percezione di esso pu\u00f2 cambiare a seconda di molti fattori.\u00a0I pi\u00f9 importanti sono il punto di vista e le condizioni d\u2019illuminazione.<\/p>\n<p style=\"text-align: justify;\">In alcune applicazioni (ad es. nel Decor), ottenere la corretta percezione visiva \u00e8 importante quanto ottenere una perfetta fedelt\u00e0 colore ed una risoluzione ottimale, perch\u00e9 se non puoi catturare l&#8217;essenza del materiale non sarai in grado di riprodurlo correttamente o comunque di trasmettere la sensazione del materiale originale nelle immagini scansionate.<\/p>\n<p style=\"text-align: justify;\">In alcune applicazioni, ottenere la corretta apparenza visiva significa essere in grado di catturare anche la tridimensionalit\u00e0 del materiale (ad es. ottenere una &#8220;apparenza visiva 3D&#8221;);\u00a0in altri casi, significa essere in grado di distinguere tra area lucida ed opaca (ad esempio per far s\u00ec che i dettagli dorati brillino in modo naturale);\u00a0in altri casi, al contrario, si vuole un risultato molto piatto (ad es. nella riproduzione di un documento, in modo da massimizzare la leggibilit\u00e0 e ridurre al minimo l&#8217;impatto del materiale di sfondo).\u00a0Pertanto, una perfetta riproduzione \/ digitalizzazione pu\u00f2 essere ottenuta solo controllando e regolando l&#8217;aspetto visivo a seconda del materiale e dell&#8217;applicazione richiesta.<\/p>\n<p style=\"text-align: justify;\">Per questo motivo, una parte importante della tecnologia che progettiamo in METIS mira a fornire\u00a0<strong>una estesa personalizzazione dell&#8217;aspetto visivo<\/strong>.\u00a0Ci\u00f2 \u00e8 ottenuto principalmente attraverso il sistema di illuminazione brevettato dello scanner in combinazione con il software METIS Light Inspector che consente la valutazione <strong>in tempo reale<\/strong> di diversi aspetti visivi attraverso un esteso controllo della luce.<\/p>\n<p>[\/vc_column_text][\/vc_column][vc_column width=&#8221;1\/2&#8243; rt_wrp_col_paddings=&#8221;false&#8221; rt_border_top=&#8221;&#8221; rt_border_bottom=&#8221;&#8221; rt_border_left=&#8221;&#8221; rt_border_right=&#8221;&#8221; rt_border_top_mobile=&#8221;&#8221; rt_border_bottom_mobile=&#8221;&#8221; rt_border_left_mobile=&#8221;&#8221; rt_border_right_mobile=&#8221;&#8221; rt_bg_image_repeat=&#8221;repeat&#8221; rt_bg_size=&#8221;auto auto&#8221; rt_bg_position=&#8221;right top&#8221; rt_bg_attachment=&#8221;scroll&#8221;][vc_column_text]<iframe loading=\"lazy\" width=\"100%\" height=\"315\" src=\"https:\/\/www.youtube-nocookie.com\/embed\/494O48_mZEs?rel=0&showinfo=0\" frameborder=\"0\" allowfullscreen><\/iframe>[\/vc_column_text][\/vc_column][\/vc_row]<\/p>\n","protected":false},"excerpt":{"rendered":"<p>[vc_row rt_row_background_width=&#8221;fullwidth&#8221; rt_row_content_width=&#8221;default&#8221; rt_row_style=&#8221;default-style&#8221; rt_row_borders=&#8221;&#8221; rt_row_paddings=&#8221;true&#8221; rt_bg_effect=&#8221;classic&#8221; rt_bg_image_repeat=&#8221;repeat&#8221; rt_bg_size=&#8221;cover&#8221; rt_bg_position=&#8221;right top&#8221; rt_bg_attachment=&#8221;scroll&#8221; rt_bg_video_format=&#8221;self-hosted&#8221; rt_padding_top=&#8221;50&#8243; rt_padding_bottom=&#8221;50&#8243;][vc_column width=&#8221;1\/2&#8243; rt_wrp_col_paddings=&#8221;false&#8221; rt_border_top=&#8221;&#8221; rt_border_bottom=&#8221;&#8221; rt_border_left=&#8221;&#8221; rt_border_right=&#8221;&#8221; rt_border_top_mobile=&#8221;&#8221; rt_border_bottom_mobile=&#8221;&#8221; rt_border_left_mobile=&#8221;&#8221; rt_border_right_mobile=&#8221;&#8221; rt_bg_image_repeat=&#8221;repeat&#8221; rt_bg_size=&#8221;auto auto&#8221; rt_bg_position=&#8221;right top&#8221; rt_bg_attachment=&#8221;scroll&#8221;][vc_column_text] Quando osserviamo un oggetto \/ materiale \/ opera d\u2019arte, la nostra percezione di esso pu\u00f2 cambiare a seconda di molti fattori.\u00a0I pi\u00f9 importanti sono [&hellip;]<\/p>\n","protected":false},"author":3,"featured_media":10793,"parent":0,"menu_order":0,"comment_status":"closed","ping_status":"closed","template":"","meta":{"footnotes":""},"class_list":["post-11362","page","type-page","status-publish","has-post-thumbnail","hentry"],"yoast_head":"<!-- This site is optimized with the Yoast SEO plugin v24.2 - https:\/\/yoast.com\/wordpress\/plugins\/seo\/ -->\n<title>Apparenza Visiva - METIS<\/title>\n<meta name=\"robots\" content=\"index, follow, max-snippet:-1, max-image-preview:large, max-video-preview:-1\" \/>\n<link rel=\"canonical\" href=\"https:\/\/www.metis-group.com\/it\/apparenza-visiva\" \/>\n<meta property=\"og:locale\" content=\"it_IT\" \/>\n<meta property=\"og:type\" content=\"article\" \/>\n<meta property=\"og:title\" content=\"Apparenza Visiva - METIS\" \/>\n<meta property=\"og:description\" content=\"[vc_row rt_row_background_width=&#8221;fullwidth&#8221; rt_row_content_width=&#8221;default&#8221; rt_row_style=&#8221;default-style&#8221; rt_row_borders=&#8221;&#8221; rt_row_paddings=&#8221;true&#8221; rt_bg_effect=&#8221;classic&#8221; rt_bg_image_repeat=&#8221;repeat&#8221; rt_bg_size=&#8221;cover&#8221; rt_bg_position=&#8221;right top&#8221; rt_bg_attachment=&#8221;scroll&#8221; rt_bg_video_format=&#8221;self-hosted&#8221; rt_padding_top=&#8221;50&#8243; rt_padding_bottom=&#8221;50&#8243;][vc_column width=&#8221;1\/2&#8243; rt_wrp_col_paddings=&#8221;false&#8221; rt_border_top=&#8221;&#8221; rt_border_bottom=&#8221;&#8221; rt_border_left=&#8221;&#8221; rt_border_right=&#8221;&#8221; rt_border_top_mobile=&#8221;&#8221; rt_border_bottom_mobile=&#8221;&#8221; rt_border_left_mobile=&#8221;&#8221; rt_border_right_mobile=&#8221;&#8221; rt_bg_image_repeat=&#8221;repeat&#8221; rt_bg_size=&#8221;auto auto&#8221; rt_bg_position=&#8221;right top&#8221; rt_bg_attachment=&#8221;scroll&#8221;][vc_column_text] Quando osserviamo un oggetto \/ materiale \/ opera d\u2019arte, la nostra percezione di esso pu\u00f2 cambiare a seconda di molti fattori.\u00a0I pi\u00f9 importanti sono [&hellip;]\" \/>\n<meta property=\"og:url\" content=\"https:\/\/www.metis-group.com\/it\/apparenza-visiva\" \/>\n<meta property=\"og:site_name\" content=\"METIS\" \/>\n<meta property=\"article:modified_time\" content=\"2020-02-17T17:39:25+00:00\" \/>\n<meta property=\"og:image\" content=\"https:\/\/www.metis-group.com\/wp-content\/uploads\/2020\/02\/Visual-Appearance.jpg\" \/>\n\t<meta property=\"og:image:width\" content=\"1920\" \/>\n\t<meta property=\"og:image:height\" content=\"951\" \/>\n\t<meta property=\"og:image:type\" content=\"image\/jpeg\" \/>\n<meta name=\"twitter:card\" content=\"summary_large_image\" \/>\n<meta name=\"twitter:label1\" content=\"Tempo di lettura stimato\" \/>\n\t<meta name=\"twitter:data1\" content=\"2 minuti\" \/>\n<script type=\"application\/ld+json\" class=\"yoast-schema-graph\">{\"@context\":\"https:\/\/schema.org\",\"@graph\":[{\"@type\":\"WebPage\",\"@id\":\"https:\/\/www.metis-group.com\/it\/apparenza-visiva\",\"url\":\"https:\/\/www.metis-group.com\/it\/apparenza-visiva\",\"name\":\"Apparenza Visiva - METIS\",\"isPartOf\":{\"@id\":\"https:\/\/www.metis-group.com\/#website\"},\"primaryImageOfPage\":{\"@id\":\"https:\/\/www.metis-group.com\/it\/apparenza-visiva#primaryimage\"},\"image\":{\"@id\":\"https:\/\/www.metis-group.com\/it\/apparenza-visiva#primaryimage\"},\"thumbnailUrl\":\"https:\/\/www.metis-group.com\/wp-content\/uploads\/2020\/02\/Visual-Appearance.jpg\",\"datePublished\":\"2020-02-17T17:36:52+00:00\",\"dateModified\":\"2020-02-17T17:39:25+00:00\",\"breadcrumb\":{\"@id\":\"https:\/\/www.metis-group.com\/it\/apparenza-visiva#breadcrumb\"},\"inLanguage\":\"it-IT\",\"potentialAction\":[{\"@type\":\"ReadAction\",\"target\":[\"https:\/\/www.metis-group.com\/it\/apparenza-visiva\"]}]},{\"@type\":\"ImageObject\",\"inLanguage\":\"it-IT\",\"@id\":\"https:\/\/www.metis-group.com\/it\/apparenza-visiva#primaryimage\",\"url\":\"https:\/\/www.metis-group.com\/wp-content\/uploads\/2020\/02\/Visual-Appearance.jpg\",\"contentUrl\":\"https:\/\/www.metis-group.com\/wp-content\/uploads\/2020\/02\/Visual-Appearance.jpg\",\"width\":1920,\"height\":951,\"caption\":\"Exported from Metis Light Inspecto\"},{\"@type\":\"BreadcrumbList\",\"@id\":\"https:\/\/www.metis-group.com\/it\/apparenza-visiva#breadcrumb\",\"itemListElement\":[{\"@type\":\"ListItem\",\"position\":1,\"name\":\"Home\",\"item\":\"https:\/\/www.metis-group.com\/it\"},{\"@type\":\"ListItem\",\"position\":2,\"name\":\"Apparenza Visiva\"}]},{\"@type\":\"WebSite\",\"@id\":\"https:\/\/www.metis-group.com\/#website\",\"url\":\"https:\/\/www.metis-group.com\/\",\"name\":\"METIS\",\"description\":\"High Quality Scanners\",\"publisher\":{\"@id\":\"https:\/\/www.metis-group.com\/#organization\"},\"potentialAction\":[{\"@type\":\"SearchAction\",\"target\":{\"@type\":\"EntryPoint\",\"urlTemplate\":\"https:\/\/www.metis-group.com\/?s={search_term_string}\"},\"query-input\":{\"@type\":\"PropertyValueSpecification\",\"valueRequired\":true,\"valueName\":\"search_term_string\"}}],\"inLanguage\":\"it-IT\"},{\"@type\":\"Organization\",\"@id\":\"https:\/\/www.metis-group.com\/#organization\",\"name\":\"Metis Systems srl\",\"url\":\"https:\/\/www.metis-group.com\/\",\"logo\":{\"@type\":\"ImageObject\",\"inLanguage\":\"it-IT\",\"@id\":\"https:\/\/www.metis-group.com\/#\/schema\/logo\/image\/\",\"url\":\"\",\"contentUrl\":\"\",\"caption\":\"Metis Systems srl\"},\"image\":{\"@id\":\"https:\/\/www.metis-group.com\/#\/schema\/logo\/image\/\"},\"sameAs\":[\"https:\/\/www.youtube.com\/user\/MetisDigital\"]}]}<\/script>\n<!-- \/ Yoast SEO plugin. -->","yoast_head_json":{"title":"Apparenza Visiva - METIS","robots":{"index":"index","follow":"follow","max-snippet":"max-snippet:-1","max-image-preview":"max-image-preview:large","max-video-preview":"max-video-preview:-1"},"canonical":"https:\/\/www.metis-group.com\/it\/apparenza-visiva","og_locale":"it_IT","og_type":"article","og_title":"Apparenza Visiva - METIS","og_description":"[vc_row rt_row_background_width=&#8221;fullwidth&#8221; rt_row_content_width=&#8221;default&#8221; rt_row_style=&#8221;default-style&#8221; rt_row_borders=&#8221;&#8221; rt_row_paddings=&#8221;true&#8221; rt_bg_effect=&#8221;classic&#8221; rt_bg_image_repeat=&#8221;repeat&#8221; rt_bg_size=&#8221;cover&#8221; rt_bg_position=&#8221;right top&#8221; rt_bg_attachment=&#8221;scroll&#8221; rt_bg_video_format=&#8221;self-hosted&#8221; rt_padding_top=&#8221;50&#8243; rt_padding_bottom=&#8221;50&#8243;][vc_column width=&#8221;1\/2&#8243; rt_wrp_col_paddings=&#8221;false&#8221; rt_border_top=&#8221;&#8221; rt_border_bottom=&#8221;&#8221; rt_border_left=&#8221;&#8221; rt_border_right=&#8221;&#8221; rt_border_top_mobile=&#8221;&#8221; rt_border_bottom_mobile=&#8221;&#8221; rt_border_left_mobile=&#8221;&#8221; rt_border_right_mobile=&#8221;&#8221; rt_bg_image_repeat=&#8221;repeat&#8221; rt_bg_size=&#8221;auto auto&#8221; rt_bg_position=&#8221;right top&#8221; rt_bg_attachment=&#8221;scroll&#8221;][vc_column_text] Quando osserviamo un oggetto \/ materiale \/ opera d\u2019arte, la nostra percezione di esso pu\u00f2 cambiare a seconda di molti fattori.\u00a0I pi\u00f9 importanti sono [&hellip;]","og_url":"https:\/\/www.metis-group.com\/it\/apparenza-visiva","og_site_name":"METIS","article_modified_time":"2020-02-17T17:39:25+00:00","og_image":[{"width":1920,"height":951,"url":"https:\/\/www.metis-group.com\/wp-content\/uploads\/2020\/02\/Visual-Appearance.jpg","type":"image\/jpeg"}],"twitter_card":"summary_large_image","twitter_misc":{"Tempo di lettura stimato":"2 minuti"},"schema":{"@context":"https:\/\/schema.org","@graph":[{"@type":"WebPage","@id":"https:\/\/www.metis-group.com\/it\/apparenza-visiva","url":"https:\/\/www.metis-group.com\/it\/apparenza-visiva","name":"Apparenza Visiva - METIS","isPartOf":{"@id":"https:\/\/www.metis-group.com\/#website"},"primaryImageOfPage":{"@id":"https:\/\/www.metis-group.com\/it\/apparenza-visiva#primaryimage"},"image":{"@id":"https:\/\/www.metis-group.com\/it\/apparenza-visiva#primaryimage"},"thumbnailUrl":"https:\/\/www.metis-group.com\/wp-content\/uploads\/2020\/02\/Visual-Appearance.jpg","datePublished":"2020-02-17T17:36:52+00:00","dateModified":"2020-02-17T17:39:25+00:00","breadcrumb":{"@id":"https:\/\/www.metis-group.com\/it\/apparenza-visiva#breadcrumb"},"inLanguage":"it-IT","potentialAction":[{"@type":"ReadAction","target":["https:\/\/www.metis-group.com\/it\/apparenza-visiva"]}]},{"@type":"ImageObject","inLanguage":"it-IT","@id":"https:\/\/www.metis-group.com\/it\/apparenza-visiva#primaryimage","url":"https:\/\/www.metis-group.com\/wp-content\/uploads\/2020\/02\/Visual-Appearance.jpg","contentUrl":"https:\/\/www.metis-group.com\/wp-content\/uploads\/2020\/02\/Visual-Appearance.jpg","width":1920,"height":951,"caption":"Exported from Metis Light Inspecto"},{"@type":"BreadcrumbList","@id":"https:\/\/www.metis-group.com\/it\/apparenza-visiva#breadcrumb","itemListElement":[{"@type":"ListItem","position":1,"name":"Home","item":"https:\/\/www.metis-group.com\/it"},{"@type":"ListItem","position":2,"name":"Apparenza Visiva"}]},{"@type":"WebSite","@id":"https:\/\/www.metis-group.com\/#website","url":"https:\/\/www.metis-group.com\/","name":"METIS","description":"High Quality Scanners","publisher":{"@id":"https:\/\/www.metis-group.com\/#organization"},"potentialAction":[{"@type":"SearchAction","target":{"@type":"EntryPoint","urlTemplate":"https:\/\/www.metis-group.com\/?s={search_term_string}"},"query-input":{"@type":"PropertyValueSpecification","valueRequired":true,"valueName":"search_term_string"}}],"inLanguage":"it-IT"},{"@type":"Organization","@id":"https:\/\/www.metis-group.com\/#organization","name":"Metis Systems srl","url":"https:\/\/www.metis-group.com\/","logo":{"@type":"ImageObject","inLanguage":"it-IT","@id":"https:\/\/www.metis-group.com\/#\/schema\/logo\/image\/","url":"","contentUrl":"","caption":"Metis Systems srl"},"image":{"@id":"https:\/\/www.metis-group.com\/#\/schema\/logo\/image\/"},"sameAs":["https:\/\/www.youtube.com\/user\/MetisDigital"]}]}},"_links":{"self":[{"href":"https:\/\/www.metis-group.com\/it\/wp-json\/wp\/v2\/pages\/11362","targetHints":{"allow":["GET"]}}],"collection":[{"href":"https:\/\/www.metis-group.com\/it\/wp-json\/wp\/v2\/pages"}],"about":[{"href":"https:\/\/www.metis-group.com\/it\/wp-json\/wp\/v2\/types\/page"}],"author":[{"embeddable":true,"href":"https:\/\/www.metis-group.com\/it\/wp-json\/wp\/v2\/users\/3"}],"replies":[{"embeddable":true,"href":"https:\/\/www.metis-group.com\/it\/wp-json\/wp\/v2\/comments?post=11362"}],"version-history":[{"count":5,"href":"https:\/\/www.metis-group.com\/it\/wp-json\/wp\/v2\/pages\/11362\/revisions"}],"predecessor-version":[{"id":11370,"href":"https:\/\/www.metis-group.com\/it\/wp-json\/wp\/v2\/pages\/11362\/revisions\/11370"}],"wp:featuredmedia":[{"embeddable":true,"href":"https:\/\/www.metis-group.com\/it\/wp-json\/wp\/v2\/media\/10793"}],"wp:attachment":[{"href":"https:\/\/www.metis-group.com\/it\/wp-json\/wp\/v2\/media?parent=11362"}],"curies":[{"name":"wp","href":"https:\/\/api.w.org\/{rel}","templated":true}]}}