{"id":19518,"date":"2021-09-02T15:50:43","date_gmt":"2021-09-02T15:50:43","guid":{"rendered":"https:\/\/www.metis-group.com\/?page_id=19518"},"modified":"2024-12-17T11:54:57","modified_gmt":"2024-12-17T11:54:57","slug":"dati-aziendali-e-note-legali","status":"publish","type":"page","link":"https:\/\/www.metis-group.com\/it\/dati-aziendali-e-note-legali","title":{"rendered":"Dati aziendali e Note legali"},"content":{"rendered":"<p>[vc_row rt_row_background_width=&#8221;fullwidth&#8221; rt_row_content_width=&#8221;default&#8221; rt_row_style=&#8221;default-style&#8221; rt_row_borders=&#8221;&#8221; rt_row_paddings=&#8221;true&#8221; rt_bg_effect=&#8221;classic&#8221; rt_bg_image_repeat=&#8221;repeat&#8221; rt_bg_size=&#8221;cover&#8221; rt_bg_position=&#8221;right top&#8221; rt_bg_attachment=&#8221;scroll&#8221; rt_bg_video_format=&#8221;self-hosted&#8221; rt_padding_top=&#8221;50&#8243; rt_padding_bottom=&#8221;50&#8243;][vc_column rt_wrp_col_paddings=&#8221;false&#8221; rt_border_top=&#8221;&#8221; rt_border_bottom=&#8221;&#8221; rt_border_left=&#8221;&#8221; rt_border_right=&#8221;&#8221; rt_border_top_mobile=&#8221;&#8221; rt_border_bottom_mobile=&#8221;&#8221; rt_border_left_mobile=&#8221;&#8221; rt_border_right_mobile=&#8221;&#8221; rt_bg_image_repeat=&#8221;repeat&#8221; rt_bg_size=&#8221;auto auto&#8221; rt_bg_position=&#8221;right top&#8221; rt_bg_attachment=&#8221;scroll&#8221;][vc_single_image image=&#8221;17238&#8243; img_size=&#8221;medium&#8221; css_animation=&#8221;none&#8221;][vc_empty_space height=&#8221;10px&#8221;][vc_row_inner rt_row_style=&#8221;global-style&#8221; rt_row_borders=&#8221;&#8221; rt_row_paddings=&#8221;true&#8221; rt_bg_effect=&#8221;classic&#8221; rt_bg_image_repeat=&#8221;repeat&#8221; rt_bg_size=&#8221;cover&#8221; rt_bg_position=&#8221;right top&#8221; rt_bg_attachment=&#8221;scroll&#8221; rt_bg_video_format=&#8221;self-hosted&#8221;][vc_column_inner width=&#8221;1\/3&#8243; rt_wrp_col_paddings=&#8221;false&#8221; rt_border_top=&#8221;&#8221; rt_border_bottom=&#8221;&#8221; rt_border_left=&#8221;&#8221; rt_border_right=&#8221;&#8221; rt_border_top_mobile=&#8221;&#8221; rt_border_bottom_mobile=&#8221;&#8221; rt_border_left_mobile=&#8221;&#8221; rt_border_right_mobile=&#8221;&#8221; rt_bg_image_repeat=&#8221;repeat&#8221; rt_bg_size=&#8221;auto auto&#8221; rt_bg_position=&#8221;right top&#8221; rt_bg_attachment=&#8221;scroll&#8221;][vc_column_text css_animation=&#8221;none&#8221;]<\/p>\n<h5><strong>Nome e indirizzo<\/strong><\/h5>\n<p>METIS Systems S.r.l.<\/p>\n<p>Via del Fontanile Arenato 295, 00163 Roma \u2013 Italy<\/p>\n<h5><strong>Legale Rappresentante \/ CEO<\/strong><\/h5>\n<p>Sig.ra Silvia Colagrande[\/vc_column_text][\/vc_column_inner][vc_column_inner width=&#8221;1\/3&#8243; rt_wrp_col_paddings=&#8221;false&#8221; rt_border_top=&#8221;&#8221; rt_border_bottom=&#8221;&#8221; rt_border_left=&#8221;&#8221; rt_border_right=&#8221;&#8221; rt_border_top_mobile=&#8221;&#8221; rt_border_bottom_mobile=&#8221;&#8221; rt_border_left_mobile=&#8221;&#8221; rt_border_right_mobile=&#8221;&#8221; rt_bg_image_repeat=&#8221;repeat&#8221; rt_bg_size=&#8221;auto auto&#8221; rt_bg_position=&#8221;right top&#8221; rt_bg_attachment=&#8221;scroll&#8221;][vc_column_text css_animation=&#8221;none&#8221;]<\/p>\n<h5><strong>Dati di registrazione<\/strong><\/h5>\n<p>Registrazione: Camera di Commercio di Roma.<\/p>\n<p>Numero di registrazione: RM \u2013 935756<\/p>\n<h5><strong>Partita IVA<\/strong><\/h5>\n<p style=\"text-align: justify;\">IT-05889681002<\/p>\n<p>[\/vc_column_text][\/vc_column_inner][vc_column_inner width=&#8221;1\/3&#8243; rt_wrp_col_paddings=&#8221;false&#8221; rt_border_top=&#8221;&#8221; rt_border_bottom=&#8221;&#8221; rt_border_left=&#8221;&#8221; rt_border_right=&#8221;&#8221; rt_border_top_mobile=&#8221;&#8221; rt_border_bottom_mobile=&#8221;&#8221; rt_border_left_mobile=&#8221;&#8221; rt_border_right_mobile=&#8221;&#8221; rt_bg_image_repeat=&#8221;repeat&#8221; rt_bg_size=&#8221;auto auto&#8221; rt_bg_position=&#8221;right top&#8221; rt_bg_attachment=&#8221;scroll&#8221;][vc_column_text css_animation=&#8221;none&#8221;]<\/p>\n<h5><strong>Contatti METIS<\/strong><\/h5>\n<p>Tel.: +390666150066<\/p>\n<p>E-Mail: info@metis-group.com<\/p>\n<p>Web:\u00a0\u00a0 www.metis-group.com[\/vc_column_text][\/vc_column_inner][\/vc_row_inner][\/vc_column][\/vc_row][vc_row rt_row_background_width=&#8221;fullwidth&#8221; rt_row_content_width=&#8221;default&#8221; rt_row_style=&#8221;alt-style-1&#8243; rt_row_borders=&#8221;&#8221; rt_row_paddings=&#8221;true&#8221; rt_bg_effect=&#8221;classic&#8221; rt_bg_image_repeat=&#8221;repeat&#8221; rt_bg_size=&#8221;cover&#8221; rt_bg_position=&#8221;right top&#8221; rt_bg_attachment=&#8221;scroll&#8221; rt_bg_video_format=&#8221;self-hosted&#8221; rt_padding_top=&#8221;50&#8243; rt_padding_bottom=&#8221;50&#8243;][vc_column rt_wrp_col_paddings=&#8221;false&#8221; rt_border_top=&#8221;&#8221; rt_border_bottom=&#8221;&#8221; rt_border_left=&#8221;&#8221; rt_border_right=&#8221;&#8221; rt_border_top_mobile=&#8221;&#8221; rt_border_bottom_mobile=&#8221;&#8221; rt_border_left_mobile=&#8221;&#8221; rt_border_right_mobile=&#8221;&#8221; rt_bg_image_repeat=&#8221;repeat&#8221; rt_bg_size=&#8221;auto auto&#8221; rt_bg_position=&#8221;right top&#8221; rt_bg_attachment=&#8221;scroll&#8221;]<div class=\"rt_heading_wrapper style-4\">\n\t\t\t\t\t\t<h3 class=\"rt_heading  style-4\" >Note Legali<\/h3>\n\t\t\t\t\t<\/div>[vc_row_inner rt_row_style=&#8221;global-style&#8221; rt_row_borders=&#8221;&#8221; rt_row_paddings=&#8221;true&#8221; rt_bg_effect=&#8221;classic&#8221; rt_bg_image_repeat=&#8221;repeat&#8221; rt_bg_size=&#8221;cover&#8221; rt_bg_position=&#8221;right top&#8221; rt_bg_attachment=&#8221;scroll&#8221; rt_bg_video_format=&#8221;self-hosted&#8221;][vc_column_inner rt_wrp_col_paddings=&#8221;false&#8221; rt_border_top=&#8221;&#8221; rt_border_bottom=&#8221;&#8221; rt_border_left=&#8221;&#8221; rt_border_right=&#8221;&#8221; rt_border_top_mobile=&#8221;&#8221; rt_border_bottom_mobile=&#8221;&#8221; rt_border_left_mobile=&#8221;&#8221; rt_border_right_mobile=&#8221;&#8221; rt_bg_image_repeat=&#8221;repeat&#8221; rt_bg_size=&#8221;auto auto&#8221; rt_bg_position=&#8221;right top&#8221; rt_bg_attachment=&#8221;scroll&#8221; rt_padding_top=&#8221;5&#8243;][vc_column_text]<\/p>\n<h5 style=\"text-align: justify;\"><strong>1. ESCLUSIONE DI RESPONSABILIT\u00c0<\/strong><\/h5>\n<h6 style=\"text-align: justify;\"><strong>1.1<\/strong> <strong>Limitazione di responsabilit\u00e0 per i nostri contenuti<\/strong><\/h6>\n<p style=\"text-align: justify;\">Tutti i contenuti del nostro sito Web sono stati creati con cura e al meglio delle nostre conoscenze. Tuttavia, nessuna garanzia pu\u00f2 essere data per l&#8217;attualit\u00e0, la completezza e la correttezza di tutte le pagine. In qualit\u00e0 titolari del sito web, siamo responsabili dei nostri contenuti su queste pagine, ma non siamo obbligati a monitorare le informazioni di terze parti trasmesse o memorizzate o a indagare su circostanze che potrebbero indicare attivit\u00e0 illegali.<\/p>\n<h6 style=\"text-align: justify;\"><strong>1.2 Limitazione di responsabilit\u00e0 per i collegamenti esterni<\/strong><\/h6>\n<p style=\"text-align: justify;\">Il nostro sito web contiene i cosiddetti &#8220;link esterni&#8221; (ad es., link a siti web di terzi), sui cui contenuti non abbiamo alcuna influenza e per i quali non ci assumiamo quindi alcuna responsabilit\u00e0. Il rispettivo fornitore di informazioni del sito Web collegato \u00e8 responsabile del contenuto e della correttezza delle informazioni. Quando il collegamento \u00e8 stato creato, non sono state rilevate violazioni di legge. Qualora venissimo a conoscenza di una violazione di legge, il rispettivo collegamento verr\u00e0 rimosso da noi immediatamente. Non ci assumiamo responsabilit\u00e0 per l&#8217;eventuale trattamento dei dati personali da parte di terzi.<\/p>\n<h6 style=\"text-align: justify;\"><strong>1.3 Diritto d\u2019autore<\/strong><\/h6>\n<p style=\"text-align: justify;\">Tutto il contenuto di questo sito Web (in particolare testo, documenti, immagini, grafica, suoni, animazioni e video) e il loro arrangiamento sono soggetti alla protezione del diritto d\u2019autore e ad altre leggi di protezione. Il contenuto di questo sito web non pu\u00f2 essere copiato, diffuso, modificato o reso accessibile a terzi per scopi commerciali senza il previo consenso scritto del titolare dei diritti. Nel caso in cui siate a conoscenza di una violazione di copyright, vi chiediamo di informarci di conseguenza; nel qual caso, rimuoveremo immediatamente tali contenuti.<\/p>\n<h6 style=\"text-align: justify;\"><strong>1.4 Riservatezza<\/strong><\/h6>\n<p style=\"text-align: justify;\">La protezione dei tuoi dati personali \u00e8 la nostra priorit\u00e0. Ti invitiamo a leggere la nostra <a href=\"https:\/\/www.metis-group.com\/it\/politica-di-riservatezza-e-cookie\" target=\"_blank\" rel=\"noopener\">politica di Riservatezza e Cookie<\/a>.<\/p>\n<p style=\"text-align: justify;\">Sottolineiamo esplicitamente che la trasmissione di dati su Internet (ad es. Via e-mail) pu\u00f2 avere lacune di sicurezza. Non essendo possibile garantire una protezione completa dei dati contro l&#8217;accesso da parte di terzi, non possiamo accettare alcuna responsabilit\u00e0 per danni causati da tali lacune di sicurezza.<\/p>\n<p style=\"text-align: justify;\">\u00c8 espressamente vietato l&#8217;utilizzo per scopi pubblicitari da parte di terzi dei dati di contatto presenti sul sito. Ci riserviamo il diritto di intraprendere azioni legali nel caso in cui vengano inviate informazioni pubblicitarie non richieste, ad esempio tramite e-mail di spam.<\/p>\n<h5 style=\"text-align: justify;\"><strong>2. MARCHI E ALTRI SEGNI DISTINTIVI<\/strong><\/h5>\n<p style=\"text-align: justify;\">Salvo diversa indicazione, i marchi e gli altri segni distintivi utilizzati nel nostro sito web sono propriet\u00e0 intellettuale di METIS Systems S.r.l.<\/p>\n<h5 style=\"text-align: justify;\"><strong>3. NESSUNA LICENZA<\/strong><\/h5>\n<p style=\"text-align: justify;\">Tramite questo sito Web non viene concesso alcun tipo di licenza per l&#8217;utilizzo della propriet\u00e0 intellettuale (in particolare brevetti, marchi e diritti d&#8217;autore) di METIS Systems S.r.l., dei suoi titolari o di terzi.<\/p>\n<h5 style=\"text-align: justify;\"><strong>4. INFORMAZIONI SULLA RISOLUZIONE DELLE CONTROVERSIE ONLINE<\/strong><\/h5>\n<p style=\"text-align: justify;\">La Commissione europea ha istituito una piattaforma per la risoluzione delle controversie online (ODR). Questa piattaforma ha lo scopo di fungere da punto di contatto per la risoluzione extragiudiziale delle controversie relative agli obblighi contrattuali derivanti dai contratti di vendita online e dai contratti di servizio online.<\/p>\n<p style=\"text-align: justify;\">La piattaforma \u00e8 fornita su <a href=\"http:\/\/ec.europa.eu\/consumers\/odr\/\" target=\"_blank\" rel=\"noopener\">http:\/\/ec.europa.eu\/consumers\/odr\/<\/a>.<\/p>\n<p style=\"text-align: justify;\">METIS Systems S.r.l. non \u00e8 disposta n\u00e9 obbligata a partecipare ai procedimenti di risoluzione alternative delle controversie dinanzi agli organismi di risoluzione delle controversie dei consumatori.<\/p>\n<p>[\/vc_column_text][\/vc_column_inner][\/vc_row_inner][\/vc_column][\/vc_row]<\/p>\n","protected":false},"excerpt":{"rendered":"<p>[vc_row rt_row_background_width=&#8221;fullwidth&#8221; rt_row_content_width=&#8221;default&#8221; rt_row_style=&#8221;default-style&#8221; rt_row_borders=&#8221;&#8221; rt_row_paddings=&#8221;true&#8221; rt_bg_effect=&#8221;classic&#8221; rt_bg_image_repeat=&#8221;repeat&#8221; rt_bg_size=&#8221;cover&#8221; rt_bg_position=&#8221;right top&#8221; rt_bg_attachment=&#8221;scroll&#8221; rt_bg_video_format=&#8221;self-hosted&#8221; rt_padding_top=&#8221;50&#8243; rt_padding_bottom=&#8221;50&#8243;][vc_column rt_wrp_col_paddings=&#8221;false&#8221; rt_border_top=&#8221;&#8221; rt_border_bottom=&#8221;&#8221; rt_border_left=&#8221;&#8221; rt_border_right=&#8221;&#8221; rt_border_top_mobile=&#8221;&#8221; rt_border_bottom_mobile=&#8221;&#8221; rt_border_left_mobile=&#8221;&#8221; rt_border_right_mobile=&#8221;&#8221; rt_bg_image_repeat=&#8221;repeat&#8221; rt_bg_size=&#8221;auto auto&#8221; rt_bg_position=&#8221;right top&#8221; rt_bg_attachment=&#8221;scroll&#8221;][vc_single_image image=&#8221;17238&#8243; img_size=&#8221;medium&#8221; css_animation=&#8221;none&#8221;][vc_empty_space height=&#8221;10px&#8221;][vc_row_inner rt_row_style=&#8221;global-style&#8221; rt_row_borders=&#8221;&#8221; rt_row_paddings=&#8221;true&#8221; rt_bg_effect=&#8221;classic&#8221; rt_bg_image_repeat=&#8221;repeat&#8221; rt_bg_size=&#8221;cover&#8221; rt_bg_position=&#8221;right top&#8221; rt_bg_attachment=&#8221;scroll&#8221; rt_bg_video_format=&#8221;self-hosted&#8221;][vc_column_inner width=&#8221;1\/3&#8243; rt_wrp_col_paddings=&#8221;false&#8221; rt_border_top=&#8221;&#8221; rt_border_bottom=&#8221;&#8221; rt_border_left=&#8221;&#8221; rt_border_right=&#8221;&#8221; rt_border_top_mobile=&#8221;&#8221; rt_border_bottom_mobile=&#8221;&#8221; rt_border_left_mobile=&#8221;&#8221; rt_border_right_mobile=&#8221;&#8221; rt_bg_image_repeat=&#8221;repeat&#8221; [&hellip;]<\/p>\n","protected":false},"author":3,"featured_media":0,"parent":0,"menu_order":0,"comment_status":"closed","ping_status":"closed","template":"","meta":{"footnotes":""},"class_list":["post-19518","page","type-page","status-publish","hentry"],"yoast_head":"<!-- This site is optimized with the Yoast SEO plugin v24.2 - https:\/\/yoast.com\/wordpress\/plugins\/seo\/ -->\n<title>Dati aziendali e Note legali - METIS<\/title>\n<meta name=\"description\" content=\"METIS Systems s.r.l. - Dati aziendali e note legali\" \/>\n<meta name=\"robots\" content=\"index, follow, max-snippet:-1, max-image-preview:large, max-video-preview:-1\" \/>\n<link rel=\"canonical\" href=\"https:\/\/www.metis-group.com\/it\/dati-aziendali-e-note-legali\" \/>\n<meta property=\"og:locale\" content=\"it_IT\" \/>\n<meta property=\"og:type\" content=\"article\" \/>\n<meta property=\"og:title\" content=\"Dati aziendali e Note legali - METIS\" \/>\n<meta property=\"og:description\" content=\"METIS Systems s.r.l. - Dati aziendali e note legali\" \/>\n<meta property=\"og:url\" content=\"https:\/\/www.metis-group.com\/it\/dati-aziendali-e-note-legali\" \/>\n<meta property=\"og:site_name\" content=\"METIS\" \/>\n<meta property=\"article:modified_time\" content=\"2024-12-17T11:54:57+00:00\" \/>\n<meta name=\"twitter:card\" content=\"summary_large_image\" \/>\n<meta name=\"twitter:label1\" content=\"Tempo di lettura stimato\" \/>\n\t<meta name=\"twitter:data1\" content=\"4 minuti\" \/>\n<script type=\"application\/ld+json\" class=\"yoast-schema-graph\">{\"@context\":\"https:\/\/schema.org\",\"@graph\":[{\"@type\":\"WebPage\",\"@id\":\"https:\/\/www.metis-group.com\/it\/dati-aziendali-e-note-legali\",\"url\":\"https:\/\/www.metis-group.com\/it\/dati-aziendali-e-note-legali\",\"name\":\"Dati aziendali e Note legali - METIS\",\"isPartOf\":{\"@id\":\"https:\/\/www.metis-group.com\/#website\"},\"datePublished\":\"2021-09-02T15:50:43+00:00\",\"dateModified\":\"2024-12-17T11:54:57+00:00\",\"description\":\"METIS Systems s.r.l. - Dati aziendali e note legali\",\"breadcrumb\":{\"@id\":\"https:\/\/www.metis-group.com\/it\/dati-aziendali-e-note-legali#breadcrumb\"},\"inLanguage\":\"it-IT\",\"potentialAction\":[{\"@type\":\"ReadAction\",\"target\":[\"https:\/\/www.metis-group.com\/it\/dati-aziendali-e-note-legali\"]}]},{\"@type\":\"BreadcrumbList\",\"@id\":\"https:\/\/www.metis-group.com\/it\/dati-aziendali-e-note-legali#breadcrumb\",\"itemListElement\":[{\"@type\":\"ListItem\",\"position\":1,\"name\":\"Home\",\"item\":\"https:\/\/www.metis-group.com\/it\"},{\"@type\":\"ListItem\",\"position\":2,\"name\":\"Dati aziendali e Note legali\"}]},{\"@type\":\"WebSite\",\"@id\":\"https:\/\/www.metis-group.com\/#website\",\"url\":\"https:\/\/www.metis-group.com\/\",\"name\":\"METIS\",\"description\":\"High Quality Scanners\",\"publisher\":{\"@id\":\"https:\/\/www.metis-group.com\/#organization\"},\"potentialAction\":[{\"@type\":\"SearchAction\",\"target\":{\"@type\":\"EntryPoint\",\"urlTemplate\":\"https:\/\/www.metis-group.com\/?s={search_term_string}\"},\"query-input\":{\"@type\":\"PropertyValueSpecification\",\"valueRequired\":true,\"valueName\":\"search_term_string\"}}],\"inLanguage\":\"it-IT\"},{\"@type\":\"Organization\",\"@id\":\"https:\/\/www.metis-group.com\/#organization\",\"name\":\"Metis Systems srl\",\"url\":\"https:\/\/www.metis-group.com\/\",\"logo\":{\"@type\":\"ImageObject\",\"inLanguage\":\"it-IT\",\"@id\":\"https:\/\/www.metis-group.com\/#\/schema\/logo\/image\/\",\"url\":\"\",\"contentUrl\":\"\",\"caption\":\"Metis Systems srl\"},\"image\":{\"@id\":\"https:\/\/www.metis-group.com\/#\/schema\/logo\/image\/\"},\"sameAs\":[\"https:\/\/www.youtube.com\/user\/MetisDigital\"]}]}<\/script>\n<!-- \/ Yoast SEO plugin. -->","yoast_head_json":{"title":"Dati aziendali e Note legali - METIS","description":"METIS Systems s.r.l. - Dati aziendali e note legali","robots":{"index":"index","follow":"follow","max-snippet":"max-snippet:-1","max-image-preview":"max-image-preview:large","max-video-preview":"max-video-preview:-1"},"canonical":"https:\/\/www.metis-group.com\/it\/dati-aziendali-e-note-legali","og_locale":"it_IT","og_type":"article","og_title":"Dati aziendali e Note legali - METIS","og_description":"METIS Systems s.r.l. - Dati aziendali e note legali","og_url":"https:\/\/www.metis-group.com\/it\/dati-aziendali-e-note-legali","og_site_name":"METIS","article_modified_time":"2024-12-17T11:54:57+00:00","twitter_card":"summary_large_image","twitter_misc":{"Tempo di lettura stimato":"4 minuti"},"schema":{"@context":"https:\/\/schema.org","@graph":[{"@type":"WebPage","@id":"https:\/\/www.metis-group.com\/it\/dati-aziendali-e-note-legali","url":"https:\/\/www.metis-group.com\/it\/dati-aziendali-e-note-legali","name":"Dati aziendali e Note legali - METIS","isPartOf":{"@id":"https:\/\/www.metis-group.com\/#website"},"datePublished":"2021-09-02T15:50:43+00:00","dateModified":"2024-12-17T11:54:57+00:00","description":"METIS Systems s.r.l. - Dati aziendali e note legali","breadcrumb":{"@id":"https:\/\/www.metis-group.com\/it\/dati-aziendali-e-note-legali#breadcrumb"},"inLanguage":"it-IT","potentialAction":[{"@type":"ReadAction","target":["https:\/\/www.metis-group.com\/it\/dati-aziendali-e-note-legali"]}]},{"@type":"BreadcrumbList","@id":"https:\/\/www.metis-group.com\/it\/dati-aziendali-e-note-legali#breadcrumb","itemListElement":[{"@type":"ListItem","position":1,"name":"Home","item":"https:\/\/www.metis-group.com\/it"},{"@type":"ListItem","position":2,"name":"Dati aziendali e Note legali"}]},{"@type":"WebSite","@id":"https:\/\/www.metis-group.com\/#website","url":"https:\/\/www.metis-group.com\/","name":"METIS","description":"High Quality Scanners","publisher":{"@id":"https:\/\/www.metis-group.com\/#organization"},"potentialAction":[{"@type":"SearchAction","target":{"@type":"EntryPoint","urlTemplate":"https:\/\/www.metis-group.com\/?s={search_term_string}"},"query-input":{"@type":"PropertyValueSpecification","valueRequired":true,"valueName":"search_term_string"}}],"inLanguage":"it-IT"},{"@type":"Organization","@id":"https:\/\/www.metis-group.com\/#organization","name":"Metis Systems srl","url":"https:\/\/www.metis-group.com\/","logo":{"@type":"ImageObject","inLanguage":"it-IT","@id":"https:\/\/www.metis-group.com\/#\/schema\/logo\/image\/","url":"","contentUrl":"","caption":"Metis Systems srl"},"image":{"@id":"https:\/\/www.metis-group.com\/#\/schema\/logo\/image\/"},"sameAs":["https:\/\/www.youtube.com\/user\/MetisDigital"]}]}},"_links":{"self":[{"href":"https:\/\/www.metis-group.com\/it\/wp-json\/wp\/v2\/pages\/19518","targetHints":{"allow":["GET"]}}],"collection":[{"href":"https:\/\/www.metis-group.com\/it\/wp-json\/wp\/v2\/pages"}],"about":[{"href":"https:\/\/www.metis-group.com\/it\/wp-json\/wp\/v2\/types\/page"}],"author":[{"embeddable":true,"href":"https:\/\/www.metis-group.com\/it\/wp-json\/wp\/v2\/users\/3"}],"replies":[{"embeddable":true,"href":"https:\/\/www.metis-group.com\/it\/wp-json\/wp\/v2\/comments?post=19518"}],"version-history":[{"count":11,"href":"https:\/\/www.metis-group.com\/it\/wp-json\/wp\/v2\/pages\/19518\/revisions"}],"predecessor-version":[{"id":31739,"href":"https:\/\/www.metis-group.com\/it\/wp-json\/wp\/v2\/pages\/19518\/revisions\/31739"}],"wp:attachment":[{"href":"https:\/\/www.metis-group.com\/it\/wp-json\/wp\/v2\/media?parent=19518"}],"curies":[{"name":"wp","href":"https:\/\/api.w.org\/{rel}","templated":true}]}}